{"id":3307,"date":"2024-03-04T21:04:44","date_gmt":"2024-03-04T21:04:44","guid":{"rendered":"https:\/\/cabarplast.com\/plasticne-pravougaone-kade\/"},"modified":"2025-02-03T17:41:42","modified_gmt":"2025-02-03T17:41:42","slug":"rechteckige-kunststoffwannen","status":"publish","type":"page","link":"https:\/\/cabarplast.com\/de\/rechteckige-kunststoffwannen\/","title":{"rendered":"Rechteckige Kunststoffwannen"},"content":{"rendered":"<div class=\"wpb-content-wrapper\"><p>[vc_row][vc_column width=&#8220;1\/2&#8243;]<style type=\"text\/css\" data-type=\"the7_shortcodes-inline-css\">.gallery-carousel-shortcode.gallery-carousel-shortcode-id-eb08c8fb5e3ede04c74ca0c887c3e9b3 .owl-nav a {\n  width: 36px;\n  height: 36px;\n  border-radius: 500px;\n}\n.dt-arrow-border-on.gallery-carousel-shortcode.gallery-carousel-shortcode-id-eb08c8fb5e3ede04c74ca0c887c3e9b3 .owl-nav a:not(:hover):before {\n  border-width: 0px;\n}\n.dt-arrow-hover-border-on.gallery-carousel-shortcode.gallery-carousel-shortcode-id-eb08c8fb5e3ede04c74ca0c887c3e9b3 .owl-nav a:hover:after {\n  border-width: 0px;\n}\n.gallery-carousel-shortcode.gallery-carousel-shortcode-id-eb08c8fb5e3ede04c74ca0c887c3e9b3 .owl-nav a.owl-prev {\n  top: 50%;\n  transform: translateY(calc(-50% + 0px));\n  left: -43px;\n}\n@media all and (-ms-high-contrast: none) {\n  .gallery-carousel-shortcode.gallery-carousel-shortcode-id-eb08c8fb5e3ede04c74ca0c887c3e9b3 .owl-nav a.owl-prev {\n    transform: translateY(-50%);\n    margin-top: 0px;\n  }\n}\n.gallery-carousel-shortcode.gallery-carousel-shortcode-id-eb08c8fb5e3ede04c74ca0c887c3e9b3 .owl-nav a.owl-prev i {\n  padding: 0px 0px 0px 0px;\n}\n.gallery-carousel-shortcode.gallery-carousel-shortcode-id-eb08c8fb5e3ede04c74ca0c887c3e9b3 .owl-nav a.owl-next {\n  top: 50%;\n  transform: translateY(calc(-50% + 0px));\n  right: -43px;\n}\n@media all and (-ms-high-contrast: none) {\n  .gallery-carousel-shortcode.gallery-carousel-shortcode-id-eb08c8fb5e3ede04c74ca0c887c3e9b3 .owl-nav a.owl-next {\n    transform: translateY(-50%);\n    margin-top: 0px;\n  }\n}\n.gallery-carousel-shortcode.gallery-carousel-shortcode-id-eb08c8fb5e3ede04c74ca0c887c3e9b3 .owl-nav a.owl-next i {\n  padding: 0px 0px 0px 0px;\n}\n.gallery-carousel-shortcode.gallery-carousel-shortcode-id-eb08c8fb5e3ede04c74ca0c887c3e9b3 .owl-nav i {\n  font-size: 18px;\n}\n.gallery-carousel-shortcode.gallery-carousel-shortcode-id-eb08c8fb5e3ede04c74ca0c887c3e9b3 .owl-nav a:not(:hover) i,\n.gallery-carousel-shortcode.gallery-carousel-shortcode-id-eb08c8fb5e3ede04c74ca0c887c3e9b3 .owl-nav a:not(:hover) i:before {\n  color: #ffffff;\n  background: none;\n}\n.gallery-carousel-shortcode.gallery-carousel-shortcode-id-eb08c8fb5e3ede04c74ca0c887c3e9b3 .owl-nav a:hover i,\n.gallery-carousel-shortcode.gallery-carousel-shortcode-id-eb08c8fb5e3ede04c74ca0c887c3e9b3 .owl-nav a:hover i:before {\n  color: rgba(255,255,255,0.75);\n  background: none;\n}\n.gallery-carousel-shortcode.gallery-carousel-shortcode-id-eb08c8fb5e3ede04c74ca0c887c3e9b3 .owl-dots {\n  top: calc(100% + 20px);\n  left: 50%;\n  transform: translateX(calc(-50% + 0px));\n}\n@media all and (-ms-high-contrast: none) {\n  .gallery-carousel-shortcode.gallery-carousel-shortcode-id-eb08c8fb5e3ede04c74ca0c887c3e9b3 .owl-dots {\n    transform: translateX(-50%);\n    margin-left: 0px;\n  }\n}\n.gallery-carousel-shortcode.gallery-carousel-shortcode-id-eb08c8fb5e3ede04c74ca0c887c3e9b3 .owl-dot {\n  width: 10px;\n  height: 10px;\n  margin: 0 8px;\n}\n@media screen and (max-width: 778px) {\n  .gallery-carousel-shortcode.gallery-carousel-shortcode-id-eb08c8fb5e3ede04c74ca0c887c3e9b3.hide-arrows .owl-nav a {\n    display: none;\n  }\n}\n@media screen and (max-width: 778px) {\n  .gallery-carousel-shortcode.gallery-carousel-shortcode-id-eb08c8fb5e3ede04c74ca0c887c3e9b3.reposition-arrows .owl-nav .owl-prev {\n    top: 50%;\n    transform: translateY(calc(-50% + 0px));\n    left: 10px;\n  }\n  .gallery-carousel-shortcode.gallery-carousel-shortcode-id-eb08c8fb5e3ede04c74ca0c887c3e9b3.reposition-arrows .owl-nav .owl-next {\n    top: 50%;\n    transform: translateY(calc(-50% + 0px));\n    right: 10px;\n  }\n}\n@media screen and (max-width: 778px) and all and (-ms-high-contrast: none) {\n  .gallery-carousel-shortcode.gallery-carousel-shortcode-id-eb08c8fb5e3ede04c74ca0c887c3e9b3.reposition-arrows .owl-nav .owl-prev {\n    transform: translateY(-50%);\n    margin-top: 0px;\n  }\n}\n@media screen and (max-width: 778px) and all and (-ms-high-contrast: none) {\n  .gallery-carousel-shortcode.gallery-carousel-shortcode-id-eb08c8fb5e3ede04c74ca0c887c3e9b3.reposition-arrows .owl-nav .owl-next {\n    transform: translateY(-50%);\n    margin-top: 0px;\n  }\n}\n.gallery-carousel-shortcode.gallery-carousel-shortcode-id-eb08c8fb5e3ede04c74ca0c887c3e9b3 figure,\n.gallery-carousel-shortcode.gallery-carousel-shortcode-id-eb08c8fb5e3ede04c74ca0c887c3e9b3 .rollover,\n.gallery-carousel-shortcode.gallery-carousel-shortcode-id-eb08c8fb5e3ede04c74ca0c887c3e9b3 img,\n.gallery-carousel-shortcode.gallery-carousel-shortcode-id-eb08c8fb5e3ede04c74ca0c887c3e9b3 .gallery-rollover {\n  border-radius: 0px;\n}\n.gallery-carousel-shortcode.gallery-carousel-shortcode-id-eb08c8fb5e3ede04c74ca0c887c3e9b3.enable-bg-rollover .gallery-rollover {\n  background: -webkit-linear-gradient();\n  background: linear-gradient();\n}\n.gallery-carousel-shortcode.gallery-carousel-shortcode-id-eb08c8fb5e3ede04c74ca0c887c3e9b3.enable-img-shadow .owl-stage-outer {\n  padding: 14px 0;\n}\n.gallery-carousel-shortcode.gallery-carousel-shortcode-id-eb08c8fb5e3ede04c74ca0c887c3e9b3.enable-bg-rollover.hover-scale figure .rollover:after {\n  background: -webkit-linear-gradient();\n  background: linear-gradient();\n}\n.gallery-carousel-shortcode.gallery-carousel-shortcode-id-eb08c8fb5e3ede04c74ca0c887c3e9b3.gallery-shortcode .gallery-zoom-ico {\n  width: 44px;\n  height: 44px;\n  line-height: 44px;\n  border-radius: 100px;\n  margin: -22px 0 0 -22px;\n  border-width: 0px;\n}\n.dt-icon-bg-on.gallery-carousel-shortcode.gallery-carousel-shortcode-id-eb08c8fb5e3ede04c74ca0c887c3e9b3.gallery-shortcode .gallery-zoom-ico {\n  background: rgba(255,255,255,0.3);\n  box-shadow: none;\n}\n.gallery-carousel-shortcode.gallery-carousel-shortcode-id-eb08c8fb5e3ede04c74ca0c887c3e9b3.gallery-shortcode .gallery-zoom-ico:before,\n.gallery-carousel-shortcode.gallery-carousel-shortcode-id-eb08c8fb5e3ede04c74ca0c887c3e9b3.gallery-shortcode .gallery-zoom-ico span {\n  font-size: 32px;\n  line-height: 44px;\n  color: #ffffff;\n  background: none;\n}\n<\/style><div class=\"owl-carousel gallery-carousel-shortcode gallery-shortcode  dt-gallery-container dt-owl-carousel-call gallery-carousel-shortcode-id-eb08c8fb5e3ede04c74ca0c887c3e9b3 quick-scale-img enable-bg-rollover meta-info-off dt-arrow-border-on dt-arrow-hover-border-on bullets-small-dot-stroke reposition-arrows dt-icon-bg-off arrows-bg-on disable-arrows-hover-bg arrows-hover-bg-on  vc_custom_1738604499362 hover-fade \" data-scroll-mode=\"1\" data-col-num=\"1\" data-wide-col-num=\"1\" data-laptop-col=\"1\" data-h-tablet-columns-num=\"1\" data-v-tablet-columns-num=\"1\" data-phone-columns-num=\"1\" data-col-gap=\"10\" data-stage-padding=\"0\" data-speed=\"600\" data-autoplay=\"false\" data-autoplay_speed=\"6000\" data-arrows=\"true\" data-bullet=\"false\" data-next-icon=\"icon-ar-017-r\" data-prev-icon=\"icon-ar-017-l\" data-img-shadow-size=\"12px\" data-img-shadow-spread=\"3px\"><div data-post-id=\"3299\" data-date=\"2025-02-03T17:23:15+00:00\" data-name=\"Auffangwannen aus Kunststoff\"><figure class=\"post\"><a href=\"https:\/\/cabarplast.com\/wp-content\/uploads\/2025\/02\/Auffangwannen-aus-Kunststoff.jpg\" class=\"rollover dt-pswp-item layzr-bg\" data-large_image_width=\"1080\" data-large_image_height=\"1080\" data-dt-img-description=\"\" title=\"Auffangwannen aus Kunststoff\"><img fetchpriority=\"high\" decoding=\"async\" class=\"preload-me owl-lazy-load aspect\" src=\"data:image\/svg+xml,%3Csvg%20xmlns%3D&#39;http%3A%2F%2Fwww.w3.org%2F2000%2Fsvg&#39;%20viewBox%3D&#39;0%200%201080%201080&#39;%2F%3E\" data-src=\"https:\/\/cabarplast.com\/wp-content\/uploads\/2025\/02\/Auffangwannen-aus-Kunststoff.jpg\" data-srcset=\"https:\/\/cabarplast.com\/wp-content\/uploads\/2025\/02\/Auffangwannen-aus-Kunststoff.jpg 1080w\" loading=\"eager\" style=\"--ratio: 1080 \/ 1080\" sizes=\"(max-width: 1080px) 100vw, 1080px\" alt=\"\" width=\"1080\" height=\"1080\"  \/><span class=\"gallery-rollover\"><span class=\"gallery-zoom-ico icomoon-the7-font-the7-zoom-06\"><span><\/span><\/span><\/span><\/a><\/figure><\/div><\/div>[\/vc_column][vc_column width=&#8220;1\/2&#8243; css=&#8220;.vc_custom_1709676913300{border-left-width: 1px !important;padding-right: 30px !important;padding-left: 30px !important;border-left-color: #0e415f !important;border-left-style: solid !important;}&#8220;][vc_column_text css=&#8220;&#8220;]<\/p>\n<h1><strong>Rechteckige<\/strong> Kunststoffwannen<\/h1>\n<p>&nbsp;<\/p>\n<p>Kunststoffwannen, auch als rechteckige Tanks bekannt, sind Beh\u00e4lter aus hochdichtem Polyethylen (HDPE) oder Polypropylen (PP). Diese Wannen sind f\u00fcr eine Vielzahl von Anwendungen konzipiert, einschlie\u00dflich der Lagerung und Verarbeitung von Chemikalien, Galvanisierung, Phosphatierung sowie Prozessen wie der Fermentation. Dank ihrer chemischen Best\u00e4ndigkeit, UV-Stabilit\u00e4t und Langlebigkeit sind Kunststoffwannen ideal f\u00fcr den industriellen Einsatz, auch in Situationen, in denen zus\u00e4tzlicher Schutz gegen Lecks oder Versch\u00fcttungen von gef\u00e4hrlichen Stoffen erforderlich ist.<br \/>\n[\/vc_column_text][vc_empty_space height=&#8220;20&#8243;]<a href=\"https:\/\/cabarplast.com\/de\/kontaktinformationen-cabar-plast\/\" class=\"btn-shortcode dt-btn-m dt-btn default-btn-color default-btn-hover-color default-btn-bg-color default-btn-bg-hover-color\" id=\"dt-btn-1\"><span>Kontaktieren Sie uns<\/span><\/a>[\/vc_column][\/vc_row][vc_row][vc_column][vc_empty_space][vc_column_text css=&#8220;.vc_custom_1738603808258{padding-right: 30px !important;padding-left: 30px !important;}&#8220;]Neben zylindrischen Tanks, die horizontal oder vertikal sein k\u00f6nnen, erhalten wir h\u00e4ufig Sonderanfragen von unseren Kunden, die rechteckige Tanks oder rechteckige Kunststoffwannen ben\u00f6tigen.<\/p>\n<p>Das Interesse an diesen Arten und Formen von quadratischen Tanks r\u00fchrt von den Materialien Polypropylen und Polyethylen her, die UV-stabilisiert und best\u00e4ndig gegen chemische Einfl\u00fcsse sind und somit eine breite Anwendung in der Industrie finden. Die Lebensdauer einer solchen Wanne betr\u00e4gt mindestens 50 Jahre.<\/p>\n<p>Sie werden aufgrund ihrer Best\u00e4ndigkeit gegen verschiedene S\u00e4uren am h\u00e4ufigsten in der chemischen Industrie eingesetzt und h\u00e4ufig zur Auskleidung von Becken verwendet, die durch aggressive Substanzen besch\u00e4digt werden k\u00f6nnen oder in denen das Medium austritt.<br \/>\n[\/vc_column_text][vc_empty_space height=&#8220;50&#8243;][\/vc_column][\/vc_row][vc_row full_width=&#8220;stretch_row_content_no_spaces&#8220;][vc_column][vc_column_text]<img loading=\"lazy\" decoding=\"async\" class=\"aligncenter wp-image-232 size-full\" src=\"https:\/\/cabarplast.com\/wp-content\/uploads\/2024\/03\/footer-4.png\" alt=\"\" width=\"1919\" height=\"50\" srcset=\"https:\/\/cabarplast.com\/wp-content\/uploads\/2024\/03\/footer-4.png 1919w, https:\/\/cabarplast.com\/wp-content\/uploads\/2024\/03\/footer-4-300x8.png 300w, https:\/\/cabarplast.com\/wp-content\/uploads\/2024\/03\/footer-4-1024x27.png 1024w, https:\/\/cabarplast.com\/wp-content\/uploads\/2024\/03\/footer-4-768x20.png 768w, https:\/\/cabarplast.com\/wp-content\/uploads\/2024\/03\/footer-4-1536x40.png 1536w\" sizes=\"auto, (max-width: 1919px) 100vw, 1919px\" \/>[\/vc_column_text][\/vc_column][\/vc_row][vc_row full_width=&#8220;stretch_row&#8220; css=&#8220;.vc_custom_1709643894007{background-color: #0e415f !important;}&#8220;][vc_column][vc_column_text css=&#8220;.vc_custom_1738604275870{padding-right: 30px !important;padding-left: 30px !important;}&#8220;]<\/p>\n<h2><span style=\"color: #fcb426;\">Rechteckige Tanks &#8211; Verwendung<\/span><\/h2>\n<p><span style=\"color: #ffffff;\">Kunststoffwannen finden eine breite Anwendung in spezifischen industriellen Prozessen sowie in Sektoren wie dem Transportwesen:<\/span><\/p>\n<ul>\n<li><span style=\"color: #fcb426;\">LKW-Wannen<\/span><span style=\"color: #ffffff;\"> &#8211; Speziell entwickelte Wannen, die in Transportfahrzeugen zum sicheren Transport von Fl\u00fcssigkeiten, Chemikalien oder Abfallstoffen verwendet werden, um das Risiko von Leckagen oder Versch\u00fctten w\u00e4hrend des Transports zu minimieren.<br \/>\n<\/span><\/li>\n<li><span style=\"color: #fcb426;\">Kunststoffverchromung<\/span> <span style=\"color: #ffffff;\">&#8211; Wannen werden bei Kunststoffverchromungsprozessen eingesetzt, bei denen Kunststoffteile mit speziellen chemischen L\u00f6sungen behandelt werden, um eine gl\u00e4nzende, metallische Oberfl\u00e4che zu erzielen.<br \/>\n<\/span><\/li>\n<li><span style=\"color: #fcb426;\">Galvanisierwannen<\/span> <span style=\"color: #ffffff;\">&#8211; Bei Galvanisierungsprozessen halten Wannen Elektrolyte und erm\u00f6glichen das Eintauchen von Metallteilen, um eine sch\u00fctzende Zinkschicht zu erzeugen, die Korrosion verhindert.<br \/>\n<\/span><\/li>\n<li><span style=\"color: #fcb426;\">Kunststofftanks f\u00fcr Wasser<\/span><span style=\"color: #ffffff;\"> &#8211; Neben Wannen werden Kunststofftanks h\u00e4ufig zur Lagerung und Verteilung von Trinkwasser sowie zur Sammlung von Regenwasser eingesetzt.<\/span><\/li>\n<\/ul>\n<p>[\/vc_column_text][vc_empty_space height=&#8220;50&#8243;][\/vc_column][\/vc_row][vc_row full_width=&#8220;stretch_row&#8220; css=&#8220;.vc_custom_1709644275584{background-color: #efefef !important;}&#8220;][vc_column][vc_column_text css=&#8220;.vc_custom_1738604329468{padding-right: 30px !important;padding-left: 30px !important;}&#8220;]<\/p>\n<h2>Weitere spezifische Anwendungen sind:<\/h2>\n<ul>\n<li><strong>Vernickelungsbecken:<\/strong> Werden bei Vernickelungsprozessen verwendet, bei denen Metallteile mit Nickell\u00f6sungen behandelt werden, um die Korrosionsbest\u00e4ndigkeit und die \u00e4sthetischen Eigenschaften zu verbessern.<\/li>\n<li><strong>Wannen zur Lagerung aggressiver Fl\u00fcssigkeiten und S\u00e4uren:<\/strong> Erm\u00f6glichen die sichere Lagerung von Chemikalien, die korrosiv oder gef\u00e4hrlich sein k\u00f6nnen, und sch\u00fctzen die Umwelt und verhindern Kontaminationen.<\/li>\n<li><strong>Wannen f\u00fcr verschiedene Arten der Fermentation:<\/strong> Wie z. B. Wannen zum Sauerkraut Einlegen, wo ein kontrollierter Fermentationsprozess unter hygienischen und sicheren Bedingungen erm\u00f6glicht wird.<\/li>\n<li><strong>Phosphatierungsbecken:<\/strong> Werden in Phosphatierungsprozessen verwendet, die Teil der Vorbereitung von Metalloberfl\u00e4chen vor dem Lackieren sind, um die Lackhaftung und Korrosionsbest\u00e4ndigkeit zu verbessern.<\/li>\n<li><strong>Kunststoffwannen f\u00fcr die Verzinkung:<\/strong> Dienen zur Verzinkung kleinerer Metallteile und bieten eine sch\u00fctzende Zinkschicht, die das Metall vor Korrosion sch\u00fctzt.<\/li>\n<\/ul>\n<p>Diese Wannen erm\u00f6glichen einen effizienten, sicheren und umweltbewussten Umgang mit verschiedenen Materialien und Substanzen in der Industrie und passen sich den spezifischen Bed\u00fcrfnissen unterschiedlicher Prozesse und Anwendungen an.[\/vc_column_text][vc_empty_space][\/vc_column][\/vc_row][vc_row][vc_column][vc_column_text css=&#8220;.vc_custom_1738604353446{padding-top: 30px !important;padding-right: 30px !important;padding-bottom: 30px !important;padding-left: 30px !important;background-color: #0e415f !important;border-radius: 15px !important;}&#8220;]<\/p>\n<h3><span style=\"color: #fcb426;\">K\u00f6nnen rechteckige Kunststoffwannen bewegt werden?<\/span><\/h3>\n<p><span style=\"color: #ffffff;\">Wannen k\u00f6nnen entweder als fest stehende oder als mobile Ausf\u00fchrungen konzipiert werden, wobei mobile Wannen \u00fcber R\u00e4der verf\u00fcgen, die ein einfaches Bewegen innerhalb des Arbeitsbereichs erm\u00f6glichen. Diese Funktionalit\u00e4t ist besonders n\u00fctzlich in dynamischen Industrieumgebungen, in denen Flexibilit\u00e4t im Layout und Zugang zu Ger\u00e4ten erforderlich ist.<br \/>\n[\/vc_column_text][vc_empty_space][\/vc_column][\/vc_row][vc_row][vc_column][vc_column_text css=&#8220;.vc_custom_1738604410212{padding-right: 30px !important;padding-left: 30px !important;}&#8220;]<\/span><\/p>\n<h2>Abmessungen der rechteckigen Kunststoffwanne<\/h2>\n<p>Die Gr\u00f6\u00dfe und Kapazit\u00e4t der Wannen werden auf die spezifischen Anforderungen der Kunden zugeschnitten, d. h. sie k\u00f6nnen in einer Vielzahl von Abmessungen hergestellt werden, um unterschiedliche Bed\u00fcrfnisse hinsichtlich Kapazit\u00e4t und Platzangebot zu erf\u00fcllen. Zus\u00e4tzliche Funktionen wie Armaturen, Ventile oder Messskalen k\u00f6nnen in das Design integriert werden, um die Funktionalit\u00e4t und Benutzerfreundlichkeit zu erh\u00f6hen.<\/p>\n<p>In F\u00e4llen, in denen dies erforderlich ist, insbesondere bei gr\u00f6\u00dferen oder schwerer belasteten Wannen, kann die Struktur mit Metallprofilen verst\u00e4rkt werden. Diese zus\u00e4tzliche Verst\u00e4rkung gew\u00e4hrleistet die Stabilit\u00e4t und Langlebigkeit der Wannen, selbst unter rauen Arbeitsbedingungen wie hohen Dr\u00fccken, gro\u00dfen Fl\u00fcssigkeitsmengen oder h\u00e4ufigem Handling.<\/p>\n<p>Dank dieser Eigenschaften werden rechteckige Kunststoffwannen zu einem Schl\u00fcsselinstrument in der Metallverarbeitung und im Umgang mit Chemikalien und bieten eine zuverl\u00e4ssige L\u00f6sung, die den industriellen Qualit\u00e4ts- und Sicherheitsstandards entspricht.<\/p>\n<p>\u010cabar Plast zeichnet sich durch die Herstellung hochwertiger Kunststoffwannen aus, die in zwei Varianten erh\u00e4ltlich sind und auf unterschiedliche Bed\u00fcrfnisse und Anwendungen zugeschnitten sind:<br \/>\n[\/vc_column_text][vc_empty_space][\/vc_column][\/vc_row][vc_row][vc_column][vc_column_text css=&#8220;.vc_custom_1738604449730{padding-top: 30px !important;padding-right: 30px !important;padding-bottom: 30px !important;padding-left: 30px !important;background-color: #0e415f !important;border-radius: 15px !important;}&#8220;]<\/p>\n<h2><span style=\"color: #fcb426;\">Offene Wannen<\/span><\/h2>\n<p><span style=\"color: #ffffff;\">Die offenen Wannen von \u010cabar Plast stellen den Gipfel an Funktionalit\u00e4t und Zug\u00e4nglichkeit dar. Ohne Deckel erm\u00f6glichen diese Wannen einen schnellen und ungehinderten Zugriff auf den Inhalt und sind somit ideal f\u00fcr dynamische industrielle Prozesse, bei denen ein h\u00e4ufiges Handling von Materialien erforderlich ist. Ob zum Mischen von Chemikalien, Waschen von Teilen oder als G\u00e4rbeh\u00e4lter, ihre offene Struktur gew\u00e4hrleistet maximale Effizienz und Benutzerfreundlichkeit.<br \/>\n[\/vc_column_text][vc_empty_space][\/vc_column][\/vc_row][vc_row][vc_column][vc_column_text css=&#8220;.vc_custom_1738604469618{padding-top: 30px !important;padding-right: 30px !important;padding-bottom: 30px !important;padding-left: 30px !important;background-color: #efefef !important;border-radius: 15px !important;}&#8220;]<\/span><\/p>\n<h2>Geschlossene Wannen<\/h2>\n<p>Die geschlossenen Wannen bieten mit ihren robusten und sicheren Deckeln eine zus\u00e4tzliche Schutzschicht f\u00fcr gelagerte Materialien. Sie eignen sich perfekt f\u00fcr die Aufbewahrung empfindlicher oder wertvoller Materialien, die vor \u00e4u\u00dferen Einfl\u00fcssen wie Staub, Schmutz oder potenzieller Kontamination gesch\u00fctzt werden m\u00fcssen. Der Deckel sch\u00fctzt nicht nur den Inhalt, sondern minimiert auch das Risiko von Versch\u00fctten und Auslaufen, was geschlossene Wannen unter Laborbedingungen, in der Lebensmittelindustrie und beim Umgang mit gef\u00e4hrlichen Stoffen unerl\u00e4sslich macht.<br \/>\n[\/vc_column_text][vc_empty_space][\/vc_column][\/vc_row][vc_row full_width=&#8220;stretch_row_content_no_spaces&#8220;][vc_column][vc_column_text]<img loading=\"lazy\" decoding=\"async\" class=\"aligncenter wp-image-232 size-full\" src=\"https:\/\/cabarplast.com\/wp-content\/uploads\/2024\/03\/footer-4.png\" alt=\"\" width=\"1919\" height=\"50\" srcset=\"https:\/\/cabarplast.com\/wp-content\/uploads\/2024\/03\/footer-4.png 1919w, https:\/\/cabarplast.com\/wp-content\/uploads\/2024\/03\/footer-4-300x8.png 300w, https:\/\/cabarplast.com\/wp-content\/uploads\/2024\/03\/footer-4-1024x27.png 1024w, https:\/\/cabarplast.com\/wp-content\/uploads\/2024\/03\/footer-4-768x20.png 768w, https:\/\/cabarplast.com\/wp-content\/uploads\/2024\/03\/footer-4-1536x40.png 1536w\" sizes=\"auto, (max-width: 1919px) 100vw, 1919px\" \/>[\/vc_column_text][\/vc_column][\/vc_row]<\/p>\n<\/div>","protected":false},"excerpt":{"rendered":"<p>[vc_row][vc_column width=&#8220;1\/2&#8243;][\/vc_column][vc_column width=&#8220;1\/2&#8243; css=&#8220;.vc_custom_1709676913300{border-left-width: 1px !important;padding-right: 30px !important;padding-left: 30px !important;border-left-color: #0e415f !important;border-left-style: solid !important;}&#8220;][vc_column_text css=&#8220;&#8220;] Rechteckige Kunststoffwannen &nbsp; Kunststoffwannen, auch als rechteckige Tanks bekannt, sind Beh\u00e4lter aus hochdichtem Polyethylen (HDPE) oder Polypropylen (PP). Diese Wannen sind f\u00fcr eine Vielzahl von Anwendungen konzipiert, einschlie\u00dflich der Lagerung und Verarbeitung von Chemikalien, Galvanisierung, Phosphatierung sowie Prozessen wie der&hellip;<\/p>\n","protected":false},"author":1,"featured_media":0,"parent":0,"menu_order":0,"comment_status":"closed","ping_status":"closed","template":"","meta":{"footnotes":""},"class_list":["post-3307","page","type-page","status-publish","hentry","description-off"],"_links":{"self":[{"href":"https:\/\/cabarplast.com\/de\/wp-json\/wp\/v2\/pages\/3307","targetHints":{"allow":["GET"]}}],"collection":[{"href":"https:\/\/cabarplast.com\/de\/wp-json\/wp\/v2\/pages"}],"about":[{"href":"https:\/\/cabarplast.com\/de\/wp-json\/wp\/v2\/types\/page"}],"author":[{"embeddable":true,"href":"https:\/\/cabarplast.com\/de\/wp-json\/wp\/v2\/users\/1"}],"replies":[{"embeddable":true,"href":"https:\/\/cabarplast.com\/de\/wp-json\/wp\/v2\/comments?post=3307"}],"version-history":[{"count":5,"href":"https:\/\/cabarplast.com\/de\/wp-json\/wp\/v2\/pages\/3307\/revisions"}],"predecessor-version":[{"id":3312,"href":"https:\/\/cabarplast.com\/de\/wp-json\/wp\/v2\/pages\/3307\/revisions\/3312"}],"wp:attachment":[{"href":"https:\/\/cabarplast.com\/de\/wp-json\/wp\/v2\/media?parent=3307"}],"curies":[{"name":"wp","href":"https:\/\/api.w.org\/{rel}","templated":true}]}}