{"id":3293,"date":"2024-03-04T21:05:02","date_gmt":"2024-03-04T21:05:02","guid":{"rendered":"https:\/\/cabarplast.com\/plasticne-tankvane\/"},"modified":"2025-02-03T17:24:19","modified_gmt":"2025-02-03T17:24:19","slug":"auffangwannen-aus-kunststoff","status":"publish","type":"page","link":"https:\/\/cabarplast.com\/de\/auffangwannen-aus-kunststoff\/","title":{"rendered":"Auffangwannen aus Kunststoff"},"content":{"rendered":"<div class=\"wpb-content-wrapper\"><p>[vc_row][vc_column width=&#8220;1\/2&#8243;]<style type=\"text\/css\" data-type=\"the7_shortcodes-inline-css\">.gallery-carousel-shortcode.gallery-carousel-shortcode-id-ef2ad4fc3d93412968e74901d9413def .owl-nav a {\n  width: 36px;\n  height: 36px;\n  border-radius: 500px;\n}\n.dt-arrow-border-on.gallery-carousel-shortcode.gallery-carousel-shortcode-id-ef2ad4fc3d93412968e74901d9413def .owl-nav a:not(:hover):before {\n  border-width: 0px;\n}\n.dt-arrow-hover-border-on.gallery-carousel-shortcode.gallery-carousel-shortcode-id-ef2ad4fc3d93412968e74901d9413def .owl-nav a:hover:after {\n  border-width: 0px;\n}\n.gallery-carousel-shortcode.gallery-carousel-shortcode-id-ef2ad4fc3d93412968e74901d9413def .owl-nav a.owl-prev {\n  top: 50%;\n  transform: translateY(calc(-50% + 0px));\n  left: -43px;\n}\n@media all and (-ms-high-contrast: none) {\n  .gallery-carousel-shortcode.gallery-carousel-shortcode-id-ef2ad4fc3d93412968e74901d9413def .owl-nav a.owl-prev {\n    transform: translateY(-50%);\n    margin-top: 0px;\n  }\n}\n.gallery-carousel-shortcode.gallery-carousel-shortcode-id-ef2ad4fc3d93412968e74901d9413def .owl-nav a.owl-prev i {\n  padding: 0px 0px 0px 0px;\n}\n.gallery-carousel-shortcode.gallery-carousel-shortcode-id-ef2ad4fc3d93412968e74901d9413def .owl-nav a.owl-next {\n  top: 50%;\n  transform: translateY(calc(-50% + 0px));\n  right: -43px;\n}\n@media all and (-ms-high-contrast: none) {\n  .gallery-carousel-shortcode.gallery-carousel-shortcode-id-ef2ad4fc3d93412968e74901d9413def .owl-nav a.owl-next {\n    transform: translateY(-50%);\n    margin-top: 0px;\n  }\n}\n.gallery-carousel-shortcode.gallery-carousel-shortcode-id-ef2ad4fc3d93412968e74901d9413def .owl-nav a.owl-next i {\n  padding: 0px 0px 0px 0px;\n}\n.gallery-carousel-shortcode.gallery-carousel-shortcode-id-ef2ad4fc3d93412968e74901d9413def .owl-nav i {\n  font-size: 18px;\n}\n.gallery-carousel-shortcode.gallery-carousel-shortcode-id-ef2ad4fc3d93412968e74901d9413def .owl-nav a:not(:hover) i,\n.gallery-carousel-shortcode.gallery-carousel-shortcode-id-ef2ad4fc3d93412968e74901d9413def .owl-nav a:not(:hover) i:before {\n  color: #ffffff;\n  background: none;\n}\n.gallery-carousel-shortcode.gallery-carousel-shortcode-id-ef2ad4fc3d93412968e74901d9413def .owl-nav a:hover i,\n.gallery-carousel-shortcode.gallery-carousel-shortcode-id-ef2ad4fc3d93412968e74901d9413def .owl-nav a:hover i:before {\n  color: rgba(255,255,255,0.75);\n  background: none;\n}\n.gallery-carousel-shortcode.gallery-carousel-shortcode-id-ef2ad4fc3d93412968e74901d9413def .owl-dots {\n  top: calc(100% + 20px);\n  left: 50%;\n  transform: translateX(calc(-50% + 0px));\n}\n@media all and (-ms-high-contrast: none) {\n  .gallery-carousel-shortcode.gallery-carousel-shortcode-id-ef2ad4fc3d93412968e74901d9413def .owl-dots {\n    transform: translateX(-50%);\n    margin-left: 0px;\n  }\n}\n.gallery-carousel-shortcode.gallery-carousel-shortcode-id-ef2ad4fc3d93412968e74901d9413def .owl-dot {\n  width: 10px;\n  height: 10px;\n  margin: 0 8px;\n}\n@media screen and (max-width: 778px) {\n  .gallery-carousel-shortcode.gallery-carousel-shortcode-id-ef2ad4fc3d93412968e74901d9413def.hide-arrows .owl-nav a {\n    display: none;\n  }\n}\n@media screen and (max-width: 778px) {\n  .gallery-carousel-shortcode.gallery-carousel-shortcode-id-ef2ad4fc3d93412968e74901d9413def.reposition-arrows .owl-nav .owl-prev {\n    top: 50%;\n    transform: translateY(calc(-50% + 0px));\n    left: 10px;\n  }\n  .gallery-carousel-shortcode.gallery-carousel-shortcode-id-ef2ad4fc3d93412968e74901d9413def.reposition-arrows .owl-nav .owl-next {\n    top: 50%;\n    transform: translateY(calc(-50% + 0px));\n    right: 10px;\n  }\n}\n@media screen and (max-width: 778px) and all and (-ms-high-contrast: none) {\n  .gallery-carousel-shortcode.gallery-carousel-shortcode-id-ef2ad4fc3d93412968e74901d9413def.reposition-arrows .owl-nav .owl-prev {\n    transform: translateY(-50%);\n    margin-top: 0px;\n  }\n}\n@media screen and (max-width: 778px) and all and (-ms-high-contrast: none) {\n  .gallery-carousel-shortcode.gallery-carousel-shortcode-id-ef2ad4fc3d93412968e74901d9413def.reposition-arrows .owl-nav .owl-next {\n    transform: translateY(-50%);\n    margin-top: 0px;\n  }\n}\n.gallery-carousel-shortcode.gallery-carousel-shortcode-id-ef2ad4fc3d93412968e74901d9413def figure,\n.gallery-carousel-shortcode.gallery-carousel-shortcode-id-ef2ad4fc3d93412968e74901d9413def .rollover,\n.gallery-carousel-shortcode.gallery-carousel-shortcode-id-ef2ad4fc3d93412968e74901d9413def img,\n.gallery-carousel-shortcode.gallery-carousel-shortcode-id-ef2ad4fc3d93412968e74901d9413def .gallery-rollover {\n  border-radius: 0px;\n}\n.gallery-carousel-shortcode.gallery-carousel-shortcode-id-ef2ad4fc3d93412968e74901d9413def.enable-bg-rollover .gallery-rollover {\n  background: -webkit-linear-gradient();\n  background: linear-gradient();\n}\n.gallery-carousel-shortcode.gallery-carousel-shortcode-id-ef2ad4fc3d93412968e74901d9413def.enable-img-shadow .owl-stage-outer {\n  padding: 14px 0;\n}\n.gallery-carousel-shortcode.gallery-carousel-shortcode-id-ef2ad4fc3d93412968e74901d9413def.enable-bg-rollover.hover-scale figure .rollover:after {\n  background: -webkit-linear-gradient();\n  background: linear-gradient();\n}\n.gallery-carousel-shortcode.gallery-carousel-shortcode-id-ef2ad4fc3d93412968e74901d9413def.gallery-shortcode .gallery-zoom-ico {\n  width: 44px;\n  height: 44px;\n  line-height: 44px;\n  border-radius: 100px;\n  margin: -22px 0 0 -22px;\n  border-width: 0px;\n}\n.dt-icon-bg-on.gallery-carousel-shortcode.gallery-carousel-shortcode-id-ef2ad4fc3d93412968e74901d9413def.gallery-shortcode .gallery-zoom-ico {\n  background: rgba(255,255,255,0.3);\n  box-shadow: none;\n}\n.gallery-carousel-shortcode.gallery-carousel-shortcode-id-ef2ad4fc3d93412968e74901d9413def.gallery-shortcode .gallery-zoom-ico:before,\n.gallery-carousel-shortcode.gallery-carousel-shortcode-id-ef2ad4fc3d93412968e74901d9413def.gallery-shortcode .gallery-zoom-ico span {\n  font-size: 32px;\n  line-height: 44px;\n  color: #ffffff;\n  background: none;\n}\n<\/style><div class=\"owl-carousel gallery-carousel-shortcode gallery-shortcode  dt-gallery-container dt-owl-carousel-call gallery-carousel-shortcode-id-ef2ad4fc3d93412968e74901d9413def quick-scale-img enable-bg-rollover meta-info-off dt-arrow-border-on dt-arrow-hover-border-on bullets-small-dot-stroke reposition-arrows dt-icon-bg-off arrows-bg-on disable-arrows-hover-bg arrows-hover-bg-on  vc_custom_1738603398944 hover-fade \" data-scroll-mode=\"1\" data-col-num=\"1\" data-wide-col-num=\"1\" data-laptop-col=\"1\" data-h-tablet-columns-num=\"1\" data-v-tablet-columns-num=\"1\" data-phone-columns-num=\"1\" data-col-gap=\"10\" data-stage-padding=\"0\" data-speed=\"600\" data-autoplay=\"false\" data-autoplay_speed=\"6000\" data-arrows=\"true\" data-bullet=\"false\" data-next-icon=\"icon-ar-017-r\" data-prev-icon=\"icon-ar-017-l\" data-img-shadow-size=\"12px\" data-img-shadow-spread=\"3px\"><div data-post-id=\"3299\" data-date=\"2025-02-03T17:23:15+00:00\" data-name=\"Auffangwannen aus Kunststoff\"><figure class=\"post\"><a href=\"https:\/\/cabarplast.com\/wp-content\/uploads\/2025\/02\/Auffangwannen-aus-Kunststoff.jpg\" class=\"rollover dt-pswp-item layzr-bg\" data-large_image_width=\"1080\" data-large_image_height=\"1080\" data-dt-img-description=\"\" title=\"Auffangwannen aus Kunststoff\"><img fetchpriority=\"high\" decoding=\"async\" class=\"preload-me owl-lazy-load aspect\" src=\"data:image\/svg+xml,%3Csvg%20xmlns%3D&#39;http%3A%2F%2Fwww.w3.org%2F2000%2Fsvg&#39;%20viewBox%3D&#39;0%200%201080%201080&#39;%2F%3E\" data-src=\"https:\/\/cabarplast.com\/wp-content\/uploads\/2025\/02\/Auffangwannen-aus-Kunststoff.jpg\" data-srcset=\"https:\/\/cabarplast.com\/wp-content\/uploads\/2025\/02\/Auffangwannen-aus-Kunststoff.jpg 1080w\" loading=\"eager\" style=\"--ratio: 1080 \/ 1080\" sizes=\"(max-width: 1080px) 100vw, 1080px\" alt=\"\" width=\"1080\" height=\"1080\"  \/><span class=\"gallery-rollover\"><span class=\"gallery-zoom-ico icomoon-the7-font-the7-zoom-06\"><span><\/span><\/span><\/span><\/a><\/figure><\/div><\/div>[\/vc_column][vc_column width=&#8220;1\/2&#8243; css=&#8220;.vc_custom_1709647368309{border-left-width: 1px !important;padding-right: 30px !important;padding-left: 30px !important;border-left-color: #0e415f !important;border-left-style: solid !important;}&#8220;][vc_column_text css=&#8220;&#8220;]<\/p>\n<h1><strong>Auffangwannen<\/strong> aus Kunststoff<\/h1>\n<p>&nbsp;<\/p>\n<p>Auffangwannen aus Kunststoff sind spezielle Beh\u00e4lter, die f\u00fcr die Eind\u00e4mmung und Lagerung gef\u00e4hrlicher Stoffe wie S\u00e4uren im Falle eines Unfalls oder einer Besch\u00e4digung von Prim\u00e4rtanks konzipiert sind. Sie dienen als zus\u00e4tzliche Sicherheitsma\u00dfnahme, um die Umwelt und Menschen vor m\u00f6glichen sch\u00e4dlichen Versch\u00fcttungen zu sch\u00fctzen.<\/p>\n<p>Auffangwannen sind in Industrieanlagen, in denen mit gef\u00e4hrlichen Chemikalien umgegangen wird, vorgeschrieben und m\u00fcssen gem\u00e4\u00df streng definierten Umweltschutz- und Sicherheitsvorschriften ausgelegt sein.<br \/>\n[\/vc_column_text][vc_empty_space height=&#8220;20&#8243;]<a href=\"https:\/\/cabarplast.com\/de\/kontaktinformationen-cabar-plast\/\" class=\"btn-shortcode dt-btn-m dt-btn default-btn-color default-btn-hover-color default-btn-bg-color default-btn-bg-hover-color\" id=\"dt-btn-1\"><span>Kontaktieren Sie uns<\/span><\/a>[\/vc_column][\/vc_row][vc_row][vc_column][vc_empty_space][vc_column_text css=&#8220;.vc_custom_1738602669307{padding-right: 30px !important;padding-left: 30px !important;}&#8220;]<\/p>\n<h2>Auffangwannen &#8211; Verwendung<\/h2>\n<p>Auffangwannen werden zur Eind\u00e4mmung und Lagerung gef\u00e4hrlicher Fl\u00fcssigkeiten verwendet, insbesondere im Falle von Leckagen oder Unf\u00e4llen aus prim\u00e4ren Lagersystemen. Ihre Anwendung ist in verschiedenen Branchen weit verbreitet, darunter:[\/vc_column_text][vc_empty_space height=&#8220;50&#8243;][\/vc_column][\/vc_row][vc_row full_width=&#8220;stretch_row_content_no_spaces&#8220;][vc_column][vc_column_text]<img loading=\"lazy\" decoding=\"async\" class=\"aligncenter wp-image-232 size-full\" src=\"https:\/\/cabarplast.com\/wp-content\/uploads\/2024\/03\/footer-4.png\" alt=\"\" width=\"1919\" height=\"50\" srcset=\"https:\/\/cabarplast.com\/wp-content\/uploads\/2024\/03\/footer-4.png 1919w, https:\/\/cabarplast.com\/wp-content\/uploads\/2024\/03\/footer-4-300x8.png 300w, https:\/\/cabarplast.com\/wp-content\/uploads\/2024\/03\/footer-4-1024x27.png 1024w, https:\/\/cabarplast.com\/wp-content\/uploads\/2024\/03\/footer-4-768x20.png 768w, https:\/\/cabarplast.com\/wp-content\/uploads\/2024\/03\/footer-4-1536x40.png 1536w\" sizes=\"auto, (max-width: 1919px) 100vw, 1919px\" \/>[\/vc_column_text][\/vc_column][\/vc_row][vc_row full_width=&#8220;stretch_row&#8220; css=&#8220;.vc_custom_1709643894007{background-color: #0e415f !important;}&#8220;][vc_column][vc_column_text css=&#8220;.vc_custom_1738602913182{padding-right: 30px !important;padding-left: 30px !important;}&#8220;]<\/p>\n<ul>\n<li><span style=\"color: #fcb426;\">Chemische Industrie<\/span><span style=\"color: #ffffff;\">&#8211; In Anlagen zur Herstellung, Lagerung und Handhabung verschiedener Chemikalien sind Auffangwannen unerl\u00e4sslich, um Umwelt- und Gesundheitsrisiken durch m\u00f6gliche Leckagen gef\u00e4hrlicher Stoffe wie S\u00e4uren, Laugen und andere aggressive chemische Verbindungen zu verhindern.<br \/>\n<\/span><\/li>\n<li><span style=\"color: #fcb426;\">Metallverarbeitende Industrie<\/span> <span style=\"color: #ffffff;\">&#8211; Bei Galvanisierungs-, Verchromungs-, Vernickelungs- und Verzinkungsprozessen dienen Auffangwannen als Sicherheitsbeh\u00e4lter zum Auffangen von Chemikalien, die in diesen Prozessen verwendet werden.<br \/>\n<\/span><\/li>\n<li><span style=\"color: #fcb426;\">Pharmazeutische Industrie<\/span> <span style=\"color: #ffffff;\">&#8211; Bei der Herstellung von Arzneimitteln und anderen pharmazeutischen Produkten, bei denen h\u00e4ufig verschiedene starke Chemikalien verwendet werden, sind Auffangwannen erforderlich, um eine sichere Lagerung und Handhabung zu gew\u00e4hrleisten.<br \/>\n<\/span><\/li>\n<li><span style=\"color: #fcb426;\">Lebensmittelindustrie<\/span> <span style=\"color: #ffffff;\">&#8211; Obwohl weniger gef\u00e4hrlich als Chemikalien, erfordern bestimmte Fermentations- und Verarbeitungsprozesse den Einsatz von Auffangwannen zur Lagerung von Nebenprodukten oder als Vorsichtsma\u00dfnahme zur Lagerung von Fl\u00fcssigkeiten, die ein Risiko darstellen k\u00f6nnen.<br \/>\n<\/span><\/li>\n<li><span style=\"color: #fcb426;\">Kl\u00e4ranlagen<\/span> <span style=\"color: #ffffff;\">&#8211; In Abwasserbehandlungssystemen k\u00f6nnen Auffangwannen zur vor\u00fcbergehenden Lagerung potenziell gef\u00e4hrlicher Stoffe vor dem Behandlungsprozess verwendet werden.<br \/>\n<\/span><\/li>\n<li><span style=\"color: #fcb426;\">Energieindustrie<\/span><span style=\"color: #ffffff;\"> &#8211; In Raffinerien und Gas- und \u00d6lverarbeitungsanlagen sind Auffangwannen ein entscheidendes Element von Sicherheitssystemen zur Lagerung von \u00d6l, Gas und anderen brennbaren oder gef\u00e4hrlichen Fl\u00fcssigkeiten.<br \/>\n<\/span><\/li>\n<li><span style=\"color: #fcb426;\">Agrochemische Industrie<\/span> <span style=\"color: #ffffff;\">&#8211; Zur Lagerung von Pestiziden, Herbiziden und anderen Agrochemikalien bilden Auffangwannen eine Sicherheitsbarriere, die eine m\u00f6gliche Boden- und Wasserverschmutzung verhindert.<br \/>\n<\/span><\/li>\n<\/ul>\n<p><span style=\"color: #ffffff;\">Auffangwannen sind so konzipiert, dass sie aggressiven chemischen Umgebungen und extremen Bedingungen standhalten, und ihre Konstruktion und Wartung unterliegen strengen Vorschriften, um maximale Sicherheit und Umweltschutz zu gew\u00e4hrleisten.<\/span>[\/vc_column_text][vc_empty_space height=&#8220;50&#8243;][\/vc_column][\/vc_row][vc_row full_width=&#8220;stretch_row&#8220; css=&#8220;.vc_custom_1709644275584{background-color: #efefef !important;}&#8220;][vc_column][vc_column_text css=&#8220;.vc_custom_1738602960033{padding-right: 30px !important;padding-left: 30px !important;}&#8220;]<\/p>\n<h3>K\u00f6nnen Auffangwannen rund oder nur rechteckig sein?<\/h3>\n<p>Auffangwannen k\u00f6nnen entweder rund oder rechteckig sein, je nach den spezifischen Anforderungen und Platzbeschr\u00e4nkungen, wo sie installiert werden. Die Wahl der Form h\u00e4ngt oft von der verf\u00fcgbaren Fl\u00e4che, der Art und Menge des gelagerten Materials sowie von Pr\u00e4ferenzen hinsichtlich Design und Systemeffizienz ab.<\/p>\n<p>Runde Auffangwannen werden h\u00e4ufig wegen ihrer strukturellen Festigkeit und Effizienz in Bezug auf die Druckverteilung eingesetzt, w\u00e4hrend rechteckige Auffangwannen eine bessere Raumausnutzung erm\u00f6glichen, insbesondere in beengten oder unregelm\u00e4\u00dfig geformten Bereichen.<br \/>\n[\/vc_column_text][vc_empty_space][\/vc_column][\/vc_row][vc_row][vc_column][vc_column_text css=&#8220;.vc_custom_1738602983567{padding-top: 30px !important;padding-right: 30px !important;padding-bottom: 30px !important;padding-left: 30px !important;background-color: #0e415f !important;border-radius: 15px !important;}&#8220;]<\/p>\n<h2><span style=\"color: #fcb426;\">\u00d6lauffangwannen<\/span><\/h2>\n<p><span style=\"color: #ffffff;\">\u00d6lauffangwannen sind f\u00fcr die Lagerung und den sicheren Umgang mit verschiedenen Arten von \u00d6len konzipiert, darunter Motor-, Pflanzen- und Industrie\u00f6le usw. Sie bieten zus\u00e4tzlichen Schutz bei Leckagen aus Prim\u00e4rtanks und sch\u00fctzen die Umwelt vor m\u00f6glichen Verschmutzungen. Diese Auffangwannen sind oft mit Leckerkennungssystemen und \u00dcberlaufmanagement ausgestattet und bieten ein hohes Ma\u00df an Sicherheit.<\/span>[\/vc_column_text][vc_empty_space][\/vc_column][\/vc_row][vc_row][vc_column][vc_column_text css=&#8220;.vc_custom_1738603004855{padding-top: 30px !important;padding-right: 30px !important;padding-bottom: 30px !important;padding-left: 30px !important;background-color: #efefef !important;border-radius: 15px !important;}&#8220;]<\/p>\n<h2>Fass-Auffangwannen<\/h2>\n<p>Fass-Auffangwannen sind speziell konstruierte Beh\u00e4lter, die zur Lagerung von F\u00e4ssern mit verschiedenen Materialien, einschlie\u00dflich Chemikalien, \u00d6len, Kraftstoffen und anderen Fl\u00fcssigkeiten, verwendet werden. Sie dienen als Schutzbarriere bei Leckagen aus den F\u00e4ssern und verhindern so eine Kontamination der Arbeits- und Lebensr\u00e4ume. Diese Auffangwannen sind so konzipiert, dass sie problemlos ein oder mehrere F\u00e4sser aufnehmen k\u00f6nnen, was sie zu einer idealen L\u00f6sung f\u00fcr Lagerung und Handhabung macht.<br \/>\n[\/vc_column_text][vc_empty_space][\/vc_column][\/vc_row][vc_row][vc_column][vc_column_text css=&#8220;.vc_custom_1738603032635{padding-top: 30px !important;padding-right: 30px !important;padding-bottom: 30px !important;padding-left: 30px !important;background-color: #0e415f !important;border-radius: 15px !important;}&#8220;]<\/p>\n<h2><span style=\"color: #fcb426;\">Chemikalienschutzwannen<\/span><\/h2>\n<p><span style=\"color: #ffffff;\">Chemikalienschutzwannen werden aus Materialien hergestellt, die gegen verschiedene Arten von chemischen Substanzen best\u00e4ndig sind, und werden in der chemischen Industrie zur Lagerung korrosiver oder gef\u00e4hrlicher Chemikalien verwendet. Sie sind mit Schutzbeschichtungen und Leckschutzsystemen ausgestattet, was sie zu einem Schl\u00fcsselelement im Risikomanagement und Umweltschutz macht. Chemikalienschutzwannen m\u00fcssen strenge Vorschriften und Normen in Bezug auf die Lagerung gef\u00e4hrlicher Stoffe erf\u00fcllen.<br \/>\n[\/vc_column_text][vc_empty_space][\/vc_column][\/vc_row][vc_row][vc_column][vc_column_text css=&#8220;.vc_custom_1738603054746{padding-top: 30px !important;padding-right: 30px !important;padding-bottom: 30px !important;padding-left: 30px !important;background-color: #efefef !important;border-radius: 15px !important;}&#8220;]<\/span><\/p>\n<h2>Kraftstoffauffangwannen<\/h2>\n<p>Kraftstoffauffangwannen sind so konstruiert, dass sie eine sichere Lagerung und Handhabung verschiedener Kraftstoffarten wie Benzin, Diesel, Kerosin und anderer erm\u00f6glichen. Sie dienen als sekund\u00e4re Barriere bei Leckagen aus den Haupttanks und verhindern potenzielle Umwelt- und Sicherheitsgefahren.<\/p>\n<p>Kraftstoffauffangwannen sind oft mit fortschrittlichen \u00dcberwachungs- und Kontrollsystemen ausgestattet, um maximale Sicherheit bei der Kraftstofflagerung und -handhabung zu gew\u00e4hrleisten.<br \/>\n[\/vc_column_text][vc_empty_space][\/vc_column][\/vc_row][vc_row][vc_column][vc_column_text css=&#8220;.vc_custom_1738603088875{padding-top: 30px !important;padding-right: 30px !important;padding-bottom: 30px !important;padding-left: 30px !important;background-color: #0e415f !important;border-radius: 15px !important;}&#8220;]<\/p>\n<h2><span style=\"color: #fcb426;\">Mobile Auffangwannen<\/span><\/h2>\n<p><span style=\"color: #ffffff;\">Eine mobile Auffangwanne ist eine fahrbare Version einer Auffangwanne, die ein einfaches Bewegen innerhalb des Arbeitsbereichs erm\u00f6glicht. Sie ist mit robusten R\u00e4dern ausgestattet, die ihre Bewegung erleichtern, was sie ideal f\u00fcr Situationen macht, in denen Flexibilit\u00e4t bei der Handhabung und Lagerung gef\u00e4hrlicher Stoffe erforderlich ist. Diese Art von Auffangwanne ist besonders n\u00fctzlich in dynamischen Industrieumgebungen, in denen sich das Layout h\u00e4ufig \u00e4ndert oder eine regelm\u00e4\u00dfige Verlagerung von gelagerten Materialien erforderlich ist.<br \/>\n<\/span><\/p>\n<p><span style=\"color: #ffffff;\">Mobile Auffangwannen bieten zus\u00e4tzliche Sicherheit bei Versch\u00fctten oder Auslaufen und erm\u00f6glichen eine schnelle Reaktion und minimieren potenzielle Sch\u00e4den am Arbeitsplatz und an der Umwelt.<\/span>[\/vc_column_text][vc_empty_space][\/vc_column][\/vc_row][vc_row full_width=&#8220;stretch_row_content_no_spaces&#8220;][vc_column][vc_column_text]<img loading=\"lazy\" decoding=\"async\" class=\"aligncenter wp-image-232 size-full\" src=\"https:\/\/cabarplast.com\/wp-content\/uploads\/2024\/03\/footer-4.png\" alt=\"\" width=\"1919\" height=\"50\" srcset=\"https:\/\/cabarplast.com\/wp-content\/uploads\/2024\/03\/footer-4.png 1919w, https:\/\/cabarplast.com\/wp-content\/uploads\/2024\/03\/footer-4-300x8.png 300w, https:\/\/cabarplast.com\/wp-content\/uploads\/2024\/03\/footer-4-1024x27.png 1024w, https:\/\/cabarplast.com\/wp-content\/uploads\/2024\/03\/footer-4-768x20.png 768w, https:\/\/cabarplast.com\/wp-content\/uploads\/2024\/03\/footer-4-1536x40.png 1536w\" sizes=\"auto, (max-width: 1919px) 100vw, 1919px\" \/>[\/vc_column_text][\/vc_column][\/vc_row]<\/p>\n<\/div>","protected":false},"excerpt":{"rendered":"<p>[vc_row][vc_column width=&#8220;1\/2&#8243;][\/vc_column][vc_column width=&#8220;1\/2&#8243; css=&#8220;.vc_custom_1709647368309{border-left-width: 1px !important;padding-right: 30px !important;padding-left: 30px !important;border-left-color: #0e415f !important;border-left-style: solid !important;}&#8220;][vc_column_text css=&#8220;&#8220;] Auffangwannen aus Kunststoff &nbsp; Auffangwannen aus Kunststoff sind spezielle Beh\u00e4lter, die f\u00fcr die Eind\u00e4mmung und Lagerung gef\u00e4hrlicher Stoffe wie S\u00e4uren im Falle eines Unfalls oder einer Besch\u00e4digung von Prim\u00e4rtanks konzipiert sind. Sie dienen als zus\u00e4tzliche Sicherheitsma\u00dfnahme, um die Umwelt und&hellip;<\/p>\n","protected":false},"author":1,"featured_media":0,"parent":0,"menu_order":0,"comment_status":"closed","ping_status":"closed","template":"","meta":{"footnotes":""},"class_list":["post-3293","page","type-page","status-publish","hentry","description-off"],"_links":{"self":[{"href":"https:\/\/cabarplast.com\/de\/wp-json\/wp\/v2\/pages\/3293","targetHints":{"allow":["GET"]}}],"collection":[{"href":"https:\/\/cabarplast.com\/de\/wp-json\/wp\/v2\/pages"}],"about":[{"href":"https:\/\/cabarplast.com\/de\/wp-json\/wp\/v2\/types\/page"}],"author":[{"embeddable":true,"href":"https:\/\/cabarplast.com\/de\/wp-json\/wp\/v2\/users\/1"}],"replies":[{"embeddable":true,"href":"https:\/\/cabarplast.com\/de\/wp-json\/wp\/v2\/comments?post=3293"}],"version-history":[{"count":6,"href":"https:\/\/cabarplast.com\/de\/wp-json\/wp\/v2\/pages\/3293\/revisions"}],"predecessor-version":[{"id":3305,"href":"https:\/\/cabarplast.com\/de\/wp-json\/wp\/v2\/pages\/3293\/revisions\/3305"}],"wp:attachment":[{"href":"https:\/\/cabarplast.com\/de\/wp-json\/wp\/v2\/media?parent=3293"}],"curies":[{"name":"wp","href":"https:\/\/api.w.org\/{rel}","templated":true}]}}