{"id":3260,"date":"2024-03-04T21:10:51","date_gmt":"2024-03-04T21:10:51","guid":{"rendered":"https:\/\/cabarplast.com\/sahte\/"},"modified":"2025-02-03T11:57:43","modified_gmt":"2025-02-03T11:57:43","slug":"kunststoff-schachtdeckel","status":"publish","type":"page","link":"https:\/\/cabarplast.com\/de\/kunststoff-schachtdeckel\/","title":{"rendered":"Kunststoff"},"content":{"rendered":"<div class=\"wpb-content-wrapper\"><p>[vc_row][vc_column css=&#8220;.vc_custom_1710099881337{padding-right: 30px !important;padding-left: 30px !important;}&#8220;][vc_column_text css=&#8220;&#8220;]<\/p>\n<h1>Kunststoff-Schachtdeckel<\/h1>\n<p>Kunststoff-Schachtdeckel werden aus hochwertigem Kunststoff hergestellt und dienen dem Zugang, der Inspektion, der Wartung oder dem Anschluss unterirdischer Anlagen wie Wasser- und Abwassernetzen.[\/vc_column_text][vc_empty_space height=&#8220;50&#8243;][\/vc_column][\/vc_row][vc_row][vc_column][vc_row_inner][vc_column_inner width=&#8220;2\/3&#8243; css=&#8220;.vc_custom_1710101124194{border-left-width: 1px !important;padding-right: 30px !important;padding-left: 30px !important;border-left-color: #0e415f !important;border-left-style: solid !important;}&#8220;][vc_column_text css=&#8220;&#8220;]<\/p>\n<p style=\"font-size: 25px;\"><strong>Kunststoff-Schachtdeckel<\/strong> f\u00fcr Wasserzaehler<\/p>\n<p>&nbsp;<\/p>\n<p>\u010cabar Plast Schachtdeckel f\u00fcr Wasserz\u00e4hler bieten einen sicheren Schutz f\u00fcr Wasserz\u00e4hler, sch\u00fctzen sie vor \u00e4u\u00dferen Einfl\u00fcssen und erleichtern den Zugang zum Ablesen und zur Wartung.<br \/>\n[\/vc_column_text][vc_empty_space height=&#8220;20&#8243;]<a href=\"https:\/\/cabarplast.com\/de\/kunststoff-schachtdeckel-fuer-wasserzaehler\/\" class=\"btn-shortcode dt-btn-m dt-btn default-btn-color default-btn-hover-color default-btn-bg-color default-btn-bg-hover-color\" id=\"dt-btn-1\"><span>Mehr sehen<\/span><\/a>[\/vc_column_inner][vc_column_inner width=&#8220;1\/3&#8243;][vc_column_text css=&#8220;&#8220;]<a href=\"https:\/\/cabarplast.com\/de\/kunststoff-schachtdeckel-fuer-wasserzaehler\/\"><img loading=\"lazy\" decoding=\"async\" class=\"wp-image-1038 size-medium aligncenter\" src=\"https:\/\/cabarplast.com\/wp-content\/uploads\/2024\/04\/Sahte-za-vodomere-1-1-300x300.jpg\" alt=\"\" width=\"300\" height=\"300\" srcset=\"https:\/\/cabarplast.com\/wp-content\/uploads\/2024\/04\/Sahte-za-vodomere-1-1-300x300.jpg 300w, https:\/\/cabarplast.com\/wp-content\/uploads\/2024\/04\/Sahte-za-vodomere-1-1-1024x1024.jpg 1024w, https:\/\/cabarplast.com\/wp-content\/uploads\/2024\/04\/Sahte-za-vodomere-1-1-150x150.jpg 150w, https:\/\/cabarplast.com\/wp-content\/uploads\/2024\/04\/Sahte-za-vodomere-1-1-768x768.jpg 768w, https:\/\/cabarplast.com\/wp-content\/uploads\/2024\/04\/Sahte-za-vodomere-1-1.jpg 1080w\" sizes=\"auto, (max-width: 300px) 100vw, 300px\" \/><\/a>[\/vc_column_text][\/vc_column_inner][\/vc_row_inner][vc_empty_space height=&#8220;30&#8243;][vc_row_inner][vc_column_inner width=&#8220;1\/3&#8243;][vc_column_text css=&#8220;&#8220;]<a href=\"https:\/\/cabarplast.com\/de\/kunststoff-kanalschaechte\/\"><img loading=\"lazy\" decoding=\"async\" class=\"wp-image-1036 size-medium aligncenter\" src=\"https:\/\/cabarplast.com\/wp-content\/uploads\/2024\/04\/Kanalizacione-sahte-2-300x300.jpg\" alt=\"\" width=\"300\" height=\"300\" srcset=\"https:\/\/cabarplast.com\/wp-content\/uploads\/2024\/04\/Kanalizacione-sahte-2-300x300.jpg 300w, https:\/\/cabarplast.com\/wp-content\/uploads\/2024\/04\/Kanalizacione-sahte-2-1024x1024.jpg 1024w, https:\/\/cabarplast.com\/wp-content\/uploads\/2024\/04\/Kanalizacione-sahte-2-150x150.jpg 150w, https:\/\/cabarplast.com\/wp-content\/uploads\/2024\/04\/Kanalizacione-sahte-2-768x768.jpg 768w, https:\/\/cabarplast.com\/wp-content\/uploads\/2024\/04\/Kanalizacione-sahte-2.jpg 1080w\" sizes=\"auto, (max-width: 300px) 100vw, 300px\" \/><\/a>[\/vc_column_text][\/vc_column_inner][vc_column_inner width=&#8220;2\/3&#8243; css=&#8220;.vc_custom_1710101146731{border-left-width: 1px !important;padding-right: 30px !important;padding-left: 30px !important;border-left-color: #0e415f !important;border-left-style: solid !important;}&#8220;][vc_column_text css=&#8220;&#8220;]<\/p>\n<p style=\"font-size: 25px;\"><strong>Kunststoff<\/strong>-Kanalsch\u00e4chte<\/p>\n<p>&nbsp;<\/p>\n<p>\u010cabar Plast Kunststoff-Schachtdeckel f\u00fcr Abwassersysteme zeichnen sich durch hohe Best\u00e4ndigkeit gegen Korrosion, Chemikalien und Witterungseinfl\u00fcsse aus und gew\u00e4hrleisten eine lange Lebensdauer.<br \/>\n[\/vc_column_text][vc_empty_space height=&#8220;20&#8243;]<a href=\"https:\/\/cabarplast.com\/de\/kunststoff-kanalschaechte\/\" class=\"btn-shortcode dt-btn-m dt-btn default-btn-color default-btn-hover-color default-btn-bg-color default-btn-bg-hover-color\" id=\"dt-btn-2\"><span>Mehr sehen<\/span><\/a>[\/vc_column_inner][\/vc_row_inner][vc_empty_space height=&#8220;30&#8243;][\/vc_column][\/vc_row][vc_row][vc_column][vc_column_text css=&#8220;.vc_custom_1738530332840{padding-top: 30px !important;padding-right: 30px !important;padding-bottom: 30px !important;padding-left: 30px !important;background-color: #0e415f !important;border-radius: 15px !important;}&#8220;]<span style=\"color: #ffffff;\">Die Auswahl an \u010cabar Plast Schachtdeckeln bietet effiziente L\u00f6sungen f\u00fcr infrastrukturelle Bed\u00fcrfnisse und kombiniert Qualit\u00e4t, Langlebigkeit und einfache Installation, was sie zur idealen Wahl f\u00fcr moderne Bauprojekte macht.<\/span>[\/vc_column_text][vc_empty_space][\/vc_column][\/vc_row][vc_row full_width=&#8220;stretch_row_content_no_spaces&#8220;][vc_column][vc_column_text]<img loading=\"lazy\" decoding=\"async\" class=\"aligncenter wp-image-232 size-full\" src=\"https:\/\/cabarplast.com\/wp-content\/uploads\/2024\/03\/footer-4.png\" alt=\"\" width=\"1919\" height=\"50\" srcset=\"https:\/\/cabarplast.com\/wp-content\/uploads\/2024\/03\/footer-4.png 1919w, https:\/\/cabarplast.com\/wp-content\/uploads\/2024\/03\/footer-4-300x8.png 300w, https:\/\/cabarplast.com\/wp-content\/uploads\/2024\/03\/footer-4-1024x27.png 1024w, https:\/\/cabarplast.com\/wp-content\/uploads\/2024\/03\/footer-4-768x20.png 768w, https:\/\/cabarplast.com\/wp-content\/uploads\/2024\/03\/footer-4-1536x40.png 1536w\" sizes=\"auto, (max-width: 1919px) 100vw, 1919px\" \/>[\/vc_column_text][\/vc_column][\/vc_row]<\/p>\n<\/div>","protected":false},"excerpt":{"rendered":"<p>[vc_row][vc_column css=&#8220;.vc_custom_1710099881337{padding-right: 30px !important;padding-left: 30px !important;}&#8220;][vc_column_text css=&#8220;&#8220;] Kunststoff-Schachtdeckel Kunststoff-Schachtdeckel werden aus hochwertigem Kunststoff hergestellt und dienen dem Zugang, der Inspektion, der Wartung oder dem Anschluss unterirdischer Anlagen wie Wasser- und Abwassernetzen.[\/vc_column_text][vc_empty_space height=&#8220;50&#8243;][\/vc_column][\/vc_row][vc_row][vc_column][vc_row_inner][vc_column_inner width=&#8220;2\/3&#8243; css=&#8220;.vc_custom_1710101124194{border-left-width: 1px !important;padding-right: 30px !important;padding-left: 30px !important;border-left-color: #0e415f !important;border-left-style: solid !important;}&#8220;][vc_column_text css=&#8220;&#8220;] Kunststoff-Schachtdeckel f\u00fcr Wasserzaehler &nbsp; \u010cabar Plast Schachtdeckel f\u00fcr Wasserz\u00e4hler bieten&hellip;<\/p>\n","protected":false},"author":1,"featured_media":0,"parent":0,"menu_order":0,"comment_status":"closed","ping_status":"closed","template":"","meta":{"footnotes":""},"class_list":["post-3260","page","type-page","status-publish","hentry","description-off"],"_links":{"self":[{"href":"https:\/\/cabarplast.com\/de\/wp-json\/wp\/v2\/pages\/3260","targetHints":{"allow":["GET"]}}],"collection":[{"href":"https:\/\/cabarplast.com\/de\/wp-json\/wp\/v2\/pages"}],"about":[{"href":"https:\/\/cabarplast.com\/de\/wp-json\/wp\/v2\/types\/page"}],"author":[{"embeddable":true,"href":"https:\/\/cabarplast.com\/de\/wp-json\/wp\/v2\/users\/1"}],"replies":[{"embeddable":true,"href":"https:\/\/cabarplast.com\/de\/wp-json\/wp\/v2\/comments?post=3260"}],"version-history":[{"count":3,"href":"https:\/\/cabarplast.com\/de\/wp-json\/wp\/v2\/pages\/3260\/revisions"}],"predecessor-version":[{"id":3277,"href":"https:\/\/cabarplast.com\/de\/wp-json\/wp\/v2\/pages\/3260\/revisions\/3277"}],"wp:attachment":[{"href":"https:\/\/cabarplast.com\/de\/wp-json\/wp\/v2\/media?parent=3260"}],"curies":[{"name":"wp","href":"https:\/\/api.w.org\/{rel}","templated":true}]}}