{"id":3226,"date":"2024-03-04T21:11:12","date_gmt":"2024-03-04T21:11:12","guid":{"rendered":"https:\/\/cabarplast.com\/sahte-za-kanalizaciju\/"},"modified":"2025-02-02T20:55:38","modified_gmt":"2025-02-02T20:55:38","slug":"kunststoff-kanalschaechte","status":"publish","type":"page","link":"https:\/\/cabarplast.com\/de\/kunststoff-kanalschaechte\/","title":{"rendered":"Kunststoff-Kanalsch\u00e4chte"},"content":{"rendered":"<div class=\"wpb-content-wrapper\"><p>[vc_row][vc_column width=&#8220;1\/2&#8243;]<style type=\"text\/css\" data-type=\"the7_shortcodes-inline-css\">.gallery-carousel-shortcode.gallery-carousel-shortcode-id-f5443746169e17f873af9a06509a20b1 .owl-nav a {\n  width: 30px;\n  height: 30px;\n  border-radius: 500px;\n}\n.dt-arrow-border-on.gallery-carousel-shortcode.gallery-carousel-shortcode-id-f5443746169e17f873af9a06509a20b1 .owl-nav a:not(:hover):before {\n  border-width: 0px;\n}\n.dt-arrow-hover-border-on.gallery-carousel-shortcode.gallery-carousel-shortcode-id-f5443746169e17f873af9a06509a20b1 .owl-nav a:hover:after {\n  border-width: 0px;\n}\n.gallery-carousel-shortcode.gallery-carousel-shortcode-id-f5443746169e17f873af9a06509a20b1 .owl-nav a.owl-prev {\n  top: calc(100% + 0px);\n  left: -43px;\n}\n.gallery-carousel-shortcode.gallery-carousel-shortcode-id-f5443746169e17f873af9a06509a20b1 .owl-nav a.owl-prev i {\n  padding: 0px 5px 0px 5px;\n}\n.gallery-carousel-shortcode.gallery-carousel-shortcode-id-f5443746169e17f873af9a06509a20b1 .owl-nav a.owl-next {\n  top: calc(100% + 0px);\n  right: -43px;\n}\n.gallery-carousel-shortcode.gallery-carousel-shortcode-id-f5443746169e17f873af9a06509a20b1 .owl-nav a.owl-next i {\n  padding: 0px 5px 0px 5px;\n}\n.gallery-carousel-shortcode.gallery-carousel-shortcode-id-f5443746169e17f873af9a06509a20b1 .owl-nav i {\n  font-size: 15px;\n}\n.gallery-carousel-shortcode.gallery-carousel-shortcode-id-f5443746169e17f873af9a06509a20b1 .owl-nav a:not(:hover) i,\n.gallery-carousel-shortcode.gallery-carousel-shortcode-id-f5443746169e17f873af9a06509a20b1 .owl-nav a:not(:hover) i:before {\n  color: #ffffff;\n  background: none;\n}\n.gallery-carousel-shortcode.gallery-carousel-shortcode-id-f5443746169e17f873af9a06509a20b1 .owl-nav a:hover i,\n.gallery-carousel-shortcode.gallery-carousel-shortcode-id-f5443746169e17f873af9a06509a20b1 .owl-nav a:hover i:before {\n  color: rgba(255,255,255,0.75);\n  background: none;\n}\n.gallery-carousel-shortcode.gallery-carousel-shortcode-id-f5443746169e17f873af9a06509a20b1 .owl-dots {\n  top: calc(100% + 20px);\n  left: 50%;\n  transform: translateX(calc(-50% + 0px));\n}\n@media all and (-ms-high-contrast: none) {\n  .gallery-carousel-shortcode.gallery-carousel-shortcode-id-f5443746169e17f873af9a06509a20b1 .owl-dots {\n    transform: translateX(-50%);\n    margin-left: 0px;\n  }\n}\n.gallery-carousel-shortcode.gallery-carousel-shortcode-id-f5443746169e17f873af9a06509a20b1 .owl-dot {\n  width: 10px;\n  height: 10px;\n  margin: 0 8px;\n}\n@media screen and (max-width: 778px) {\n  .gallery-carousel-shortcode.gallery-carousel-shortcode-id-f5443746169e17f873af9a06509a20b1.hide-arrows .owl-nav a {\n    display: none;\n  }\n}\n@media screen and (max-width: 778px) {\n  .gallery-carousel-shortcode.gallery-carousel-shortcode-id-f5443746169e17f873af9a06509a20b1.reposition-arrows .owl-nav .owl-prev {\n    top: calc(100% + 0px);\n    left: 10px;\n  }\n  .gallery-carousel-shortcode.gallery-carousel-shortcode-id-f5443746169e17f873af9a06509a20b1.reposition-arrows .owl-nav .owl-next {\n    top: calc(100% + 0px);\n    right: 10px;\n  }\n}\n.gallery-carousel-shortcode.gallery-carousel-shortcode-id-f5443746169e17f873af9a06509a20b1 figure,\n.gallery-carousel-shortcode.gallery-carousel-shortcode-id-f5443746169e17f873af9a06509a20b1 .rollover,\n.gallery-carousel-shortcode.gallery-carousel-shortcode-id-f5443746169e17f873af9a06509a20b1 img,\n.gallery-carousel-shortcode.gallery-carousel-shortcode-id-f5443746169e17f873af9a06509a20b1 .gallery-rollover {\n  border-radius: 0px;\n}\n.gallery-carousel-shortcode.gallery-carousel-shortcode-id-f5443746169e17f873af9a06509a20b1.enable-bg-rollover .gallery-rollover {\n  background: -webkit-linear-gradient();\n  background: linear-gradient();\n}\n.gallery-carousel-shortcode.gallery-carousel-shortcode-id-f5443746169e17f873af9a06509a20b1.enable-img-shadow .owl-stage-outer {\n  padding: 14px 0;\n}\n.gallery-carousel-shortcode.gallery-carousel-shortcode-id-f5443746169e17f873af9a06509a20b1.enable-bg-rollover.hover-scale figure .rollover:after {\n  background: -webkit-linear-gradient();\n  background: linear-gradient();\n}\n.gallery-carousel-shortcode.gallery-carousel-shortcode-id-f5443746169e17f873af9a06509a20b1.gallery-shortcode .gallery-zoom-ico {\n  width: 44px;\n  height: 44px;\n  line-height: 44px;\n  border-radius: 100px;\n  margin: -22px 0 0 -22px;\n  border-width: 0px;\n}\n.dt-icon-bg-on.gallery-carousel-shortcode.gallery-carousel-shortcode-id-f5443746169e17f873af9a06509a20b1.gallery-shortcode .gallery-zoom-ico {\n  background: rgba(255,255,255,0.3);\n  box-shadow: none;\n}\n.gallery-carousel-shortcode.gallery-carousel-shortcode-id-f5443746169e17f873af9a06509a20b1.gallery-shortcode .gallery-zoom-ico:before,\n.gallery-carousel-shortcode.gallery-carousel-shortcode-id-f5443746169e17f873af9a06509a20b1.gallery-shortcode .gallery-zoom-ico span {\n  font-size: 32px;\n  line-height: 44px;\n  color: #ffffff;\n  background: none;\n}\n<\/style><div class=\"owl-carousel gallery-carousel-shortcode gallery-shortcode  dt-gallery-container dt-owl-carousel-call gallery-carousel-shortcode-id-f5443746169e17f873af9a06509a20b1 quick-scale-img enable-bg-rollover meta-info-off dt-arrow-border-on dt-arrow-hover-border-on bullets-small-dot-stroke reposition-arrows dt-icon-bg-off arrows-bg-on disable-arrows-hover-bg arrows-hover-bg-on  vc_custom_1713173858852 hover-fade \" data-scroll-mode=\"1\" data-col-num=\"1\" data-wide-col-num=\"1\" data-laptop-col=\"1\" data-h-tablet-columns-num=\"1\" data-v-tablet-columns-num=\"1\" data-phone-columns-num=\"1\" data-col-gap=\"10\" data-stage-padding=\"0\" data-speed=\"600\" data-autoplay=\"false\" data-autoplay_speed=\"6000\" data-arrows=\"true\" data-bullet=\"false\" data-next-icon=\"icon-ar-017-r\" data-prev-icon=\"icon-ar-017-l\" data-img-shadow-size=\"12px\" data-img-shadow-spread=\"3px\"><div data-post-id=\"3230\" data-date=\"2024-04-15T09:37:08+00:00\" data-name=\"Kanalizacione-sahte-2\"><figure class=\"post\"><a href=\"https:\/\/cabarplast.com\/wp-content\/uploads\/2024\/04\/Kanalizacione-sahte-2.jpg\" class=\"rollover dt-pswp-item layzr-bg\" data-large_image_width=\"1080\" data-large_image_height=\"1080\" data-dt-img-description=\"\" title=\"Kanalizacione-sahte-2\"><img fetchpriority=\"high\" decoding=\"async\" class=\"preload-me owl-lazy-load aspect\" src=\"data:image\/svg+xml,%3Csvg%20xmlns%3D&#39;http%3A%2F%2Fwww.w3.org%2F2000%2Fsvg&#39;%20viewBox%3D&#39;0%200%201080%201080&#39;%2F%3E\" data-src=\"https:\/\/cabarplast.com\/wp-content\/uploads\/2024\/04\/Kanalizacione-sahte-2.jpg\" data-srcset=\"https:\/\/cabarplast.com\/wp-content\/uploads\/2024\/04\/Kanalizacione-sahte-2.jpg 1080w\" loading=\"eager\" style=\"--ratio: 1080 \/ 1080\" sizes=\"(max-width: 1080px) 100vw, 1080px\" alt=\"\" width=\"1080\" height=\"1080\"  \/><span class=\"gallery-rollover\"><span class=\"gallery-zoom-ico icomoon-the7-font-the7-zoom-06\"><span><\/span><\/span><\/span><\/a><\/figure><\/div><div data-post-id=\"3227\" data-date=\"2024-04-15T09:37:07+00:00\" data-name=\"Kanalizacione-sahte-1\"><figure class=\"post\"><a href=\"https:\/\/cabarplast.com\/wp-content\/uploads\/2024\/04\/Kanalizacione-sahte-1.jpg\" class=\"rollover dt-pswp-item layzr-bg\" data-large_image_width=\"1080\" data-large_image_height=\"1080\" data-dt-img-description=\"\" title=\"Kanalizacione-sahte-1\"><img decoding=\"async\" class=\"preload-me owl-lazy-load aspect\" src=\"data:image\/svg+xml,%3Csvg%20xmlns%3D&#39;http%3A%2F%2Fwww.w3.org%2F2000%2Fsvg&#39;%20viewBox%3D&#39;0%200%201080%201080&#39;%2F%3E\" data-src=\"https:\/\/cabarplast.com\/wp-content\/uploads\/2024\/04\/Kanalizacione-sahte-1.jpg\" data-srcset=\"https:\/\/cabarplast.com\/wp-content\/uploads\/2024\/04\/Kanalizacione-sahte-1.jpg 1080w\" loading=\"eager\" style=\"--ratio: 1080 \/ 1080\" sizes=\"(max-width: 1080px) 100vw, 1080px\" alt=\"\" width=\"1080\" height=\"1080\"  \/><span class=\"gallery-rollover\"><span class=\"gallery-zoom-ico icomoon-the7-font-the7-zoom-06\"><span><\/span><\/span><\/span><\/a><\/figure><\/div><\/div>[\/vc_column][vc_column width=&#8220;1\/2&#8243; css=&#8220;.vc_custom_1709647368309{border-left-width: 1px !important;padding-right: 30px !important;padding-left: 30px !important;border-left-color: #0e415f !important;border-left-style: solid !important;}&#8220;][vc_column_text css=&#8220;&#8220;]<\/p>\n<h1>Kunststoff-<strong>Kanalsch\u00e4chte<\/strong><\/h1>\n<p>&nbsp;<\/p>\n<p>Kanalsch\u00e4chte, auch als Inspektionskammern bekannt, sind wesentliche Bestandteile von Abwassersystemen, die den Zugang f\u00fcr Inspektion, Wartung und Reinigung des Kanalnetzes erm\u00f6glichen. Sie werden strategisch an Schl\u00fcsselpunkten im System platziert, wie z. B. bei Richtungs\u00e4nderungen, Neigungen oder dort, wo mehrere Rohrleitungen zusammenlaufen.<\/p>\n<p>Kanalsch\u00e4chte sind so konzipiert, dass sie einen sicheren und leicht zug\u00e4nglichen Weg zu den unterirdischen Abwasserrohren bieten.<br \/>\n[\/vc_column_text][vc_empty_space height=&#8220;20&#8243;]<a href=\"https:\/\/cabarplast.com\/de\/kontaktinformationen-cabar-plast\/\" class=\"btn-shortcode dt-btn-m dt-btn default-btn-color default-btn-hover-color default-btn-bg-color default-btn-bg-hover-color\" id=\"dt-btn-1\"><span>Kontaktieren Sie uns<\/span><\/a>[\/vc_column][\/vc_row][vc_row][vc_column][vc_empty_space height=&#8220;50&#8243;][vc_column_text css=&#8220;.vc_custom_1738529540936{padding-right: 30px !important;padding-left: 30px !important;}&#8220;]<\/p>\n<h2>Abmessungen von Kanalsch\u00e4chten<\/h2>\n<p>Die Abmessungen von Kanalsch\u00e4chten variieren je nach den spezifischen Anforderungen des Projekts und der Kapazit\u00e4t des Abwassersystems. Zu den Standardabmessungen geh\u00f6ren Durchmesser von 600 mm bis \u00fcber 1200 mm, w\u00e4hrend die H\u00f6he von der Verlegetiefe abh\u00e4ngt und von wenigen Metern bis \u00fcber 10 Meter f\u00fcr tiefere Systeme reichen kann.<br \/>\n[\/vc_column_text][vc_empty_space height=&#8220;50&#8243;][\/vc_column][\/vc_row][vc_row full_width=&#8220;stretch_row_content_no_spaces&#8220;][vc_column][vc_column_text]<img loading=\"lazy\" decoding=\"async\" class=\"aligncenter wp-image-232 size-full\" src=\"https:\/\/cabarplast.com\/wp-content\/uploads\/2024\/03\/footer-4.png\" alt=\"\" width=\"1919\" height=\"50\" srcset=\"https:\/\/cabarplast.com\/wp-content\/uploads\/2024\/03\/footer-4.png 1919w, https:\/\/cabarplast.com\/wp-content\/uploads\/2024\/03\/footer-4-300x8.png 300w, https:\/\/cabarplast.com\/wp-content\/uploads\/2024\/03\/footer-4-1024x27.png 1024w, https:\/\/cabarplast.com\/wp-content\/uploads\/2024\/03\/footer-4-768x20.png 768w, https:\/\/cabarplast.com\/wp-content\/uploads\/2024\/03\/footer-4-1536x40.png 1536w\" sizes=\"auto, (max-width: 1919px) 100vw, 1919px\" \/>[\/vc_column_text][\/vc_column][\/vc_row][vc_row full_width=&#8220;stretch_row&#8220; css=&#8220;.vc_custom_1709643894007{background-color: #0e415f !important;}&#8220;][vc_column][vc_column_text css=&#8220;.vc_custom_1738529645859{padding-right: 30px !important;padding-left: 30px !important;}&#8220;]<\/p>\n<h3><span style=\"color: #fcb426;\">Schritt-f\u00fcr-Schritt-Installationsprozess von Kanalsch\u00e4chten<\/span><\/h3>\n<ul>\n<li><span style=\"color: #fcb426;\">Planung und Vorbereitung:<\/span> <span style=\"color: #ffffff;\">Bestimmen Sie den Standort des Schachts anhand des Abwassersystemplans und graben Sie eine entsprechend gro\u00dfe Grube f\u00fcr den Schacht aus.<\/span><\/li>\n<li><span style=\"color: #fcb426;\">Fundamentinstallation:<\/span> <span style=\"color: #ffffff;\">Installieren Sie ein stabiles und ebenes Fundament f\u00fcr den Schacht, indem Sie Beton oder ein stabilisiertes Material verwenden, um sicherzustellen, dass der Schacht stabil und eben bleibt.<\/span><\/li>\n<li><span style=\"color: #fcb426;\">Schachtinstallation:<\/span> <span style=\"color: #ffffff;\">Senken Sie den Schacht vorsichtig auf das vorbereitete Fundament ab. F\u00fcr gr\u00f6\u00dfere Sch\u00e4chte k\u00f6nnen Baumaschinen f\u00fcr die Installation erforderlich sein.<\/span><\/li>\n<li><span style=\"color: #fcb426;\">Rohrleitungsanschluss:<\/span> <span style=\"color: #ffffff;\">Verbinden Sie die Abwasserrohre mit den Einl\u00e4ssen und Ausl\u00e4ssen des Schachtes. Verwenden Sie geeignete Armaturen und Dichtungen f\u00fcr eine dichte und wasserdichte Verbindung.<\/span><\/li>\n<li><span style=\"color: #fcb426;\">\u00dcberpr\u00fcfung und Einstellung:<\/span> <span style=\"color: #ffffff;\">Stellen Sie sicher, dass der Schacht korrekt positioniert ist und alle Anschl\u00fcsse korrekt hergestellt sind. Passen Sie die Position oder H\u00f6he des Schachtes bei Bedarf an.<\/span><\/li>\n<li><span style=\"color: #fcb426;\">Verf\u00fcllung und Fertigstellung:<\/span> <span style=\"color: #ffffff;\">F\u00fcllen Sie die Gruben um den Schacht herum wieder auf und stellen Sie sicher, dass das Material um den Schacht herum fest verdichtet ist. Platzieren Sie eine Abdeckung auf dem Schacht f\u00fcr Zugang und Schutz.<\/span><\/li>\n<\/ul>\n<p><span style=\"color: #ffffff;\">Kanalsch\u00e4chte sind f\u00fcr die effiziente und sichere Verwaltung des Abwassersystems erforderlich, da sie eine regelm\u00e4\u00dfige Wartung erm\u00f6glichen und potenzielle Probleme wie Verstopfungen oder Sch\u00e4den verhindern.<\/span>[\/vc_column_text][vc_empty_space height=&#8220;30&#8243;][\/vc_column][\/vc_row][vc_row full_width=&#8220;stretch_row&#8220; css=&#8220;.vc_custom_1709644275584{background-color: #efefef !important;}&#8220;][vc_column][vc_column_text css=&#8220;.vc_custom_1738529674106{padding-right: 30px !important;padding-left: 30px !important;}&#8220;]<\/p>\n<h3>Was sind Inspektionskammern?<\/h3>\n<p>Inspektionskammern sind Schl\u00fcsselelemente von Abwassersystemen, die den Zugang f\u00fcr Inspektion, Wartung und Eingriffe an der Abwasserleitung erm\u00f6glichen. Diese Kammern werden typischerweise dort platziert, wo die Rohrleitung ihre Richtung, ihr Gef\u00e4lle oder ihren Durchmesser \u00e4ndert und wo mehrere Rohrleitungen zusammenlaufen. Sie werden auch in bestimmten Abst\u00e4nden entlang der Rohrleitung installiert, um den Zugang f\u00fcr Reinigungs- oder Entstopfungsarbeiten zu erm\u00f6glichen.<\/p>\n<h3>Abmessungen von Inspektionskammern<\/h3>\n<p>Die Abmessungen von Inspektionskammern variieren je nach den spezifischen Anforderungen des Projekts und k\u00f6nnen an die Bed\u00fcrfnisse angepasst werden. Typische Abmessungen umfassen einen Innendurchmesser der Kammer von \u00d8300 mm bis \u00d83200 mm, w\u00e4hrend die H\u00f6he der Kammer an die Projektanforderungen angepasst werden kann und oft bis zu 10 Meter erreichen kann.[\/vc_column_text][vc_empty_space height=&#8220;30&#8243;][\/vc_column][\/vc_row][vc_row][vc_column][vc_column_text css=&#8220;.vc_custom_1738529718426{padding-top: 30px !important;padding-right: 30px !important;padding-bottom: 30px !important;padding-left: 30px !important;background-color: #0e415f !important;border-radius: 15px !important;}&#8220;]<\/p>\n<h3><span style=\"color: #fcb426;\">Was sind Sammelsch\u00e4chte?<\/span><\/h3>\n<p><span style=\"color: #ffffff;\">Sammelsch\u00e4chte sind eine spezielle Art von Inspektionskammer, die in Abwassersystemen verwendet wird, um Abwasser aus mehreren Richtungen zu sammeln, bevor es durch die Hauptleitung weitergeleitet wird. Sie dienen als Hauptpunkte f\u00fcr die Abwassersammlung und befinden sich oft dort, wo mehrere kleinere Rohrleitungen in eine gr\u00f6\u00dfere Rohrleitung m\u00fcnden. Obwohl Sammelsch\u00e4chte in ihrer Funktion den Inspektionskammern \u00e4hnlich sind, sind sie in der Regel gr\u00f6\u00dfer, da sie ein gr\u00f6\u00dferes Abwasservolumen aufnehmen und verarbeiten m\u00fcssen.<\/span><\/p>\n<h3><span style=\"color: #fcb426;\">Abmessungen von Sammelsch\u00e4chten<br \/>\n<span style=\"color: #ffffff;\">Die Abmessungen von Sammelsch\u00e4chten h\u00e4ngen vom erwarteten Abwasservolumen ab, das der Schacht aufnehmen muss, und von der Anzahl der Rohrleitungen, die in ihn m\u00fcnden. Der Durchmesser von Sammelsch\u00e4chten kann im Vergleich zu Standard-Inspektionskammern gr\u00f6\u00dfer sein und variiert oft je nach den konstruktiven Anforderungen. Die H\u00f6he des Schachtes kann je nach Verlegetiefe und Gel\u00e4ndeverh\u00e4ltnissen angepasst werden.<br \/>\n<\/span><br \/>\n[\/vc_column_text][vc_empty_space][\/vc_column][\/vc_row][vc_row full_width=&#8220;stretch_row_content_no_spaces&#8220;][vc_column][vc_column_text]<img loading=\"lazy\" decoding=\"async\" class=\"aligncenter wp-image-232 size-full\" src=\"https:\/\/cabarplast.com\/wp-content\/uploads\/2024\/03\/footer-4.png\" alt=\"\" width=\"1919\" height=\"50\" srcset=\"https:\/\/cabarplast.com\/wp-content\/uploads\/2024\/03\/footer-4.png 1919w, https:\/\/cabarplast.com\/wp-content\/uploads\/2024\/03\/footer-4-300x8.png 300w, https:\/\/cabarplast.com\/wp-content\/uploads\/2024\/03\/footer-4-1024x27.png 1024w, https:\/\/cabarplast.com\/wp-content\/uploads\/2024\/03\/footer-4-768x20.png 768w, https:\/\/cabarplast.com\/wp-content\/uploads\/2024\/03\/footer-4-1536x40.png 1536w\" sizes=\"auto, (max-width: 1919px) 100vw, 1919px\" \/>[\/vc_column_text][\/vc_column][\/vc_row] <\/span><\/h3>\n<\/div>","protected":false},"excerpt":{"rendered":"<p>[vc_row][vc_column width=&#8220;1\/2&#8243;][\/vc_column][vc_column width=&#8220;1\/2&#8243; css=&#8220;.vc_custom_1709647368309{border-left-width: 1px !important;padding-right: 30px !important;padding-left: 30px !important;border-left-color: #0e415f !important;border-left-style: solid !important;}&#8220;][vc_column_text css=&#8220;&#8220;] Kunststoff-Kanalsch\u00e4chte &nbsp; Kanalsch\u00e4chte, auch als Inspektionskammern bekannt, sind wesentliche Bestandteile von Abwassersystemen, die den Zugang f\u00fcr Inspektion, Wartung und Reinigung des Kanalnetzes erm\u00f6glichen. Sie werden strategisch an Schl\u00fcsselpunkten im System platziert, wie z. B. bei Richtungs\u00e4nderungen, Neigungen oder dort, wo&hellip;<\/p>\n","protected":false},"author":1,"featured_media":0,"parent":0,"menu_order":0,"comment_status":"closed","ping_status":"closed","template":"","meta":{"footnotes":""},"class_list":["post-3226","page","type-page","status-publish","hentry","description-off"],"_links":{"self":[{"href":"https:\/\/cabarplast.com\/de\/wp-json\/wp\/v2\/pages\/3226","targetHints":{"allow":["GET"]}}],"collection":[{"href":"https:\/\/cabarplast.com\/de\/wp-json\/wp\/v2\/pages"}],"about":[{"href":"https:\/\/cabarplast.com\/de\/wp-json\/wp\/v2\/types\/page"}],"author":[{"embeddable":true,"href":"https:\/\/cabarplast.com\/de\/wp-json\/wp\/v2\/users\/1"}],"replies":[{"embeddable":true,"href":"https:\/\/cabarplast.com\/de\/wp-json\/wp\/v2\/comments?post=3226"}],"version-history":[{"count":2,"href":"https:\/\/cabarplast.com\/de\/wp-json\/wp\/v2\/pages\/3226\/revisions"}],"predecessor-version":[{"id":3229,"href":"https:\/\/cabarplast.com\/de\/wp-json\/wp\/v2\/pages\/3226\/revisions\/3229"}],"wp:attachment":[{"href":"https:\/\/cabarplast.com\/de\/wp-json\/wp\/v2\/media?parent=3226"}],"curies":[{"name":"wp","href":"https:\/\/api.w.org\/{rel}","templated":true}]}}