{"id":3221,"date":"2024-03-04T21:11:22","date_gmt":"2024-03-04T21:11:22","guid":{"rendered":"https:\/\/cabarplast.com\/separatori\/"},"modified":"2025-02-02T20:49:52","modified_gmt":"2025-02-02T20:49:52","slug":"abscheider","status":"publish","type":"page","link":"https:\/\/cabarplast.com\/de\/abscheider\/","title":{"rendered":"Abscheider"},"content":{"rendered":"<div class=\"wpb-content-wrapper\"><p>[vc_row][vc_column css=&#8220;.vc_custom_1710099881337{padding-right: 30px !important;padding-left: 30px !important;}&#8220;][vc_column_text css=&#8220;&#8220;]<\/p>\n<h1>Abscheider<\/h1>\n<p>Fettabscheider, \u00d6labscheider und Abscheider f\u00fcr Mineral\u00f6lderivate sind spezialisierte Einheiten, die verschiedene Verfahren (wie Schwerkraft, Koaleszenz oder Flotation) nutzen, um organische Stoffe, die leichter als Wasser sind, abzutrennen und zur\u00fcckzuhalten. Diese Ger\u00e4te sind unerl\u00e4sslich in Einrichtungen, in denen Fette und \u00d6le enthaltende Materialien verarbeitet oder zubereitet werden, wie z.B. Restaurants, Autowaschanlagen, Tankstellen, Industrieanlagen usw.<br \/>\n[\/vc_column_text][vc_empty_space height=&#8220;50&#8243;][\/vc_column][\/vc_row][vc_row][vc_column][vc_row_inner][vc_column_inner width=&#8220;2\/3&#8243; css=&#8220;.vc_custom_1710101124194{border-left-width: 1px !important;padding-right: 30px !important;padding-left: 30px !important;border-left-color: #0e415f !important;border-left-style: solid !important;}&#8220;][vc_column_text css=&#8220;&#8220;]<\/p>\n<p style=\"font-size: 25px;\">Fett- und \u00d6labscheider<\/p>\n<p>&nbsp;<\/p>\n<p>In zeitgen\u00f6ssisch Leben flie\u00dft wo es gibt ein Nachfrage f\u00fcr zunehmend Pflege f\u00fcr Umweltschutz und Nachhaltigkeit, Fett und \u00d6l Abscheider k\u00f6nnen spielen ein entscheidend Rolle in Abwasser Reinigung. Aufmerksamkeit muss sein bezahlt zu Verschmutzung, das Materialien benutzt, und das Abwasser entladen in menschlich Umgebungen. [\/vc_column_text][vc_empty_space height=&#8220;20&#8243;]<a href=\"https:\/\/cabarplast.com\/de\/fett-und-oelabscheider\/\" class=\"btn-shortcode dt-btn-m dt-btn default-btn-color default-btn-hover-color default-btn-bg-color default-btn-bg-hover-color\" id=\"dt-btn-1\"><span>Mehr sehen<\/span><\/a>[\/vc_column_inner][vc_column_inner width=&#8220;1\/3&#8243;][vc_column_text css=&#8220;&#8220;]<a href=\"https:\/\/cabarplast.com\/de\/fett-und-oelabscheider\/\"><img loading=\"lazy\" decoding=\"async\" class=\"wp-image-1032 size-medium aligncenter\" src=\"https:\/\/cabarplast.com\/wp-content\/uploads\/2024\/04\/Separatori-masti-i-ulja-300x300.jpg\" alt=\"\" width=\"300\" height=\"300\" srcset=\"https:\/\/cabarplast.com\/wp-content\/uploads\/2024\/04\/Separatori-masti-i-ulja-300x300.jpg 300w, https:\/\/cabarplast.com\/wp-content\/uploads\/2024\/04\/Separatori-masti-i-ulja-1024x1024.jpg 1024w, https:\/\/cabarplast.com\/wp-content\/uploads\/2024\/04\/Separatori-masti-i-ulja-150x150.jpg 150w, https:\/\/cabarplast.com\/wp-content\/uploads\/2024\/04\/Separatori-masti-i-ulja-768x768.jpg 768w, https:\/\/cabarplast.com\/wp-content\/uploads\/2024\/04\/Separatori-masti-i-ulja.jpg 1080w\" sizes=\"auto, (max-width: 300px) 100vw, 300px\" \/><\/a>[\/vc_column_text][\/vc_column_inner][\/vc_row_inner][vc_empty_space height=&#8220;30&#8243;][vc_row_inner][vc_column_inner width=&#8220;1\/3&#8243;][vc_column_text css=&#8220;&#8220;]<a href=\"https:\/\/cabarplast.com\/de\/abscheider-fuer-erdoelderivate\/\"><img loading=\"lazy\" decoding=\"async\" class=\"wp-image-992 size-medium aligncenter\" src=\"https:\/\/cabarplast.com\/wp-content\/uploads\/2024\/04\/Separatori-masti-i-ulja-2-300x300.jpg\" alt=\"\" width=\"300\" height=\"300\" srcset=\"https:\/\/cabarplast.com\/wp-content\/uploads\/2024\/04\/Separatori-masti-i-ulja-2-300x300.jpg 300w, https:\/\/cabarplast.com\/wp-content\/uploads\/2024\/04\/Separatori-masti-i-ulja-2-1024x1024.jpg 1024w, https:\/\/cabarplast.com\/wp-content\/uploads\/2024\/04\/Separatori-masti-i-ulja-2-150x150.jpg 150w, https:\/\/cabarplast.com\/wp-content\/uploads\/2024\/04\/Separatori-masti-i-ulja-2-768x768.jpg 768w, https:\/\/cabarplast.com\/wp-content\/uploads\/2024\/04\/Separatori-masti-i-ulja-2.jpg 1080w\" sizes=\"auto, (max-width: 300px) 100vw, 300px\" \/><\/a>[\/vc_column_text][\/vc_column_inner][vc_column_inner width=&#8220;2\/3&#8243; css=&#8220;.vc_custom_1710101146731{border-left-width: 1px !important;padding-right: 30px !important;padding-left: 30px !important;border-left-color: #0e415f !important;border-left-style: solid !important;}&#8220;][vc_column_text css=&#8220;&#8220;]<\/p>\n<p style=\"font-size: 25px;\"><strong>Abscheider<\/strong> f\u00fcr Erd\u00f6lderivate<\/p>\n<p>&nbsp;<\/p>\n<p>Abscheider f\u00fcr Erd\u00f6lderivate sind spezielle Ger\u00e4te, die entwickelt wurden, um \u00d6l, Benzin und andere Erd\u00f6lderivate effizient aus Abwasser zu entfernen.[\/vc_column_text][vc_empty_space height=&#8220;20&#8243;]<a href=\"https:\/\/cabarplast.com\/de\/abscheider-fuer-erdoelderivate\/\" class=\"btn-shortcode dt-btn-m dt-btn default-btn-color default-btn-hover-color default-btn-bg-color default-btn-bg-hover-color\" id=\"dt-btn-2\"><span>Mehr sehen<\/span><\/a>[\/vc_column_inner][\/vc_row_inner][vc_empty_space height=&#8220;30&#8243;][\/vc_column][\/vc_row][vc_row][vc_column][vc_column_text css=&#8220;&#8220;]<\/p>\n<h2>Bedeutung von Abscheidern f\u00fcr den Umweltschutz:<\/h2>\n<ul>\n<li>Abscheider verhindern, dass Fette und \u00d6le in das Abwasser und die Wasserstra\u00dfen gelangen, wo sie erhebliche Verschmutzungen und Sch\u00e4den f\u00fcr \u00d6kosysteme verursachen k\u00f6nnen.<\/li>\n<li>Sauberes Wasser ist entscheidend f\u00fcr den Erhalt der biologischen Vielfalt, und Abscheider tragen dazu bei, die Qualit\u00e4t der Gew\u00e4sser in nat\u00fcrlichen Lebensr\u00e4umen zu erhalten.<\/li>\n<li>Sie sch\u00fctzen die Kanalisationsinfrastruktur vor Verstopfungen und Sch\u00e4den, die zu teuren Reparaturen und Betriebsunterbrechungen f\u00fchren k\u00f6nnen.<\/li>\n<\/ul>\n<p>&nbsp;<\/p>\n<h3>Merkmale von Abscheidern:<\/h3>\n<ul>\n<li>Moderne Abscheider sind hocheffizient und in der Lage, gro\u00dfe Mengen an Abwasser zu verarbeiten und Schadstoffe effektiv abzutrennen.<\/li>\n<li>Sie sind so konzipiert, dass sie sich an die spezifischen Bed\u00fcrfnisse verschiedener Branchen und Anwendungen anpassen lassen.<\/li>\n<li>Hergestellt aus langlebigen Materialien, die eine langfristige Nutzung und Best\u00e4ndigkeit gegen Korrosion und mechanische Besch\u00e4digung gew\u00e4hrleisten.<\/li>\n<li>Die meisten Abscheider sind so konzipiert, dass sie den Zugang und die Wartung erleichtern, einschlie\u00dflich der einfachen Entfernung von angesammelten Fetten und \u00d6len.<\/li>\n<li>Die f\u00fcr den Bau von Abscheidern verwendeten Materialien sind umweltfreundlich und oft recycelbar, wodurch der \u00f6kologische Fu\u00dfabdruck reduziert wird.<\/li>\n<\/ul>\n<p>[\/vc_column_text][vc_empty_space][\/vc_column][\/vc_row][vc_row][vc_column][vc_column_text css=&#8220;.vc_custom_1738529387520{padding-top: 30px !important;padding-right: 30px !important;padding-bottom: 30px !important;padding-left: 30px !important;background-color: #0e415f !important;border-radius: 15px !important;}&#8220;]<span style=\"color: #ffffff;\">Durch den Einsatz von Abscheidern f\u00fcr Fette, \u00d6le und Mineral\u00f6lderivate \u00fcbernehmen Industrie und kommunale Dienste eine aktive Rolle beim Umweltschutz und f\u00f6rdern Nachhaltigkeit durch verantwortungsvolles Abwassermanagement.<\/span>[\/vc_column_text][vc_empty_space][\/vc_column][\/vc_row][vc_row full_width=&#8220;stretch_row_content_no_spaces&#8220;][vc_column][vc_column_text]<img loading=\"lazy\" decoding=\"async\" class=\"aligncenter wp-image-232 size-full\" src=\"https:\/\/cabarplast.com\/wp-content\/uploads\/2024\/03\/footer-4.png\" alt=\"\" width=\"1919\" height=\"50\" srcset=\"https:\/\/cabarplast.com\/wp-content\/uploads\/2024\/03\/footer-4.png 1919w, https:\/\/cabarplast.com\/wp-content\/uploads\/2024\/03\/footer-4-300x8.png 300w, https:\/\/cabarplast.com\/wp-content\/uploads\/2024\/03\/footer-4-1024x27.png 1024w, https:\/\/cabarplast.com\/wp-content\/uploads\/2024\/03\/footer-4-768x20.png 768w, https:\/\/cabarplast.com\/wp-content\/uploads\/2024\/03\/footer-4-1536x40.png 1536w\" sizes=\"auto, (max-width: 1919px) 100vw, 1919px\" \/>[\/vc_column_text][\/vc_column][\/vc_row]<\/p>\n<\/div>","protected":false},"excerpt":{"rendered":"<p>[vc_row][vc_column css=&#8220;.vc_custom_1710099881337{padding-right: 30px !important;padding-left: 30px !important;}&#8220;][vc_column_text css=&#8220;&#8220;] Abscheider Fettabscheider, \u00d6labscheider und Abscheider f\u00fcr Mineral\u00f6lderivate sind spezialisierte Einheiten, die verschiedene Verfahren (wie Schwerkraft, Koaleszenz oder Flotation) nutzen, um organische Stoffe, die leichter als Wasser sind, abzutrennen und zur\u00fcckzuhalten. Diese Ger\u00e4te sind unerl\u00e4sslich in Einrichtungen, in denen Fette und \u00d6le enthaltende Materialien verarbeitet oder zubereitet werden, wie&hellip;<\/p>\n","protected":false},"author":1,"featured_media":0,"parent":0,"menu_order":0,"comment_status":"closed","ping_status":"closed","template":"","meta":{"footnotes":""},"class_list":["post-3221","page","type-page","status-publish","hentry","description-off"],"_links":{"self":[{"href":"https:\/\/cabarplast.com\/de\/wp-json\/wp\/v2\/pages\/3221","targetHints":{"allow":["GET"]}}],"collection":[{"href":"https:\/\/cabarplast.com\/de\/wp-json\/wp\/v2\/pages"}],"about":[{"href":"https:\/\/cabarplast.com\/de\/wp-json\/wp\/v2\/types\/page"}],"author":[{"embeddable":true,"href":"https:\/\/cabarplast.com\/de\/wp-json\/wp\/v2\/users\/1"}],"replies":[{"embeddable":true,"href":"https:\/\/cabarplast.com\/de\/wp-json\/wp\/v2\/comments?post=3221"}],"version-history":[{"count":2,"href":"https:\/\/cabarplast.com\/de\/wp-json\/wp\/v2\/pages\/3221\/revisions"}],"predecessor-version":[{"id":3223,"href":"https:\/\/cabarplast.com\/de\/wp-json\/wp\/v2\/pages\/3221\/revisions\/3223"}],"wp:attachment":[{"href":"https:\/\/cabarplast.com\/de\/wp-json\/wp\/v2\/media?parent=3221"}],"curies":[{"name":"wp","href":"https:\/\/api.w.org\/{rel}","templated":true}]}}