{"id":3193,"date":"2024-03-04T21:13:36","date_gmt":"2024-03-04T21:13:36","guid":{"rendered":"https:\/\/cabarplast.com\/plasticne-kace\/"},"modified":"2025-02-02T16:47:10","modified_gmt":"2025-02-02T16:47:10","slug":"kunststofffaesser","status":"publish","type":"page","link":"https:\/\/cabarplast.com\/de\/kunststofffaesser\/","title":{"rendered":"Kunststofff\u00e4sser"},"content":{"rendered":"<div class=\"wpb-content-wrapper\"><p>[vc_row][vc_column css=&#8220;.vc_custom_1710099881337{padding-right: 30px !important;padding-left: 30px !important;}&#8220;][vc_column_text css=&#8220;&#8220;]<\/p>\n<h1>Kunststofff\u00e4sser<\/h1>\n<p>\u010cabar Plast Kunststofff\u00e4sser sind f\u00fcr die Lagerung und den Transport verschiedener Fl\u00fcssigkeiten wie Wasser, Wein, Trester (fermentierter Fruchtsaft) und anderer Fl\u00fcssigkeiten bestimmt. Diese F\u00e4sser werden aus hochwertigen Kunststoffen wie Polyethylen hoher Dichte (HDPE) hergestellt, das f\u00fcr seine Festigkeit, chemische Best\u00e4ndigkeit und Langlebigkeit bekannt ist. Hier sind die Gr\u00fcnde, warum \u010cabar Plast Kunststofff\u00e4sser eine gute Wahl sind:<br \/>\n[\/vc_column_text][vc_empty_space height=&#8220;50&#8243;][\/vc_column][\/vc_row][vc_row][vc_column][vc_row_inner][vc_column_inner width=&#8220;2\/3&#8243; css=&#8220;.vc_custom_1710101124194{border-left-width: 1px !important;padding-right: 30px !important;padding-left: 30px !important;border-left-color: #0e415f !important;border-left-style: solid !important;}&#8220;][vc_column_text css=&#8220;&#8220;]<\/p>\n<p style=\"font-size: 25px;\">Kunststofff\u00e4sser f\u00fcr Wasser<\/p>\n<p>&nbsp;<\/p>\n<p>Sie sind ideal f\u00fcr die Lagerung von Trinkwasser und bieten eine sichere und hygienische L\u00f6sung f\u00fcr Haushalte, landwirtschaftliche Betriebe und andere Orte, an denen eine Wasserspeicherung erforderlich ist.<br \/>\n[\/vc_column_text][vc_empty_space height=&#8220;20&#8243;]<a href=\"https:\/\/cabarplast.com\/de\/kunststofffaesser-fuer-wasser\/\" class=\"btn-shortcode dt-btn-m dt-btn default-btn-color default-btn-hover-color default-btn-bg-color default-btn-bg-hover-color\" id=\"dt-btn-1\"><span>Mehr sehen<\/span><\/a>[\/vc_column_inner][vc_column_inner width=&#8220;1\/3&#8243;][vc_column_text]<a href=\"https:\/\/cabarplast.com\/de\/kunststofffaesser-fuer-wasser\/\"><img loading=\"lazy\" decoding=\"async\" class=\"wp-image-773 size-medium aligncenter\" src=\"https:\/\/cabarplast.com\/wp-content\/uploads\/2024\/03\/Kace-za-vodu-i-kominu-7-300x300.jpg\" alt=\"\" width=\"300\" height=\"300\" srcset=\"https:\/\/cabarplast.com\/wp-content\/uploads\/2024\/03\/Kace-za-vodu-i-kominu-7-300x300.jpg 300w, https:\/\/cabarplast.com\/wp-content\/uploads\/2024\/03\/Kace-za-vodu-i-kominu-7-1024x1024.jpg 1024w, https:\/\/cabarplast.com\/wp-content\/uploads\/2024\/03\/Kace-za-vodu-i-kominu-7-150x150.jpg 150w, https:\/\/cabarplast.com\/wp-content\/uploads\/2024\/03\/Kace-za-vodu-i-kominu-7-768x768.jpg 768w, https:\/\/cabarplast.com\/wp-content\/uploads\/2024\/03\/Kace-za-vodu-i-kominu-7.jpg 1080w\" sizes=\"auto, (max-width: 300px) 100vw, 300px\" \/><\/a>[\/vc_column_text][\/vc_column_inner][\/vc_row_inner][vc_empty_space height=&#8220;30&#8243;][vc_row_inner][vc_column_inner width=&#8220;1\/3&#8243;][vc_column_text]<a href=\"https:\/\/cabarplast.com\/de\/kunststofffaesser-fuer-wein\/\"><img loading=\"lazy\" decoding=\"async\" class=\"wp-image-758 size-medium aligncenter\" src=\"https:\/\/cabarplast.com\/wp-content\/uploads\/2024\/03\/Plasticne-kace-za-vino-1-300x300.jpg\" alt=\"\" width=\"300\" height=\"300\" srcset=\"https:\/\/cabarplast.com\/wp-content\/uploads\/2024\/03\/Plasticne-kace-za-vino-1-300x300.jpg 300w, https:\/\/cabarplast.com\/wp-content\/uploads\/2024\/03\/Plasticne-kace-za-vino-1-1024x1024.jpg 1024w, https:\/\/cabarplast.com\/wp-content\/uploads\/2024\/03\/Plasticne-kace-za-vino-1-150x150.jpg 150w, https:\/\/cabarplast.com\/wp-content\/uploads\/2024\/03\/Plasticne-kace-za-vino-1-768x768.jpg 768w, https:\/\/cabarplast.com\/wp-content\/uploads\/2024\/03\/Plasticne-kace-za-vino-1.jpg 1080w\" sizes=\"auto, (max-width: 300px) 100vw, 300px\" \/><\/a>[\/vc_column_text][\/vc_column_inner][vc_column_inner width=&#8220;2\/3&#8243; css=&#8220;.vc_custom_1710101146731{border-left-width: 1px !important;padding-right: 30px !important;padding-left: 30px !important;border-left-color: #0e415f !important;border-left-style: solid !important;}&#8220;][vc_column_text css=&#8220;&#8220;]<\/p>\n<p style=\"font-size: 25px;\">Kunststofff\u00e4sser f\u00fcr Wein<\/p>\n<p>&nbsp;<\/p>\n<p>Speziell f\u00fcr die G\u00e4rung und Lagerung von Wein entwickelt, erm\u00f6glichen diese F\u00e4sser die Kontrolle \u00fcber den G\u00e4r- und Reifungsprozess und bewahren die Qualit\u00e4t und den Geschmack des Weins.[\/vc_column_text][vc_empty_space height=&#8220;20&#8243;]<a href=\"https:\/\/cabarplast.com\/de\/kunststofffaesser-fuer-wein\/\" class=\"btn-shortcode dt-btn-m dt-btn default-btn-color default-btn-hover-color default-btn-bg-color default-btn-bg-hover-color\" id=\"dt-btn-2\"><span>Mehr sehen<\/span><\/a>[\/vc_column_inner][\/vc_row_inner][vc_empty_space height=&#8220;30&#8243;][vc_row_inner][vc_column_inner width=&#8220;2\/3&#8243; css=&#8220;.vc_custom_1710101124194{border-left-width: 1px !important;padding-right: 30px !important;padding-left: 30px !important;border-left-color: #0e415f !important;border-left-style: solid !important;}&#8220;][vc_column_text css=&#8220;&#8220;]<\/p>\n<p style=\"font-size: 25px;\">Kunststofff\u00e4sser zur G\u00e4rung<\/p>\n<p>&nbsp;<\/p>\n<p>Sie bieten eine ausgezeichnete L\u00f6sung f\u00fcr die Verg\u00e4rung von Fruchts\u00e4ften und erm\u00f6glichen die Herstellung von hochwertigem Trester durch einen kontrollierten G\u00e4rprozess unter hygienischen Bedingungen.<br \/>\n[\/vc_column_text][vc_empty_space height=&#8220;20&#8243;]<a href=\"https:\/\/cabarplast.com\/de\/kunststofffaesser-fuer-wein\/\" class=\"btn-shortcode dt-btn-m dt-btn default-btn-color default-btn-hover-color default-btn-bg-color default-btn-bg-hover-color\" id=\"dt-btn-3\"><span>Mehr sehen<\/span><\/a>[\/vc_column_inner][vc_column_inner width=&#8220;1\/3&#8243;][vc_column_text]<a href=\"https:\/\/cabarplast.com\/de\/kunststofffaesser-zur-gaerung\/\"><img loading=\"lazy\" decoding=\"async\" class=\"wp-image-767 size-medium aligncenter\" src=\"https:\/\/cabarplast.com\/wp-content\/uploads\/2024\/03\/Kace-za-vodu-i-kominu-1-300x300.jpg\" alt=\"\" width=\"300\" height=\"300\" srcset=\"https:\/\/cabarplast.com\/wp-content\/uploads\/2024\/03\/Kace-za-vodu-i-kominu-1-300x300.jpg 300w, https:\/\/cabarplast.com\/wp-content\/uploads\/2024\/03\/Kace-za-vodu-i-kominu-1-1024x1024.jpg 1024w, https:\/\/cabarplast.com\/wp-content\/uploads\/2024\/03\/Kace-za-vodu-i-kominu-1-150x150.jpg 150w, https:\/\/cabarplast.com\/wp-content\/uploads\/2024\/03\/Kace-za-vodu-i-kominu-1-768x768.jpg 768w, https:\/\/cabarplast.com\/wp-content\/uploads\/2024\/03\/Kace-za-vodu-i-kominu-1.jpg 1080w\" sizes=\"auto, (max-width: 300px) 100vw, 300px\" \/><\/a>[\/vc_column_text][\/vc_column_inner][\/vc_row_inner][vc_empty_space height=&#8220;30&#8243;][\/vc_column][\/vc_row][vc_row][vc_column][vc_column_text css=&#8220;&#8220;]<strong>Vorteile von \u010cabar Plast<\/strong> Kunststofff\u00e4sser einschlie\u00dfen ihre Leichtigkeit, Haltbarkeit, Korrosionsbest\u00e4ndigkeit und Leichtigkeit von Wartung. Zus\u00e4tzlich, sie sind oft UV stabilisiert, machend sie geeignet f\u00fcr drau\u00dfen Nutzung ohne Angst von Degradation von Sonnenlicht.<\/p>\n<p>Dank an diese Eigenschaften, \u010cabar Plast Kunststofff\u00e4sser repr\u00e4sentieren ein langlebig, Kosten-effektiv, und umweltfreundlich L\u00f6sung f\u00fcr verschieden Fl\u00fcssigkeit Lagerung Bed\u00fcrfnisse. F\u00e4sser k\u00f6nnen sein mit oder ohne ein Deckel.<\/p>\n<p>[\/vc_column_text][vc_empty_space][\/vc_column][\/vc_row][vc_row][vc_column][vc_empty_space][\/vc_column][\/vc_row][vc_row full_width=&#8220;stretch_row_content_no_spaces&#8220;][vc_column][vc_column_text]<img loading=\"lazy\" decoding=\"async\" class=\"aligncenter wp-image-232 size-full\" src=\"https:\/\/cabarplast.com\/wp-content\/uploads\/2024\/03\/footer-4.png\" alt=\"\" width=\"1919\" height=\"50\" srcset=\"https:\/\/cabarplast.com\/wp-content\/uploads\/2024\/03\/footer-4.png 1919w, https:\/\/cabarplast.com\/wp-content\/uploads\/2024\/03\/footer-4-300x8.png 300w, https:\/\/cabarplast.com\/wp-content\/uploads\/2024\/03\/footer-4-1024x27.png 1024w, https:\/\/cabarplast.com\/wp-content\/uploads\/2024\/03\/footer-4-768x20.png 768w, https:\/\/cabarplast.com\/wp-content\/uploads\/2024\/03\/footer-4-1536x40.png 1536w\" sizes=\"auto, (max-width: 1919px) 100vw, 1919px\" \/>[\/vc_column_text][\/vc_column][\/vc_row]<\/p>\n<\/div>","protected":false},"excerpt":{"rendered":"<p>[vc_row][vc_column css=&#8220;.vc_custom_1710099881337{padding-right: 30px !important;padding-left: 30px !important;}&#8220;][vc_column_text css=&#8220;&#8220;] Kunststofff\u00e4sser \u010cabar Plast Kunststofff\u00e4sser sind f\u00fcr die Lagerung und den Transport verschiedener Fl\u00fcssigkeiten wie Wasser, Wein, Trester (fermentierter Fruchtsaft) und anderer Fl\u00fcssigkeiten bestimmt. Diese F\u00e4sser werden aus hochwertigen Kunststoffen wie Polyethylen hoher Dichte (HDPE) hergestellt, das f\u00fcr seine Festigkeit, chemische Best\u00e4ndigkeit und Langlebigkeit bekannt ist. Hier sind die&hellip;<\/p>\n","protected":false},"author":1,"featured_media":0,"parent":0,"menu_order":0,"comment_status":"closed","ping_status":"closed","template":"","meta":{"footnotes":""},"class_list":["post-3193","page","type-page","status-publish","hentry","description-off"],"_links":{"self":[{"href":"https:\/\/cabarplast.com\/de\/wp-json\/wp\/v2\/pages\/3193","targetHints":{"allow":["GET"]}}],"collection":[{"href":"https:\/\/cabarplast.com\/de\/wp-json\/wp\/v2\/pages"}],"about":[{"href":"https:\/\/cabarplast.com\/de\/wp-json\/wp\/v2\/types\/page"}],"author":[{"embeddable":true,"href":"https:\/\/cabarplast.com\/de\/wp-json\/wp\/v2\/users\/1"}],"replies":[{"embeddable":true,"href":"https:\/\/cabarplast.com\/de\/wp-json\/wp\/v2\/comments?post=3193"}],"version-history":[{"count":2,"href":"https:\/\/cabarplast.com\/de\/wp-json\/wp\/v2\/pages\/3193\/revisions"}],"predecessor-version":[{"id":3195,"href":"https:\/\/cabarplast.com\/de\/wp-json\/wp\/v2\/pages\/3193\/revisions\/3195"}],"wp:attachment":[{"href":"https:\/\/cabarplast.com\/de\/wp-json\/wp\/v2\/media?parent=3193"}],"curies":[{"name":"wp","href":"https:\/\/api.w.org\/{rel}","templated":true}]}}