{"id":3151,"date":"2024-03-04T21:14:17","date_gmt":"2024-03-04T21:14:17","guid":{"rendered":"https:\/\/cabarplast.com\/plasticne-cevi\/"},"modified":"2025-02-02T15:52:05","modified_gmt":"2025-02-02T15:52:05","slug":"kunststoffrohre","status":"publish","type":"page","link":"https:\/\/cabarplast.com\/de\/kunststoffrohre\/","title":{"rendered":"Kunststoffrohre"},"content":{"rendered":"<div class=\"wpb-content-wrapper\"><p>[vc_row][vc_column css=&#8220;.vc_custom_1710099881337{padding-right: 30px !important;padding-left: 30px !important;}&#8220;][vc_column_text css=&#8220;&#8220;]<\/p>\n<h1>Kunststoffrohre<\/h1>\n<p>Gro\u00dfdimensionierte Kunststoffrohre sind spezielle Rohre, die f\u00fcr den Transport gro\u00dfer Mengen an Fl\u00fcssigkeiten oder Gasen verwendet werden. Sie werden aus hochfesten Materialien wie hochdichtem Polyethylen (HDPE) oder Polypropylen (PP) hergestellt, die ihnen au\u00dfergew\u00f6hnliche Festigkeit, Flexibilit\u00e4t und Best\u00e4ndigkeit gegen verschiedene chemische und atmosph\u00e4rische Einfl\u00fcsse verleihen.<\/p>\n<p>Innerhalb dieser Palette von gro\u00dfdimensionierten Kunststoffrohren gibt es drei Schl\u00fcsselkategorien, die auf spezifische Bed\u00fcrfnisse zugeschnitten sind:[\/vc_column_text][vc_empty_space height=&#8220;50&#8243;][\/vc_column][\/vc_row][vc_row][vc_column][vc_row_inner][vc_column_inner width=&#8220;2\/3&#8243; css=&#8220;.vc_custom_1710101124194{border-left-width: 1px !important;padding-right: 30px !important;padding-left: 30px !important;border-left-color: #0e415f !important;border-left-style: solid !important;}&#8220;][vc_column_text css=&#8220;&#8220;]<\/p>\n<p style=\"font-size: 25px;\">Abwasserrohre<\/p>\n<p>&nbsp;<\/p>\n<p>Diese Unterkategorie umfasst Kunststoffrohre, die f\u00fcr den effizienten Transport von Abwasser und Regenwasser aus Haushalten, Gewerbe- und Industrieanlagen konzipiert sind. \u010cabar Plast Abwasserrohre werden aus hochbest\u00e4ndigen Materialien hergestellt, die Langlebigkeit, Korrosionsbest\u00e4ndigkeit und einfache Wartung bieten.<br \/>\n[\/vc_column_text][vc_empty_space height=&#8220;20&#8243;]<a href=\"https:\/\/cabarplast.com\/de\/abwasserrohre\/\" class=\"btn-shortcode dt-btn-m dt-btn default-btn-color default-btn-hover-color default-btn-bg-color default-btn-bg-hover-color\" id=\"dt-btn-1\"><span>Mehr sehen<\/span><\/a>[\/vc_column_inner][vc_column_inner width=&#8220;1\/3&#8243;][vc_column_text css=&#8220;&#8220;]<a href=\"https:\/\/cabarplast.com\/de\/abwasserrohre\/\"><img loading=\"lazy\" decoding=\"async\" class=\"wp-image-1016 size-medium aligncenter\" src=\"https:\/\/cabarplast.com\/wp-content\/uploads\/2024\/04\/Kanalizacione-cevi-5-300x300.jpg\" alt=\"\" width=\"300\" height=\"300\" srcset=\"https:\/\/cabarplast.com\/wp-content\/uploads\/2024\/04\/Kanalizacione-cevi-5-300x300.jpg 300w, https:\/\/cabarplast.com\/wp-content\/uploads\/2024\/04\/Kanalizacione-cevi-5-1024x1024.jpg 1024w, https:\/\/cabarplast.com\/wp-content\/uploads\/2024\/04\/Kanalizacione-cevi-5-150x150.jpg 150w, https:\/\/cabarplast.com\/wp-content\/uploads\/2024\/04\/Kanalizacione-cevi-5-768x768.jpg 768w, https:\/\/cabarplast.com\/wp-content\/uploads\/2024\/04\/Kanalizacione-cevi-5.jpg 1080w\" sizes=\"auto, (max-width: 300px) 100vw, 300px\" \/><\/a>[\/vc_column_text][\/vc_column_inner][\/vc_row_inner][vc_empty_space height=&#8220;30&#8243;][vc_row_inner][vc_column_inner width=&#8220;1\/3&#8243;][vc_column_text css=&#8220;&#8220;]<a href=\"https:\/\/cabarplast.com\/de\/lueftungsrohre\/\"><img loading=\"lazy\" decoding=\"async\" class=\"wp-image-994 size-medium aligncenter\" src=\"https:\/\/cabarplast.com\/wp-content\/uploads\/2024\/04\/cevi-za-ventilaciju-300x300.jpg\" alt=\"\" width=\"300\" height=\"300\" srcset=\"https:\/\/cabarplast.com\/wp-content\/uploads\/2024\/04\/cevi-za-ventilaciju-300x300.jpg 300w, https:\/\/cabarplast.com\/wp-content\/uploads\/2024\/04\/cevi-za-ventilaciju-1024x1024.jpg 1024w, https:\/\/cabarplast.com\/wp-content\/uploads\/2024\/04\/cevi-za-ventilaciju-150x150.jpg 150w, https:\/\/cabarplast.com\/wp-content\/uploads\/2024\/04\/cevi-za-ventilaciju-768x768.jpg 768w, https:\/\/cabarplast.com\/wp-content\/uploads\/2024\/04\/cevi-za-ventilaciju.jpg 1080w\" sizes=\"auto, (max-width: 300px) 100vw, 300px\" \/><\/a>[\/vc_column_text][\/vc_column_inner][vc_column_inner width=&#8220;2\/3&#8243; css=&#8220;.vc_custom_1710101146731{border-left-width: 1px !important;padding-right: 30px !important;padding-left: 30px !important;border-left-color: #0e415f !important;border-left-style: solid !important;}&#8220;][vc_column_text css=&#8220;&#8220;]<\/p>\n<p style=\"font-size: 25px;\">L\u00fcftungsrohre<\/p>\n<p>&nbsp;<\/p>\n<p>Dies sind Kunststoffrohre, die f\u00fcr L\u00fcftungssysteme bestimmt sind und einen effizienten Luftaustausch in Geb\u00e4uden und Anlagen gew\u00e4hrleisten. L\u00fcftungsrohre sind so konzipiert, dass sie den Luftstr\u00f6mungswiderstand minimieren und Ger\u00e4usche reduzieren, was sie zu einer idealen L\u00f6sung f\u00fcr R\u00e4ume macht, in denen die Luftqualit\u00e4t von gr\u00f6\u00dfter Bedeutung ist.<br \/>\n[\/vc_column_text][vc_empty_space height=&#8220;20&#8243;]<a href=\"https:\/\/cabarplast.com\/de\/lueftungsrohre\/\" class=\"btn-shortcode dt-btn-m dt-btn default-btn-color default-btn-hover-color default-btn-bg-color default-btn-bg-hover-color\" id=\"dt-btn-2\"><span>Mehr sehen<\/span><\/a>[\/vc_column_inner][\/vc_row_inner][vc_empty_space height=&#8220;30&#8243;][vc_row_inner][vc_column_inner width=&#8220;2\/3&#8243; css=&#8220;.vc_custom_1710101124194{border-left-width: 1px !important;padding-right: 30px !important;padding-left: 30px !important;border-left-color: #0e415f !important;border-left-style: solid !important;}&#8220;][vc_column_text css=&#8220;&#8220;]<\/p>\n<p style=\"font-size: 25px;\">Drainagerohre<\/p>\n<p>&nbsp;<\/p>\n<p>Drainagerohre sind spezielle Rohre, die f\u00fcr die effiziente Ableitung von \u00fcbersch\u00fcssigem Wasser aus dem Boden oder von Bauwerken wie Geb\u00e4udefundamenten, landwirtschaftlichen Fl\u00e4chen, Sportpl\u00e4tzen und \u00e4hnlichem bestimmt sind. Sie sind so konzipiert, dass sie das Eindringen von Wasser durch Perforationen oder speziell gestaltete \u00d6ffnungen entlang des Rohres erm\u00f6glichen und gleichzeitig das Eindringen von Erde oder Wurzeln verhindern, die das Rohr verstopfen k\u00f6nnten.<br \/>\n[\/vc_column_text][vc_empty_space height=&#8220;20&#8243;]<a href=\"https:\/\/cabarplast.com\/de\/drainagerohre\/\" class=\"btn-shortcode dt-btn-m dt-btn default-btn-color default-btn-hover-color default-btn-bg-color default-btn-bg-hover-color\" id=\"dt-btn-3\"><span>Mehr sehen<\/span><\/a>[\/vc_column_inner][vc_column_inner width=&#8220;1\/3&#8243;][vc_column_text css=&#8220;&#8220;]<a href=\"https:\/\/cabarplast.com\/de\/drainagerohre\/\"><img loading=\"lazy\" decoding=\"async\" class=\"wp-image-1007 size-medium aligncenter\" src=\"https:\/\/cabarplast.com\/wp-content\/uploads\/2024\/04\/Cevi-za-drenazu-2-300x300.jpg\" alt=\"\" width=\"300\" height=\"300\" srcset=\"https:\/\/cabarplast.com\/wp-content\/uploads\/2024\/04\/Cevi-za-drenazu-2-300x300.jpg 300w, https:\/\/cabarplast.com\/wp-content\/uploads\/2024\/04\/Cevi-za-drenazu-2-1024x1024.jpg 1024w, https:\/\/cabarplast.com\/wp-content\/uploads\/2024\/04\/Cevi-za-drenazu-2-150x150.jpg 150w, https:\/\/cabarplast.com\/wp-content\/uploads\/2024\/04\/Cevi-za-drenazu-2-768x768.jpg 768w, https:\/\/cabarplast.com\/wp-content\/uploads\/2024\/04\/Cevi-za-drenazu-2.jpg 1080w\" sizes=\"auto, (max-width: 300px) 100vw, 300px\" \/><\/a>[\/vc_column_text][\/vc_column_inner][\/vc_row_inner][vc_empty_space height=&#8220;30&#8243;][\/vc_column][\/vc_row][vc_row full_width=&#8220;stretch_row_content_no_spaces&#8220;][vc_column][vc_column_text]<img loading=\"lazy\" decoding=\"async\" class=\"aligncenter wp-image-232 size-full\" src=\"https:\/\/cabarplast.com\/wp-content\/uploads\/2024\/03\/footer-4.png\" alt=\"\" width=\"1919\" height=\"50\" srcset=\"https:\/\/cabarplast.com\/wp-content\/uploads\/2024\/03\/footer-4.png 1919w, https:\/\/cabarplast.com\/wp-content\/uploads\/2024\/03\/footer-4-300x8.png 300w, https:\/\/cabarplast.com\/wp-content\/uploads\/2024\/03\/footer-4-1024x27.png 1024w, https:\/\/cabarplast.com\/wp-content\/uploads\/2024\/03\/footer-4-768x20.png 768w, https:\/\/cabarplast.com\/wp-content\/uploads\/2024\/03\/footer-4-1536x40.png 1536w\" sizes=\"auto, (max-width: 1919px) 100vw, 1919px\" \/>[\/vc_column_text][\/vc_column][\/vc_row]<\/p>\n<\/div>","protected":false},"excerpt":{"rendered":"<p>[vc_row][vc_column css=&#8220;.vc_custom_1710099881337{padding-right: 30px !important;padding-left: 30px !important;}&#8220;][vc_column_text css=&#8220;&#8220;] Kunststoffrohre Gro\u00dfdimensionierte Kunststoffrohre sind spezielle Rohre, die f\u00fcr den Transport gro\u00dfer Mengen an Fl\u00fcssigkeiten oder Gasen verwendet werden. Sie werden aus hochfesten Materialien wie hochdichtem Polyethylen (HDPE) oder Polypropylen (PP) hergestellt, die ihnen au\u00dfergew\u00f6hnliche Festigkeit, Flexibilit\u00e4t und Best\u00e4ndigkeit gegen verschiedene chemische und atmosph\u00e4rische Einfl\u00fcsse verleihen. Innerhalb dieser Palette&hellip;<\/p>\n","protected":false},"author":1,"featured_media":0,"parent":0,"menu_order":0,"comment_status":"closed","ping_status":"closed","template":"","meta":{"footnotes":""},"class_list":["post-3151","page","type-page","status-publish","hentry","description-off"],"_links":{"self":[{"href":"https:\/\/cabarplast.com\/de\/wp-json\/wp\/v2\/pages\/3151","targetHints":{"allow":["GET"]}}],"collection":[{"href":"https:\/\/cabarplast.com\/de\/wp-json\/wp\/v2\/pages"}],"about":[{"href":"https:\/\/cabarplast.com\/de\/wp-json\/wp\/v2\/types\/page"}],"author":[{"embeddable":true,"href":"https:\/\/cabarplast.com\/de\/wp-json\/wp\/v2\/users\/1"}],"replies":[{"embeddable":true,"href":"https:\/\/cabarplast.com\/de\/wp-json\/wp\/v2\/comments?post=3151"}],"version-history":[{"count":2,"href":"https:\/\/cabarplast.com\/de\/wp-json\/wp\/v2\/pages\/3151\/revisions"}],"predecessor-version":[{"id":3153,"href":"https:\/\/cabarplast.com\/de\/wp-json\/wp\/v2\/pages\/3151\/revisions\/3153"}],"wp:attachment":[{"href":"https:\/\/cabarplast.com\/de\/wp-json\/wp\/v2\/media?parent=3151"}],"curies":[{"name":"wp","href":"https:\/\/api.w.org\/{rel}","templated":true}]}}