{"id":3140,"date":"2024-03-04T21:14:25","date_gmt":"2024-03-04T21:14:25","guid":{"rendered":"https:\/\/cabarplast.com\/kanalizacione-cevi\/"},"modified":"2025-02-02T15:47:54","modified_gmt":"2025-02-02T15:47:54","slug":"abwasserrohre","status":"publish","type":"page","link":"https:\/\/cabarplast.com\/de\/abwasserrohre\/","title":{"rendered":"Abwasserrohre"},"content":{"rendered":"<div class=\"wpb-content-wrapper\"><p>[vc_row][vc_column width=&#8220;1\/2&#8243;]<style type=\"text\/css\" data-type=\"the7_shortcodes-inline-css\">.gallery-carousel-shortcode.gallery-carousel-shortcode-id-41d31c922f64e839a401abbd7b508d34 .owl-nav a {\n  width: 30px;\n  height: 30px;\n  border-radius: 500px;\n}\n.dt-arrow-border-on.gallery-carousel-shortcode.gallery-carousel-shortcode-id-41d31c922f64e839a401abbd7b508d34 .owl-nav a:not(:hover):before {\n  border-width: 0px;\n}\n.dt-arrow-hover-border-on.gallery-carousel-shortcode.gallery-carousel-shortcode-id-41d31c922f64e839a401abbd7b508d34 .owl-nav a:hover:after {\n  border-width: 0px;\n}\n.gallery-carousel-shortcode.gallery-carousel-shortcode-id-41d31c922f64e839a401abbd7b508d34 .owl-nav a.owl-prev {\n  top: calc(100% + 0px);\n  left: -43px;\n}\n.gallery-carousel-shortcode.gallery-carousel-shortcode-id-41d31c922f64e839a401abbd7b508d34 .owl-nav a.owl-prev i {\n  padding: 0px 5px 0px 5px;\n}\n.gallery-carousel-shortcode.gallery-carousel-shortcode-id-41d31c922f64e839a401abbd7b508d34 .owl-nav a.owl-next {\n  top: calc(100% + 0px);\n  right: -43px;\n}\n.gallery-carousel-shortcode.gallery-carousel-shortcode-id-41d31c922f64e839a401abbd7b508d34 .owl-nav a.owl-next i {\n  padding: 0px 5px 0px 5px;\n}\n.gallery-carousel-shortcode.gallery-carousel-shortcode-id-41d31c922f64e839a401abbd7b508d34 .owl-nav i {\n  font-size: 15px;\n}\n.gallery-carousel-shortcode.gallery-carousel-shortcode-id-41d31c922f64e839a401abbd7b508d34 .owl-nav a:not(:hover) i,\n.gallery-carousel-shortcode.gallery-carousel-shortcode-id-41d31c922f64e839a401abbd7b508d34 .owl-nav a:not(:hover) i:before {\n  color: #ffffff;\n  background: none;\n}\n.gallery-carousel-shortcode.gallery-carousel-shortcode-id-41d31c922f64e839a401abbd7b508d34 .owl-nav a:hover i,\n.gallery-carousel-shortcode.gallery-carousel-shortcode-id-41d31c922f64e839a401abbd7b508d34 .owl-nav a:hover i:before {\n  color: rgba(255,255,255,0.75);\n  background: none;\n}\n.gallery-carousel-shortcode.gallery-carousel-shortcode-id-41d31c922f64e839a401abbd7b508d34 .owl-dots {\n  top: calc(100% + 20px);\n  left: 50%;\n  transform: translateX(calc(-50% + 0px));\n}\n@media all and (-ms-high-contrast: none) {\n  .gallery-carousel-shortcode.gallery-carousel-shortcode-id-41d31c922f64e839a401abbd7b508d34 .owl-dots {\n    transform: translateX(-50%);\n    margin-left: 0px;\n  }\n}\n.gallery-carousel-shortcode.gallery-carousel-shortcode-id-41d31c922f64e839a401abbd7b508d34 .owl-dot {\n  width: 10px;\n  height: 10px;\n  margin: 0 8px;\n}\n@media screen and (max-width: 778px) {\n  .gallery-carousel-shortcode.gallery-carousel-shortcode-id-41d31c922f64e839a401abbd7b508d34.hide-arrows .owl-nav a {\n    display: none;\n  }\n}\n@media screen and (max-width: 778px) {\n  .gallery-carousel-shortcode.gallery-carousel-shortcode-id-41d31c922f64e839a401abbd7b508d34.reposition-arrows .owl-nav .owl-prev {\n    top: calc(100% + 0px);\n    left: 10px;\n  }\n  .gallery-carousel-shortcode.gallery-carousel-shortcode-id-41d31c922f64e839a401abbd7b508d34.reposition-arrows .owl-nav .owl-next {\n    top: calc(100% + 0px);\n    right: 10px;\n  }\n}\n.gallery-carousel-shortcode.gallery-carousel-shortcode-id-41d31c922f64e839a401abbd7b508d34 figure,\n.gallery-carousel-shortcode.gallery-carousel-shortcode-id-41d31c922f64e839a401abbd7b508d34 .rollover,\n.gallery-carousel-shortcode.gallery-carousel-shortcode-id-41d31c922f64e839a401abbd7b508d34 img,\n.gallery-carousel-shortcode.gallery-carousel-shortcode-id-41d31c922f64e839a401abbd7b508d34 .gallery-rollover {\n  border-radius: 0px;\n}\n.gallery-carousel-shortcode.gallery-carousel-shortcode-id-41d31c922f64e839a401abbd7b508d34.enable-bg-rollover .gallery-rollover {\n  background: -webkit-linear-gradient();\n  background: linear-gradient();\n}\n.gallery-carousel-shortcode.gallery-carousel-shortcode-id-41d31c922f64e839a401abbd7b508d34.enable-img-shadow .owl-stage-outer {\n  padding: 14px 0;\n}\n.gallery-carousel-shortcode.gallery-carousel-shortcode-id-41d31c922f64e839a401abbd7b508d34.enable-bg-rollover.hover-scale figure .rollover:after {\n  background: -webkit-linear-gradient();\n  background: linear-gradient();\n}\n.gallery-carousel-shortcode.gallery-carousel-shortcode-id-41d31c922f64e839a401abbd7b508d34.gallery-shortcode .gallery-zoom-ico {\n  width: 44px;\n  height: 44px;\n  line-height: 44px;\n  border-radius: 100px;\n  margin: -22px 0 0 -22px;\n  border-width: 0px;\n}\n.dt-icon-bg-on.gallery-carousel-shortcode.gallery-carousel-shortcode-id-41d31c922f64e839a401abbd7b508d34.gallery-shortcode .gallery-zoom-ico {\n  background: rgba(255,255,255,0.3);\n  box-shadow: none;\n}\n.gallery-carousel-shortcode.gallery-carousel-shortcode-id-41d31c922f64e839a401abbd7b508d34.gallery-shortcode .gallery-zoom-ico:before,\n.gallery-carousel-shortcode.gallery-carousel-shortcode-id-41d31c922f64e839a401abbd7b508d34.gallery-shortcode .gallery-zoom-ico span {\n  font-size: 32px;\n  line-height: 44px;\n  color: #ffffff;\n  background: none;\n}\n<\/style><div class=\"owl-carousel gallery-carousel-shortcode gallery-shortcode  dt-gallery-container dt-owl-carousel-call gallery-carousel-shortcode-id-41d31c922f64e839a401abbd7b508d34 quick-scale-img enable-bg-rollover meta-info-off dt-arrow-border-on dt-arrow-hover-border-on bullets-small-dot-stroke reposition-arrows dt-icon-bg-off arrows-bg-on disable-arrows-hover-bg arrows-hover-bg-on  vc_custom_1713171537826 hover-fade \" data-scroll-mode=\"1\" data-col-num=\"1\" data-wide-col-num=\"1\" data-laptop-col=\"1\" data-h-tablet-columns-num=\"1\" data-v-tablet-columns-num=\"1\" data-phone-columns-num=\"1\" data-col-gap=\"10\" data-stage-padding=\"0\" data-speed=\"600\" data-autoplay=\"false\" data-autoplay_speed=\"6000\" data-arrows=\"true\" data-bullet=\"false\" data-next-icon=\"icon-ar-017-r\" data-prev-icon=\"icon-ar-017-l\" data-img-shadow-size=\"12px\" data-img-shadow-spread=\"3px\"><div data-post-id=\"3141\" data-date=\"2024-04-15T08:58:30+00:00\" data-name=\"Kanalizacione-cevi-1\"><figure class=\"post\"><a href=\"https:\/\/cabarplast.com\/wp-content\/uploads\/2024\/04\/Kanalizacione-cevi-1.jpg\" class=\"rollover dt-pswp-item layzr-bg\" data-large_image_width=\"1080\" data-large_image_height=\"1080\" data-dt-img-description=\"\" title=\"Kanalizacione-cevi-1\"><img fetchpriority=\"high\" decoding=\"async\" class=\"preload-me owl-lazy-load aspect\" src=\"data:image\/svg+xml,%3Csvg%20xmlns%3D&#39;http%3A%2F%2Fwww.w3.org%2F2000%2Fsvg&#39;%20viewBox%3D&#39;0%200%201080%201080&#39;%2F%3E\" data-src=\"https:\/\/cabarplast.com\/wp-content\/uploads\/2024\/04\/Kanalizacione-cevi-1.jpg\" data-srcset=\"https:\/\/cabarplast.com\/wp-content\/uploads\/2024\/04\/Kanalizacione-cevi-1.jpg 1080w\" loading=\"eager\" style=\"--ratio: 1080 \/ 1080\" sizes=\"(max-width: 1080px) 100vw, 1080px\" alt=\"\" width=\"1080\" height=\"1080\"  \/><span class=\"gallery-rollover\"><span class=\"gallery-zoom-ico icomoon-the7-font-the7-zoom-06\"><span><\/span><\/span><\/span><\/a><\/figure><\/div><div data-post-id=\"3145\" data-date=\"2024-04-15T08:58:31+00:00\" data-name=\"Kanalizacione-cevi-2\"><figure class=\"post\"><a href=\"https:\/\/cabarplast.com\/wp-content\/uploads\/2024\/04\/Kanalizacione-cevi-2.jpg\" class=\"rollover dt-pswp-item layzr-bg\" data-large_image_width=\"1080\" data-large_image_height=\"1080\" data-dt-img-description=\"\" title=\"Kanalizacione-cevi-2\"><img decoding=\"async\" class=\"preload-me owl-lazy-load aspect\" src=\"data:image\/svg+xml,%3Csvg%20xmlns%3D&#39;http%3A%2F%2Fwww.w3.org%2F2000%2Fsvg&#39;%20viewBox%3D&#39;0%200%201080%201080&#39;%2F%3E\" data-src=\"https:\/\/cabarplast.com\/wp-content\/uploads\/2024\/04\/Kanalizacione-cevi-2.jpg\" data-srcset=\"https:\/\/cabarplast.com\/wp-content\/uploads\/2024\/04\/Kanalizacione-cevi-2.jpg 1080w\" loading=\"eager\" style=\"--ratio: 1080 \/ 1080\" sizes=\"(max-width: 1080px) 100vw, 1080px\" alt=\"\" width=\"1080\" height=\"1080\"  \/><span class=\"gallery-rollover\"><span class=\"gallery-zoom-ico icomoon-the7-font-the7-zoom-06\"><span><\/span><\/span><\/span><\/a><\/figure><\/div><div data-post-id=\"3146\" data-date=\"2024-04-15T08:58:31+00:00\" data-name=\"Kanalizacione-cevi-3\"><figure class=\"post\"><a href=\"https:\/\/cabarplast.com\/wp-content\/uploads\/2024\/04\/Kanalizacione-cevi-3.jpg\" class=\"rollover dt-pswp-item layzr-bg\" data-large_image_width=\"1080\" data-large_image_height=\"1080\" data-dt-img-description=\"\" title=\"Kanalizacione-cevi-3\"><img decoding=\"async\" class=\"preload-me owl-lazy-load aspect\" src=\"data:image\/svg+xml,%3Csvg%20xmlns%3D&#39;http%3A%2F%2Fwww.w3.org%2F2000%2Fsvg&#39;%20viewBox%3D&#39;0%200%201080%201080&#39;%2F%3E\" data-src=\"https:\/\/cabarplast.com\/wp-content\/uploads\/2024\/04\/Kanalizacione-cevi-3.jpg\" data-srcset=\"https:\/\/cabarplast.com\/wp-content\/uploads\/2024\/04\/Kanalizacione-cevi-3.jpg 1080w\" loading=\"eager\" style=\"--ratio: 1080 \/ 1080\" sizes=\"(max-width: 1080px) 100vw, 1080px\" alt=\"\" width=\"1080\" height=\"1080\"  \/><span class=\"gallery-rollover\"><span class=\"gallery-zoom-ico icomoon-the7-font-the7-zoom-06\"><span><\/span><\/span><\/span><\/a><\/figure><\/div><div data-post-id=\"3147\" data-date=\"2024-04-15T08:58:32+00:00\" data-name=\"Kanalizacione-cevi-4\"><figure class=\"post\"><a href=\"https:\/\/cabarplast.com\/wp-content\/uploads\/2024\/04\/Kanalizacione-cevi-4.jpg\" class=\"rollover dt-pswp-item layzr-bg\" data-large_image_width=\"1080\" data-large_image_height=\"1080\" data-dt-img-description=\"\" title=\"Kanalizacione-cevi-4\"><img decoding=\"async\" class=\"preload-me owl-lazy-load aspect\" src=\"data:image\/svg+xml,%3Csvg%20xmlns%3D&#39;http%3A%2F%2Fwww.w3.org%2F2000%2Fsvg&#39;%20viewBox%3D&#39;0%200%201080%201080&#39;%2F%3E\" data-src=\"https:\/\/cabarplast.com\/wp-content\/uploads\/2024\/04\/Kanalizacione-cevi-4.jpg\" data-srcset=\"https:\/\/cabarplast.com\/wp-content\/uploads\/2024\/04\/Kanalizacione-cevi-4.jpg 1080w\" loading=\"eager\" style=\"--ratio: 1080 \/ 1080\" sizes=\"(max-width: 1080px) 100vw, 1080px\" alt=\"\" width=\"1080\" height=\"1080\"  \/><span class=\"gallery-rollover\"><span class=\"gallery-zoom-ico icomoon-the7-font-the7-zoom-06\"><span><\/span><\/span><\/span><\/a><\/figure><\/div><div data-post-id=\"3148\" data-date=\"2024-04-15T08:58:32+00:00\" data-name=\"Kanalizacione-cevi-5\"><figure class=\"post\"><a href=\"https:\/\/cabarplast.com\/wp-content\/uploads\/2024\/04\/Kanalizacione-cevi-5.jpg\" class=\"rollover dt-pswp-item layzr-bg\" data-large_image_width=\"1080\" data-large_image_height=\"1080\" data-dt-img-description=\"\" title=\"Kanalizacione-cevi-5\"><img decoding=\"async\" class=\"preload-me owl-lazy-load aspect\" src=\"data:image\/svg+xml,%3Csvg%20xmlns%3D&#39;http%3A%2F%2Fwww.w3.org%2F2000%2Fsvg&#39;%20viewBox%3D&#39;0%200%201080%201080&#39;%2F%3E\" data-src=\"https:\/\/cabarplast.com\/wp-content\/uploads\/2024\/04\/Kanalizacione-cevi-5.jpg\" data-srcset=\"https:\/\/cabarplast.com\/wp-content\/uploads\/2024\/04\/Kanalizacione-cevi-5.jpg 1080w\" loading=\"eager\" style=\"--ratio: 1080 \/ 1080\" sizes=\"(max-width: 1080px) 100vw, 1080px\" alt=\"\" width=\"1080\" height=\"1080\"  \/><span class=\"gallery-rollover\"><span class=\"gallery-zoom-ico icomoon-the7-font-the7-zoom-06\"><span><\/span><\/span><\/span><\/a><\/figure><\/div><div data-post-id=\"3149\" data-date=\"2024-04-15T08:58:33+00:00\" data-name=\"Kanalizacione-cevi-6\"><figure class=\"post\"><a href=\"https:\/\/cabarplast.com\/wp-content\/uploads\/2024\/04\/Kanalizacione-cevi-6.jpg\" class=\"rollover dt-pswp-item layzr-bg\" data-large_image_width=\"1080\" data-large_image_height=\"1080\" data-dt-img-description=\"\" title=\"Kanalizacione-cevi-6\"><img decoding=\"async\" class=\"preload-me owl-lazy-load aspect\" src=\"data:image\/svg+xml,%3Csvg%20xmlns%3D&#39;http%3A%2F%2Fwww.w3.org%2F2000%2Fsvg&#39;%20viewBox%3D&#39;0%200%201080%201080&#39;%2F%3E\" data-src=\"https:\/\/cabarplast.com\/wp-content\/uploads\/2024\/04\/Kanalizacione-cevi-6.jpg\" data-srcset=\"https:\/\/cabarplast.com\/wp-content\/uploads\/2024\/04\/Kanalizacione-cevi-6.jpg 1080w\" loading=\"eager\" style=\"--ratio: 1080 \/ 1080\" sizes=\"(max-width: 1080px) 100vw, 1080px\" alt=\"\" width=\"1080\" height=\"1080\"  \/><span class=\"gallery-rollover\"><span class=\"gallery-zoom-ico icomoon-the7-font-the7-zoom-06\"><span><\/span><\/span><\/span><\/a><\/figure><\/div><\/div>[\/vc_column][vc_column width=&#8220;1\/2&#8243; css=&#8220;.vc_custom_1709647368309{border-left-width: 1px !important;padding-right: 30px !important;padding-left: 30px !important;border-left-color: #0e415f !important;border-left-style: solid !important;}&#8220;][vc_column_text css=&#8220;&#8220;]<\/p>\n<h1>Abwasserrohre<\/h1>\n<p>&nbsp;<\/p>\n<p>Gro\u00dfe Kunststoff-Abwasserrohre sind f\u00fcr das effiziente Abwassermanagement in Haushalten und Industrie konzipiert. Sie werden aus hochbest\u00e4ndigen Materialien wie HDPE hergestellt, wodurch sie langlebig, schlagfest, verschlei\u00dffest und korrosionsbest\u00e4ndig sind.<\/p>\n<p>Die Installation dieser Rohre beinhaltet eine sorgf\u00e4ltige Planung der Verlegung, Bodenvorbereitung, Platzierung in der richtigen Tiefe unter Ber\u00fccksichtigung der \u00f6rtlichen Bodenverh\u00e4ltnisse und Belastung sowie das Verbinden der Rohre durch Verfahren wie das Extrusionsschwei\u00dfen.[\/vc_column_text][vc_empty_space height=&#8220;20&#8243;]<a href=\"https:\/\/cabarplast.com\/de\/kontaktinformationen-cabar-plast\/\" class=\"btn-shortcode dt-btn-m dt-btn default-btn-color default-btn-hover-color default-btn-bg-color default-btn-bg-hover-color\" id=\"dt-btn-1\"><span>Kontaktieren Sie uns<\/span><\/a>[\/vc_column][\/vc_row][vc_row][vc_column][vc_empty_space height=&#8220;50&#8243;][vc_column_text css=&#8220;.vc_custom_1738510759611{padding-right: 30px !important;padding-left: 30px !important;}&#8220;]Der Installationsprozess erfordert Fachwissen und Pr\u00e4zision, um eine lang anhaltende und effiziente Systemfunktionalit\u00e4t zu gew\u00e4hrleisten.<br \/>\n[\/vc_column_text][vc_empty_space height=&#8220;50&#8243;][\/vc_column][\/vc_row][vc_row full_width=&#8220;stretch_row_content_no_spaces&#8220;][vc_column][vc_column_text]<img loading=\"lazy\" decoding=\"async\" class=\"aligncenter wp-image-232 size-full\" src=\"https:\/\/cabarplast.com\/wp-content\/uploads\/2024\/03\/footer-4.png\" alt=\"\" width=\"1919\" height=\"50\" srcset=\"https:\/\/cabarplast.com\/wp-content\/uploads\/2024\/03\/footer-4.png 1919w, https:\/\/cabarplast.com\/wp-content\/uploads\/2024\/03\/footer-4-300x8.png 300w, https:\/\/cabarplast.com\/wp-content\/uploads\/2024\/03\/footer-4-1024x27.png 1024w, https:\/\/cabarplast.com\/wp-content\/uploads\/2024\/03\/footer-4-768x20.png 768w, https:\/\/cabarplast.com\/wp-content\/uploads\/2024\/03\/footer-4-1536x40.png 1536w\" sizes=\"auto, (max-width: 1919px) 100vw, 1919px\" \/>[\/vc_column_text][\/vc_column][\/vc_row][vc_row full_width=&#8220;stretch_row&#8220; css=&#8220;.vc_custom_1709643894007{background-color: #0e415f !important;}&#8220;][vc_column][vc_column_text css=&#8220;.vc_custom_1738510895185{padding-right: 30px !important;padding-left: 30px !important;}&#8220;]<\/p>\n<h2><span style=\"color: #fcb426;\">Installation von gro\u00dfen Kunststoff-Abwasserrohren<\/span><\/h2>\n<p><span style=\"color: #ffffff;\">Die Installation von gro\u00dfen Kunststoff-Abwasserrohren umfasst ein pr\u00e4zises Protokoll, das die Bodenvorbereitung, den Grabenaushub, die Rohrverlegung auf einem stabilen Untergrund, das Verbinden der Rohre mit speziellen Techniken wie Extrusionsschwei\u00dfen oder die Verwendung von Dichtungsringen und schlie\u00dflich das Verf\u00fcllen des Grabens mit sorgf\u00e4ltiger Verdichtung des Bodens um die Rohre herum umfasst. Dieser Prozess erfordert die strikte Einhaltung technischer Spezifikationen und Sicherheitsstandards, um die Langlebigkeit und Funktionalit\u00e4t des Abwassersystems zu gew\u00e4hrleisten.<\/span><\/p>\n<h2><span style=\"color: #fcb426;\">Eigenschaften von Abwasserrohren<\/span><\/h2>\n<p><span style=\"color: #ffffff;\">\u010cabar plast Abwasserrohre werden aus Polyethylen hoher Dichte (HDPE) hergestellt, einem Material, das f\u00fcr seine Best\u00e4ndigkeit gegen extreme Temperaturen, Abnutzung und chemische Substanzen bekannt ist.<\/span><\/p>\n<h2><span style=\"color: #fcb426;\">Gr\u00f6\u00dfe von \u010cabar Plast Kunststoff-Abwasserrohren<\/span><\/h2>\n<p><span style=\"color: #ffffff;\">\u010cabar Plast Kunststoff-Abwasserrohre sind in Durchmessern von 300 mm bis 3000 mm und L\u00e4ngen von 3 bis 6 Metern erh\u00e4ltlich und erf\u00fcllen somit verschiedene Anforderungen. Die Verbindung der Rohre im Feld kann durch Extrusionsschwei\u00dfen oder mit Gummidichtungsringen erfolgen, wodurch die Festigkeit der Verbindungen und die Langlebigkeit des Systems gew\u00e4hrleistet werden.<\/span>[\/vc_column_text][vc_empty_space height=&#8220;30&#8243;][\/vc_column][\/vc_row][vc_row][vc_column][vc_column_text css=&#8220;.vc_custom_1738510975382{padding-top: 30px !important;padding-right: 30px !important;padding-bottom: 30px !important;padding-left: 30px !important;background-color: #efefef !important;border-radius: 15px !important;}&#8220;]<\/p>\n<h2>Gerippte Abwasserrohre<\/h2>\n<p>Gerippte Abwasserrohre stellen eine spezielle Kategorie von Abwasserrohren mit \u00e4u\u00dferer Verst\u00e4rkung in Form von Rippen dar. Diese gerippte Struktur bietet mehrere wichtige Vorteile:<\/p>\n<ul>\n<li>Die Rippen verleihen den Rohren zus\u00e4tzliche strukturelle Festigkeit und erm\u00f6glichen es ihnen, h\u00f6heren Belastungsdr\u00fccken durch den umgebenden Boden und andere \u00e4u\u00dfere Faktoren ohne Verformung standzuhalten.<\/li>\n<li>Trotz ihrer erh\u00f6hten Steifigkeit behalten gerippte Rohre ein gewisses Ma\u00df an Flexibilit\u00e4t bei, so dass sie leichte Bodenbewegungen absorbieren und sich an diese anpassen k\u00f6nnen.<\/li>\n<li>Aufgrund ihrer strukturellen Festigkeit k\u00f6nnen gerippte Rohre einfacher zu installieren sein, da sie weniger strenge Verlegebedingungen und weniger St\u00fctzstrukturen erfordern.<\/li>\n<li>Die erh\u00f6hte Widerstandsf\u00e4higkeit gegen physische Sch\u00e4den und Abbau macht gerippte Rohre zu einer langlebigeren L\u00f6sung f\u00fcr Abwassersysteme.<\/li>\n<\/ul>\n<p><strong>Gerippte Rohre<\/strong> sind unerl\u00e4sslich, da sie ein effizientes Abwasser- und Entw\u00e4sserungsmanagement unter verschiedenen Bedingungen erm\u00f6glichen und die f\u00fcr moderne Infrastrukturprojekte erforderliche Zuverl\u00e4ssigkeit und Langlebigkeit bieten.[\/vc_column_text][vc_empty_space][\/vc_column][\/vc_row][vc_row][vc_column][vc_column_text css=&#8220;.vc_custom_1738511110057{padding-top: 30px !important;padding-right: 30px !important;padding-bottom: 30px !important;padding-left: 30px !important;background-color: #0e415f !important;border-radius: 15px !important;}&#8220;]<\/p>\n<h2><span style=\"color: #fcb426;\">Anwendungsm\u00f6glichkeiten f\u00fcr gro\u00dfe Kunststoff-Abwasserrohre<\/span><\/h2>\n<ul>\n<li><span style=\"color: #fcb426;\">St\u00e4dtische Abwassersysteme:<\/span> <span style=\"color: #ffffff;\"> Gro\u00dfe Rohre sind entscheidend f\u00fcr den Bau und die Wartung effizienter und zuverl\u00e4ssiger st\u00e4dtischer Abwassersysteme, die den sicheren Transport von Abwasser zu Kl\u00e4ranlagen erm\u00f6glichen.<br \/>\n<\/span><\/li>\n<li><span style=\"color: #fcb426;\">Industrieanlagen: <\/span> <span style=\"color: #ffffff;\">Werden f\u00fcr die Entw\u00e4sserung und das Abwassermanagement in Industrieanlagen eingesetzt, einschlie\u00dflich Chemiefabriken, Lebensmittelverarbeitungsbetrieben und anderen Arten von Produktionsst\u00e4tten.<\/span><\/li>\n<li><span style=\"color: #fcb426;\">Landwirtschaftliche Bew\u00e4sserung und Entw\u00e4sserung:<\/span> <span style=\"color: #ffffff;\"> Gro\u00dfe Kunststoffrohre werden f\u00fcr die effiziente Bew\u00e4sserung landwirtschaftlicher Fl\u00e4chen und Entw\u00e4sserungssysteme verwendet, die Wasserr\u00fcckhaltung und Bodenerosion verhindern.<br \/>\n<\/span><\/li>\n<li><span style=\"color: #fcb426;\">Oberfl\u00e4chenwassermanagement:<\/span> <span style=\"color: #ffffff;\"> In hochwassergef\u00e4hrdeten Gebieten werden gro\u00dfe Rohre eingesetzt, um Oberfl\u00e4chenwasser umzuleiten und \u00dcberschwemmungen zu verhindern.<\/span><\/li>\n<li><span style=\"color: #fcb426;\">Infrastrukturprojekte: <\/span><span style=\"color: #ffffff;\"> Dazu geh\u00f6ren Stra\u00dfeninfrastruktur, Br\u00fccken und Tunnel, bei denen gro\u00dfe Rohre zur Entw\u00e4sserung und zur Gew\u00e4hrleistung der Stabilit\u00e4t von Bauwerken eingesetzt werden.<\/span><\/li>\n<li><span style=\"color: #fcb426;\">Umweltschutz:<\/span> <span style=\"color: #ffffff;\"> Einsatz in Abfallwirtschaftssystemen und zum Schutz von Wasserstra\u00dfen vor Verschmutzung.<br \/>\n<\/span><\/li>\n<\/ul>\n<p>[\/vc_column_text][vc_empty_space][\/vc_column][\/vc_row][vc_row][vc_column][vc_column_text css=&#8220;.vc_custom_1738511131747{padding-right: 30px !important;padding-left: 30px !important;}&#8220;]<\/p>\n<h2>Vorteile gro\u00dfer Kunststoff-Abwasserrohre gegen\u00fcber alten Keramikrohren<\/h2>\n<p><strong>Gro\u00dfe Kunststoff-Abwasserrohre von \u010cabar Plast stellen eine moderne L\u00f6sung mit deutlichen Verbesserungen gegen\u00fcber herk\u00f6mmlichen Keramikrohren dar. Zu diesen Vorteilen geh\u00f6ren:<\/strong>[\/vc_column_text][vc_empty_space][vc_row_inner][vc_column_inner width=&#8220;1\/2&#8243;][vc_column_text css=&#8220;.vc_custom_1738511181505{padding-right: 30px !important;padding-left: 30px !important;}&#8220;]<\/p>\n<h3>Geringeres Gewicht:<\/h3>\n<p>Kunststoffrohre sind deutlich leichter als Keramikrohre, was ihren Transport, ihre Handhabung und ihre Installation erleichtert. Diese Eigenschaft ist besonders in schwer zug\u00e4nglichem Gel\u00e4nde von Vorteil, wo jede Erleichterung beim Materialhandling wertvoll ist.<\/p>\n<h3>Gr\u00f6\u00dfere Flexibilit\u00e4t:<\/h3>\n<p>Dank ihrer inh\u00e4renten Flexibilit\u00e4t k\u00f6nnen Kunststoffrohre bestimmten Bodenbewegungen ohne die Gefahr von Rissen standhalten. Dies ist besonders wichtig in Gebieten, die anf\u00e4llig f\u00fcr Bodenver\u00e4nderungen sind, und verringert das Risiko von Leckagen und potenziellen Infrastruktursch\u00e4den.<\/p>\n<h3>Korrosionsbest\u00e4ndigkeit:<\/h3>\n<p>Kunststoffrohre sind chemisch inert, d. h. sie sind best\u00e4ndig gegen Korrosion, die durch Abwasser oder Chemikalien verursacht werden kann. Dies tr\u00e4gt direkt zur l\u00e4ngeren Lebensdauer der Rohre bei und reduziert die Notwendigkeit ihres Austauschs oder ihrer Reparatur.<br \/>\n[\/vc_column_text][\/vc_column_inner][vc_column_inner width=&#8220;1\/2&#8243;][vc_column_text css=&#8220;.vc_custom_1738511234510{padding-right: 30px !important;padding-left: 30px !important;}&#8220;]<\/p>\n<h3>Geringere Wartungskosten:<\/h3>\n<p>Das glatte Innenleben von Kunststoffrohren verringert die M\u00f6glichkeit von Ablagerungen und Verstopfungen, was direkt zu einem geringeren Reinigungs- und Wartungsbedarf f\u00fchrt. Dies kann die Wartungskosten des Systems im Laufe der Zeit erheblich senken.<\/p>\n<h3>Umweltfreundlichkeit:<\/h3>\n<p>Das f\u00fcr die Herstellung von Kunststoff-Abwasserrohren verwendete HDPE-Material ist recycelbar und umweltfreundlich. Seine Verwendung tr\u00e4gt dazu bei, die negativen Auswirkungen auf die Umwelt zu reduzieren, was Kunststoffrohre zu einer nachhaltigeren Wahl f\u00fcr den Infrastrukturbau macht.<\/p>\n<h3>Zus\u00e4tzliche Anwendungen:<\/h3>\n<p>Dank ihrer au\u00dfergew\u00f6hnlichen mechanischen Eigenschaften und ihrer Best\u00e4ndigkeit gegen aggressive Substanzen k\u00f6nnen Kunststoff-Abwasserrohre in einer Vielzahl von Anwendungen eingesetzt werden, darunter der Transport von Industrieabw\u00e4ssern, Regenwasserkan\u00e4len, Bew\u00e4sserungsleitungen und in Entw\u00e4sserungssystemen.[\/vc_column_text][\/vc_column_inner][\/vc_row_inner][vc_empty_space][\/vc_column][\/vc_row][vc_row][vc_column][vc_column_text css=&#8220;.vc_custom_1738511261229{padding-top: 30px !important;padding-right: 30px !important;padding-bottom: 30px !important;padding-left: 30px !important;background-color: #efefef !important;border-radius: 15px !important;}&#8220;]<strong>All diese Vorteile machen gro\u00dfe Kunststoff-Abwasserrohre zu einer attraktiven L\u00f6sung im modernen Bauwesen und bieten eine effiziente<\/strong>, langlebige und umweltvertr\u00e4gliche Alternative zu herk\u00f6mmlichen Keramikrohren.[\/vc_column_text][vc_empty_space][\/vc_column][\/vc_row][vc_row full_width=&#8220;stretch_row_content_no_spaces&#8220;][vc_column][vc_column_text]<img loading=\"lazy\" decoding=\"async\" class=\"aligncenter wp-image-232 size-full\" src=\"https:\/\/cabarplast.com\/wp-content\/uploads\/2024\/03\/footer-4.png\" alt=\"\" width=\"1919\" height=\"50\" srcset=\"https:\/\/cabarplast.com\/wp-content\/uploads\/2024\/03\/footer-4.png 1919w, https:\/\/cabarplast.com\/wp-content\/uploads\/2024\/03\/footer-4-300x8.png 300w, https:\/\/cabarplast.com\/wp-content\/uploads\/2024\/03\/footer-4-1024x27.png 1024w, https:\/\/cabarplast.com\/wp-content\/uploads\/2024\/03\/footer-4-768x20.png 768w, https:\/\/cabarplast.com\/wp-content\/uploads\/2024\/03\/footer-4-1536x40.png 1536w\" sizes=\"auto, (max-width: 1919px) 100vw, 1919px\" \/>[\/vc_column_text][\/vc_column][\/vc_row]<\/p>\n<\/div>","protected":false},"excerpt":{"rendered":"<p>[vc_row][vc_column width=&#8220;1\/2&#8243;][\/vc_column][vc_column width=&#8220;1\/2&#8243; css=&#8220;.vc_custom_1709647368309{border-left-width: 1px !important;padding-right: 30px !important;padding-left: 30px !important;border-left-color: #0e415f !important;border-left-style: solid !important;}&#8220;][vc_column_text css=&#8220;&#8220;] Abwasserrohre &nbsp; Gro\u00dfe Kunststoff-Abwasserrohre sind f\u00fcr das effiziente Abwassermanagement in Haushalten und Industrie konzipiert. Sie werden aus hochbest\u00e4ndigen Materialien wie HDPE hergestellt, wodurch sie langlebig, schlagfest, verschlei\u00dffest und korrosionsbest\u00e4ndig sind. Die Installation dieser Rohre beinhaltet eine sorgf\u00e4ltige Planung der Verlegung,&hellip;<\/p>\n","protected":false},"author":1,"featured_media":0,"parent":0,"menu_order":0,"comment_status":"closed","ping_status":"closed","template":"","meta":{"footnotes":""},"class_list":["post-3140","page","type-page","status-publish","hentry","description-off"],"_links":{"self":[{"href":"https:\/\/cabarplast.com\/de\/wp-json\/wp\/v2\/pages\/3140","targetHints":{"allow":["GET"]}}],"collection":[{"href":"https:\/\/cabarplast.com\/de\/wp-json\/wp\/v2\/pages"}],"about":[{"href":"https:\/\/cabarplast.com\/de\/wp-json\/wp\/v2\/types\/page"}],"author":[{"embeddable":true,"href":"https:\/\/cabarplast.com\/de\/wp-json\/wp\/v2\/users\/1"}],"replies":[{"embeddable":true,"href":"https:\/\/cabarplast.com\/de\/wp-json\/wp\/v2\/comments?post=3140"}],"version-history":[{"count":3,"href":"https:\/\/cabarplast.com\/de\/wp-json\/wp\/v2\/pages\/3140\/revisions"}],"predecessor-version":[{"id":3144,"href":"https:\/\/cabarplast.com\/de\/wp-json\/wp\/v2\/pages\/3140\/revisions\/3144"}],"wp:attachment":[{"href":"https:\/\/cabarplast.com\/de\/wp-json\/wp\/v2\/media?parent=3140"}],"curies":[{"name":"wp","href":"https:\/\/api.w.org\/{rel}","templated":true}]}}