{"id":3133,"date":"2024-03-04T21:14:34","date_gmt":"2024-03-04T21:14:34","guid":{"rendered":"https:\/\/cabarplast.com\/cevi-za-ventilaciju\/"},"modified":"2025-02-02T14:52:28","modified_gmt":"2025-02-02T14:52:28","slug":"lueftungsrohre","status":"publish","type":"page","link":"https:\/\/cabarplast.com\/de\/lueftungsrohre\/","title":{"rendered":"L\u00fcftungsrohre"},"content":{"rendered":"<div class=\"wpb-content-wrapper\"><p>[vc_row][vc_column width=&#8220;1\/2&#8243;]<style type=\"text\/css\" data-type=\"the7_shortcodes-inline-css\">.gallery-carousel-shortcode.gallery-carousel-shortcode-id-a11bacde52935f7cda3eedfb4baa1ea6 .owl-nav a {\n  width: 30px;\n  height: 30px;\n  border-radius: 500px;\n}\n.dt-arrow-border-on.gallery-carousel-shortcode.gallery-carousel-shortcode-id-a11bacde52935f7cda3eedfb4baa1ea6 .owl-nav a:not(:hover):before {\n  border-width: 0px;\n}\n.dt-arrow-hover-border-on.gallery-carousel-shortcode.gallery-carousel-shortcode-id-a11bacde52935f7cda3eedfb4baa1ea6 .owl-nav a:hover:after {\n  border-width: 0px;\n}\n.gallery-carousel-shortcode.gallery-carousel-shortcode-id-a11bacde52935f7cda3eedfb4baa1ea6 .owl-nav a.owl-prev {\n  top: calc(100% + 0px);\n  left: -43px;\n}\n.gallery-carousel-shortcode.gallery-carousel-shortcode-id-a11bacde52935f7cda3eedfb4baa1ea6 .owl-nav a.owl-prev i {\n  padding: 0px 5px 0px 5px;\n}\n.gallery-carousel-shortcode.gallery-carousel-shortcode-id-a11bacde52935f7cda3eedfb4baa1ea6 .owl-nav a.owl-next {\n  top: calc(100% + 0px);\n  right: -43px;\n}\n.gallery-carousel-shortcode.gallery-carousel-shortcode-id-a11bacde52935f7cda3eedfb4baa1ea6 .owl-nav a.owl-next i {\n  padding: 0px 5px 0px 5px;\n}\n.gallery-carousel-shortcode.gallery-carousel-shortcode-id-a11bacde52935f7cda3eedfb4baa1ea6 .owl-nav i {\n  font-size: 15px;\n}\n.gallery-carousel-shortcode.gallery-carousel-shortcode-id-a11bacde52935f7cda3eedfb4baa1ea6 .owl-nav a:not(:hover) i,\n.gallery-carousel-shortcode.gallery-carousel-shortcode-id-a11bacde52935f7cda3eedfb4baa1ea6 .owl-nav a:not(:hover) i:before {\n  color: #ffffff;\n  background: none;\n}\n.gallery-carousel-shortcode.gallery-carousel-shortcode-id-a11bacde52935f7cda3eedfb4baa1ea6 .owl-nav a:hover i,\n.gallery-carousel-shortcode.gallery-carousel-shortcode-id-a11bacde52935f7cda3eedfb4baa1ea6 .owl-nav a:hover i:before {\n  color: rgba(255,255,255,0.75);\n  background: none;\n}\n.gallery-carousel-shortcode.gallery-carousel-shortcode-id-a11bacde52935f7cda3eedfb4baa1ea6 .owl-dots {\n  top: calc(100% + 20px);\n  left: 50%;\n  transform: translateX(calc(-50% + 0px));\n}\n@media all and (-ms-high-contrast: none) {\n  .gallery-carousel-shortcode.gallery-carousel-shortcode-id-a11bacde52935f7cda3eedfb4baa1ea6 .owl-dots {\n    transform: translateX(-50%);\n    margin-left: 0px;\n  }\n}\n.gallery-carousel-shortcode.gallery-carousel-shortcode-id-a11bacde52935f7cda3eedfb4baa1ea6 .owl-dot {\n  width: 10px;\n  height: 10px;\n  margin: 0 8px;\n}\n@media screen and (max-width: 778px) {\n  .gallery-carousel-shortcode.gallery-carousel-shortcode-id-a11bacde52935f7cda3eedfb4baa1ea6.hide-arrows .owl-nav a {\n    display: none;\n  }\n}\n@media screen and (max-width: 778px) {\n  .gallery-carousel-shortcode.gallery-carousel-shortcode-id-a11bacde52935f7cda3eedfb4baa1ea6.reposition-arrows .owl-nav .owl-prev {\n    top: calc(100% + 0px);\n    left: 10px;\n  }\n  .gallery-carousel-shortcode.gallery-carousel-shortcode-id-a11bacde52935f7cda3eedfb4baa1ea6.reposition-arrows .owl-nav .owl-next {\n    top: calc(100% + 0px);\n    right: 10px;\n  }\n}\n.gallery-carousel-shortcode.gallery-carousel-shortcode-id-a11bacde52935f7cda3eedfb4baa1ea6 figure,\n.gallery-carousel-shortcode.gallery-carousel-shortcode-id-a11bacde52935f7cda3eedfb4baa1ea6 .rollover,\n.gallery-carousel-shortcode.gallery-carousel-shortcode-id-a11bacde52935f7cda3eedfb4baa1ea6 img,\n.gallery-carousel-shortcode.gallery-carousel-shortcode-id-a11bacde52935f7cda3eedfb4baa1ea6 .gallery-rollover {\n  border-radius: 0px;\n}\n.gallery-carousel-shortcode.gallery-carousel-shortcode-id-a11bacde52935f7cda3eedfb4baa1ea6.enable-bg-rollover .gallery-rollover {\n  background: -webkit-linear-gradient();\n  background: linear-gradient();\n}\n.gallery-carousel-shortcode.gallery-carousel-shortcode-id-a11bacde52935f7cda3eedfb4baa1ea6.enable-img-shadow .owl-stage-outer {\n  padding: 14px 0;\n}\n.gallery-carousel-shortcode.gallery-carousel-shortcode-id-a11bacde52935f7cda3eedfb4baa1ea6.enable-bg-rollover.hover-scale figure .rollover:after {\n  background: -webkit-linear-gradient();\n  background: linear-gradient();\n}\n.gallery-carousel-shortcode.gallery-carousel-shortcode-id-a11bacde52935f7cda3eedfb4baa1ea6.gallery-shortcode .gallery-zoom-ico {\n  width: 44px;\n  height: 44px;\n  line-height: 44px;\n  border-radius: 100px;\n  margin: -22px 0 0 -22px;\n  border-width: 0px;\n}\n.dt-icon-bg-on.gallery-carousel-shortcode.gallery-carousel-shortcode-id-a11bacde52935f7cda3eedfb4baa1ea6.gallery-shortcode .gallery-zoom-ico {\n  background: rgba(255,255,255,0.3);\n  box-shadow: none;\n}\n.gallery-carousel-shortcode.gallery-carousel-shortcode-id-a11bacde52935f7cda3eedfb4baa1ea6.gallery-shortcode .gallery-zoom-ico:before,\n.gallery-carousel-shortcode.gallery-carousel-shortcode-id-a11bacde52935f7cda3eedfb4baa1ea6.gallery-shortcode .gallery-zoom-ico span {\n  font-size: 32px;\n  line-height: 44px;\n  color: #ffffff;\n  background: none;\n}\n<\/style><div class=\"owl-carousel gallery-carousel-shortcode gallery-shortcode  dt-gallery-container dt-owl-carousel-call gallery-carousel-shortcode-id-a11bacde52935f7cda3eedfb4baa1ea6 quick-scale-img enable-bg-rollover meta-info-off dt-arrow-border-on dt-arrow-hover-border-on bullets-small-dot-stroke reposition-arrows dt-icon-bg-off arrows-bg-on disable-arrows-hover-bg arrows-hover-bg-on  vc_custom_1713171097252 hover-fade \" data-scroll-mode=\"1\" data-col-num=\"1\" data-wide-col-num=\"1\" data-laptop-col=\"1\" data-h-tablet-columns-num=\"1\" data-v-tablet-columns-num=\"1\" data-phone-columns-num=\"1\" data-col-gap=\"10\" data-stage-padding=\"0\" data-speed=\"600\" data-autoplay=\"false\" data-autoplay_speed=\"6000\" data-arrows=\"true\" data-bullet=\"false\" data-next-icon=\"icon-ar-017-r\" data-prev-icon=\"icon-ar-017-l\" data-img-shadow-size=\"12px\" data-img-shadow-spread=\"3px\"><div data-post-id=\"3138\" data-date=\"2024-04-15T08:51:09+00:00\" data-name=\"cevi-za-ventilaciju\"><figure class=\"post\"><a href=\"https:\/\/cabarplast.com\/wp-content\/uploads\/2024\/04\/cevi-za-ventilaciju-1.jpg\" class=\"rollover dt-pswp-item layzr-bg\" data-large_image_width=\"1080\" data-large_image_height=\"1080\" data-dt-img-description=\"\" title=\"cevi-za-ventilaciju\"><img fetchpriority=\"high\" decoding=\"async\" class=\"preload-me owl-lazy-load aspect\" src=\"data:image\/svg+xml,%3Csvg%20xmlns%3D&#39;http%3A%2F%2Fwww.w3.org%2F2000%2Fsvg&#39;%20viewBox%3D&#39;0%200%201080%201080&#39;%2F%3E\" data-src=\"https:\/\/cabarplast.com\/wp-content\/uploads\/2024\/04\/cevi-za-ventilaciju-1.jpg\" data-srcset=\"https:\/\/cabarplast.com\/wp-content\/uploads\/2024\/04\/cevi-za-ventilaciju-1.jpg 1080w\" loading=\"eager\" style=\"--ratio: 1080 \/ 1080\" sizes=\"(max-width: 1080px) 100vw, 1080px\" alt=\"\" width=\"1080\" height=\"1080\"  \/><span class=\"gallery-rollover\"><span class=\"gallery-zoom-ico icomoon-the7-font-the7-zoom-06\"><span><\/span><\/span><\/span><\/a><\/figure><\/div><\/div>[\/vc_column][vc_column width=&#8220;1\/2&#8243; css=&#8220;.vc_custom_1709647368309{border-left-width: 1px !important;padding-right: 30px !important;padding-left: 30px !important;border-left-color: #0e415f !important;border-left-style: solid !important;}&#8220;][vc_column_text css=&#8220;&#8220;]<\/p>\n<h1>L\u00fcftungsrohre<\/h1>\n<p>&nbsp;<\/p>\n<p>L\u00fcftungsrohre sind ein wesentlicher Bestandteil jedes L\u00fcftungssystems und dienen dem Transport von Luft von einem Raum zum anderen. Sie erm\u00f6glichen die Luftzirkulation, -filtration und den -austausch in geschlossenen R\u00e4umen und verbessern so die Luftqualit\u00e4t und verhindern die Ansammlung von Schadstoffen, Feuchtigkeit und unangenehmen Ger\u00fcchen.<\/p>\n<p>\u010cabar Plast L\u00fcftungsrohre k\u00f6nnen rechteckig oder rund, d.h. zylindrisch, sein.[\/vc_column_text][vc_empty_space height=&#8220;20&#8243;]<a href=\"https:\/\/cabarplast.com\/de\/kontaktinformationen-cabar-plast\/\" class=\"btn-shortcode dt-btn-m dt-btn default-btn-color default-btn-hover-color default-btn-bg-color default-btn-bg-hover-color\" id=\"dt-btn-1\"><span>Kontaktieren Sie uns<\/span><\/a>[\/vc_column][\/vc_row][vc_row][vc_column][vc_empty_space height=&#8220;50&#8243;][vc_column_text css=&#8220;.vc_custom_1738507034252{padding-right: 30px !important;padding-left: 30px !important;}&#8220;]<\/p>\n<h2>Kunststoff-L\u00fcftungskan\u00e4le &#8211; Verwendung<\/h2>\n<p>Gro\u00dfe Kunststoffrohre sind dank ihrer Vielseitigkeit, Flexibilit\u00e4t, Langlebigkeit und Effizienz bei der Regulierung des Luftstroms ein Schl\u00fcsselelement moderner L\u00fcftungssysteme. Ihre breite Anwendung umfasst verschiedene Geb\u00e4udetypen und spielt eine wichtige Rolle bei der Aufrechterhaltung einer gesunden und komfortablen Umgebung.<\/p>\n<p><strong>\u010cabar Plast produziert L\u00fcftungsrohre nach Ma\u00df und bietet runde und quadratische Rohre sowie gerippte und glatte L\u00fcftungskan\u00e4le an.<\/strong>[\/vc_column_text][vc_empty_space height=&#8220;50&#8243;][\/vc_column][\/vc_row][vc_row full_width=&#8220;stretch_row_content_no_spaces&#8220;][vc_column][vc_column_text]<img loading=\"lazy\" decoding=\"async\" class=\"aligncenter wp-image-232 size-full\" src=\"https:\/\/cabarplast.com\/wp-content\/uploads\/2024\/03\/footer-4.png\" alt=\"\" width=\"1919\" height=\"50\" srcset=\"https:\/\/cabarplast.com\/wp-content\/uploads\/2024\/03\/footer-4.png 1919w, https:\/\/cabarplast.com\/wp-content\/uploads\/2024\/03\/footer-4-300x8.png 300w, https:\/\/cabarplast.com\/wp-content\/uploads\/2024\/03\/footer-4-1024x27.png 1024w, https:\/\/cabarplast.com\/wp-content\/uploads\/2024\/03\/footer-4-768x20.png 768w, https:\/\/cabarplast.com\/wp-content\/uploads\/2024\/03\/footer-4-1536x40.png 1536w\" sizes=\"auto, (max-width: 1919px) 100vw, 1919px\" \/>[\/vc_column_text][\/vc_column][\/vc_row][vc_row full_width=&#8220;stretch_row&#8220; css=&#8220;.vc_custom_1709643894007{background-color: #0e415f !important;}&#8220;][vc_column][vc_column_text css=&#8220;.vc_custom_1738507291922{padding-right: 30px !important;padding-left: 30px !important;}&#8220;]<\/p>\n<h3><span style=\"color: #fcb426;\">Kunststoff-L\u00fcftungskan\u00e4le in Gewerbegeb\u00e4uden<\/span><\/h3>\n<p><span style=\"color: #ffffff;\">In der dynamischen Umgebung von Gesch\u00e4ftsr\u00e4umen wie ger\u00e4umigen B\u00fcrokomplexen, Einkaufszentren, Gastronomiebetrieben wie Restaurants und Bildungseinrichtungen wie Schulen und Universit\u00e4ten sind gro\u00dfe Kunststoffrohre unverzichtbar. Sie erleichtern die Implementierung anspruchsvoller zentralisierter L\u00fcftungssysteme, die die Luftqualit\u00e4t effizient verwalten und so eine gesunde Arbeitsatmosph\u00e4re, Kundenkomfort und optimale Lernbedingungen gew\u00e4hrleisten. Dar\u00fcber hinaus macht die F\u00e4higkeit dieser Systeme, sich an verschiedene r\u00e4umliche Bed\u00fcrfnisse anzupassen, sie zu einer idealen L\u00f6sung f\u00fcr ein breites Spektrum kommerzieller Anwendungen.<\/span><\/p>\n<p>&nbsp;<\/p>\n<h3><span style=\"color: #fcb426;\">Einsatz von Kunststoff-L\u00fcftungsrohren in Industrieanlagen<\/span><\/h3>\n<p><span style=\"color: #ffffff;\">In der anspruchsvollen Umgebung von Industrieanlagen, in denen Herausforderungen wie hohe Konzentrationen sch\u00e4dlicher Gase, Rauch und Staub aus intensiven Herstellungsprozessen h\u00e4ufig vorkommen, spielen gro\u00dfe Kunststoffrohre eine entscheidende Rolle beim Schutz der Gesundheit der Arbeitnehmer und der Erhaltung der Ausr\u00fcstung. Diese robusten Rohre entfernen gef\u00e4hrliche Emissionen effektiv vom Arbeitsplatz, reduzieren das Risiko gesundheitlicher Probleme und verbessern die allgemeine Sicherheit am Arbeitsplatz.<\/span><\/p>\n<p><span style=\"color: #fcb426;\">Sie werden zur Abf\u00fchrung von Gasen und D\u00e4mpfen aus Haushalten, landwirtschaftlichen Betrieben, Mastbetrieben, Industriegeb\u00e4uden und -anlagen verwendet. <\/span>[\/vc_column_text][vc_empty_space height=&#8220;30&#8243;][\/vc_column][\/vc_row][vc_row][vc_column][vc_column_text css=&#8220;.vc_custom_1738507310537{padding-top: 30px !important;padding-right: 30px !important;padding-bottom: 30px !important;padding-left: 30px !important;background-color: #efefef !important;border-radius: 15px !important;}&#8220;]Kunststoff-Dachl\u00fcftungsrohre und Kunststoff-L\u00fcftungssch\u00e4chte oder -\u00f6ffnungen werden zur Dampfabf\u00fchrung eingesetzt. Sie sind in Industrieanlagen und landwirtschaftlichen Betrieben weit verbreitet.<\/p>\n<p><strong>\u010cabar Plast L\u00fcftungsrohre auf landwirtschaftlichen Betrieben werden in der Regel auf den D\u00e4chern von landwirtschaftlichen Betrieben und Mastbetrieben installiert, und alle Arten von Standardventilatoren zur Abf\u00fchrung von D\u00e4mpfen aus landwirtschaftlichen Betrieben oder Mastbetrieben k\u00f6nnen auf unseren Rohren installiert werden.<\/strong>[\/vc_column_text][vc_empty_space][\/vc_column][\/vc_row][vc_row][vc_column][vc_column_text css=&#8220;.vc_custom_1738507430373{padding-top: 30px !important;padding-right: 30px !important;padding-bottom: 30px !important;padding-left: 30px !important;background-color: #0e415f !important;border-radius: 15px !important;}&#8220;]<\/p>\n<h2><span style=\"color: #fcb426;\">L\u00dcFTUNGSROHRE \u010cABAR PLAST SIND AUS HDPE HERGESTELLT, DADURCH:<\/span><\/h2>\n<ul>\n<li><span style=\"color: #ffffff;\">Garantieren Wasserbest\u00e4ndigkeit und sind eine langfristige L\u00f6sung, da das Material nach 50 Jahren Nutzung nur 5 % seiner Eigenschaften verliert.<\/span><\/li>\n<li><span style=\"color: #ffffff;\">L\u00fcftungsrohre sind UV-best\u00e4ndig, widerstehen extremen Temperaturen von -30\u00b0C bis +80\u00b0C.<\/span><\/li>\n<li><span style=\"color: #ffffff;\">L\u00fcftungsrohre sind umweltgepr\u00fcft (belasten die Umwelt nicht) und aus HDPE gefertigt.<\/span><\/li>\n<li><span style=\"color: #ffffff;\">L\u00fcftungsrohre sind thermostabil.<\/span><\/li>\n<li><span style=\"color: #ffffff;\">L\u00fcftungsrohre sind korrosionsbest\u00e4ndig gegen\u00fcber dem Inneren des Geb\u00e4udes.<\/span><\/li>\n<li><span style=\"color: #ffffff;\">Haben eine gute Tragf\u00e4higkeit.<\/span><\/li>\n<li><span style=\"color: #ffffff;\">Sind schlagfest, d. h. sie weisen keine sichtbaren Spuren auf.<\/span><\/li>\n<li><span style=\"color: #ffffff;\">Und vor allem sind sie einfach zu installieren und haben minimale Wartungskosten.<\/span><\/li>\n<\/ul>\n<p><span style=\"color: #ffffff;\">\u010cabar Plast L\u00fcftungsrohre werden aus Polyethylen hoher Dichte hergestellt, genau wie unsere Pontons, Katamarane, Wassertanks, vertikale Wasserbeh\u00e4lter, \u00d6ltanks, Mostf\u00e4sser, Flachboote, Bew\u00e4sserungstanks, Kl\u00e4rgruben, Fett- und \u00d6labscheider, Kunststofff\u00e4sser f\u00fcr Wein.<\/span><\/p>\n<p><span style=\"color: #fcb426;\">Alle unsere L\u00fcftungsrohre k\u00f6nnen mit sogenannten Schmetterlingsventilen ausgestattet werden, die das Eindringen von Regen, Schnee, Hagel oder jeglichen atmosph\u00e4rischen Niederschl\u00e4gen in das Geb\u00e4ude verhindern.<\/span>[\/vc_column_text][vc_empty_space][\/vc_column][\/vc_row][vc_row][vc_column][vc_column_text css=&#8220;.vc_custom_1738507739706{padding-right: 30px !important;padding-left: 30px !important;}&#8220;]<\/p>\n<h3>Kunststoff-L\u00fcftungsrohre aus Polyethylen hoher Dichte oder HDPE werden in Standarddurchmessern hergestellt:<\/h3>\n<ul>\n<li>\u00d8 300 mm,<\/li>\n<li>\u00d8 400 mm<\/li>\n<li>\u00d8 500 mm<\/li>\n<li>\u00d8 600 mm<\/li>\n<li>\u00d8 800 mm<\/li>\n<li>\u00d8 1000 mm<\/li>\n<li>\u00d8 1200 mm<\/li>\n<li>\u00d8 1300 mm<\/li>\n<li>\u00d8 1600 mm pa sve do<\/li>\n<li>\u00d8 3000 mm<\/li>\n<\/ul>\n<p>Je nach Kundenwunsch und Bedarf k\u00f6nnen sie in allen L\u00e4ngen und verschiedenen Durchmessern gefertigt und durch Flansche verbunden werden. Es besteht auch die M\u00f6glichkeit, B\u00f6gen in verschiedenen Graden herzustellen, um die L\u00fcftungsrohre nach Wunsch zu f\u00fchren; man muss nur den Radius kennen, nach dem die B\u00f6gen f\u00fcr L\u00fcftungsrohre hergestellt werden.<\/p>\n<p>Wir produzieren L\u00fcftungsrohre von h\u00f6chster Qualit\u00e4t zu den g\u00fcnstigsten Preisen.<\/p>\n<p>Rufen Sie uns an und \u00fcberzeugen Sie sich selbst.[\/vc_column_text][vc_empty_space][\/vc_column][\/vc_row][vc_row][vc_column][vc_column_text css=&#8220;.vc_custom_1738507730237{padding-top: 30px !important;padding-right: 30px !important;padding-bottom: 30px !important;padding-left: 30px !important;background-color: #0e415f !important;border-radius: 15px !important;}&#8220;]<\/p>\n<p><span style=\"color: #ffffff;\">\u010cabar plast L\u00fcftungsrohre sind schnell und einfach zu installieren, billiger, nicht korrosiv und thermostabil, im Gegensatz zu Metall- oder verzinkten Kan\u00e4len.<\/span><\/p>\n<p><span style=\"color: #ffffff;\">Es besteht die M\u00f6glichkeit, Diffusoren zu installieren, die einen Ausgleich der Luftstr\u00f6mungsgeschwindigkeit im Biosph\u00e4ren-G\u00fcrtel erreichen.<\/span><br \/>\n<span style=\"color: #ffffff;\">\u010cabar Plast Jalousien dienen auch zur Regulierung des Durchflusses. Wir haben auch Sandschutz-Jalousien, die eine Sandabscheidung aus dem Luftstrom erreichen. Kombinierte Jalousien sind eine Kombination aus festen und regulierenden Jalousien.<\/span><\/p>\n<p><span style=\"color: #ffffff;\">Gro\u00dfe Kunststoff-L\u00fcftungsrohre sind in modernen L\u00fcftungssystemen immer h\u00e4ufiger anzutreffen, dank einer Reihe von Vorteilen, die sie gegen\u00fcber herk\u00f6mmlichen Metallrohren bieten. Hier untersuchen wir diese Vorteile genauer sowie einige potenzielle Nachteile, die bei ihrer Verwendung auftreten k\u00f6nnen.<\/span>[\/vc_column_text][vc_empty_space][\/vc_column][\/vc_row][vc_row][vc_column][vc_column_text css=&#8220;.vc_custom_1738507572995{padding-right: 30px !important;padding-left: 30px !important;}&#8220;]<\/p>\n<h3>Vorteile gro\u00dfer Kunststoff-L\u00fcftungsrohre:<\/h3>\n<ul>\n<li><strong>Korrosionsbest\u00e4ndigkeit:<\/strong> Eine der wichtigsten Eigenschaften von Kunststoffrohren ist ihre au\u00dfergew\u00f6hnliche Korrosionsbest\u00e4ndigkeit. Im Gegensatz zu Metallrohren, die durch Feuchtigkeit, chemische Stoffe oder Salze korrodieren k\u00f6nnen, bleiben Kunststoffrohre davon unber\u00fchrt. Diese Eigenschaft verl\u00e4ngert die Lebensdauer des L\u00fcftungssystems erheblich und reduziert die Notwendigkeit h\u00e4ufiger Wartung oder Austausch.<\/li>\n<li><strong>Einfachere Installation:<\/strong> Kunststoffrohre sind deutlich leichter und flexibler als ihre Gegenst\u00fccke aus Metall, was ihre Handhabung und Montage erleichtert. Dies beschleunigt nicht nur den Installationsprozess, sondern reduziert auch die Arbeitskosten, wodurch die Gesamtinstallation des L\u00fcftungssystems wirtschaftlicher wird.<\/li>\n<li><strong>L\u00e4rmreduzierung:<\/strong> Dank der inh\u00e4renten Eigenschaften von Kunststoff, der Schall besser absorbiert als Metall, tragen Kunststoffrohre zur L\u00e4rmreduzierung in L\u00fcftungssystemen bei. Dies ist besonders vorteilhaft in Umgebungen, in denen L\u00e4rmreduzierung eine Priorit\u00e4t ist, wie z. B. in Krankenh\u00e4usern, Schulen und Wohngeb\u00e4uden.<\/li>\n<\/ul>\n<h3>Wirtschaftlichkeit<\/h3>\n<p>Im Allgemeinen sind Kunststoffrohre kosteng\u00fcnstiger als Metallrohre, was sie f\u00fcr viele Projekte zu einer wirtschaftlich vorteilhaften Option macht. Neben geringeren Anschaffungskosten werden durch niedrigere Wartungskosten und eine l\u00e4ngere Lebensdauer auch langfristige Einsparungen erzielt.[\/vc_column_text][vc_empty_space][\/vc_column][\/vc_row][vc_row][vc_column][vc_column_text css=&#8220;.vc_custom_1738507659698{padding-top: 30px !important;padding-right: 30px !important;padding-bottom: 30px !important;padding-left: 30px !important;background-color: #efefef !important;border-radius: 15px !important;}&#8220;]<\/p>\n<h3>Nachteile gro\u00dfer Kunststoff-L\u00fcftungsrohre<\/h3>\n<p>Einschr\u00e4nkungen in Bezug auf den Brandschutz: Im Vergleich zu Metallrohren k\u00f6nnen Kunststoffrohre in Anwendungen, in denen strenge Brandschutznormen und -vorschriften gelten, aufgrund ihrer h\u00f6heren Entflammbarkeit weniger w\u00fcnschenswert sein.<\/p>\n<p>Die Vorteile, die gro\u00dfe Kunststoffrohre mit sich bringen, \u00fcberwiegen diese Einschr\u00e4nkungen jedoch h\u00e4ufig, insbesondere bei Anwendungen, bei denen Korrosionsbest\u00e4ndigkeit, einfachere Installation, L\u00e4rmreduzierung und Wirtschaftlichkeit entscheidende Faktoren sind. Bei der Auswahl der Materialien f\u00fcr L\u00fcftungsrohre ist es wichtig, die spezifischen Anforderungen jedes Projekts sorgf\u00e4ltig zu ber\u00fccksichtigen[\/vc_column_text][vc_empty_space][\/vc_column][\/vc_row][vc_row full_width=&#8220;stretch_row_content_no_spaces&#8220;][vc_column][vc_column_text]<img loading=\"lazy\" decoding=\"async\" class=\"aligncenter wp-image-232 size-full\" src=\"https:\/\/cabarplast.com\/wp-content\/uploads\/2024\/03\/footer-4.png\" alt=\"\" width=\"1919\" height=\"50\" srcset=\"https:\/\/cabarplast.com\/wp-content\/uploads\/2024\/03\/footer-4.png 1919w, https:\/\/cabarplast.com\/wp-content\/uploads\/2024\/03\/footer-4-300x8.png 300w, https:\/\/cabarplast.com\/wp-content\/uploads\/2024\/03\/footer-4-1024x27.png 1024w, https:\/\/cabarplast.com\/wp-content\/uploads\/2024\/03\/footer-4-768x20.png 768w, https:\/\/cabarplast.com\/wp-content\/uploads\/2024\/03\/footer-4-1536x40.png 1536w\" sizes=\"auto, (max-width: 1919px) 100vw, 1919px\" \/>[\/vc_column_text][\/vc_column][\/vc_row]<\/p>\n<\/div>","protected":false},"excerpt":{"rendered":"<p>[vc_row][vc_column width=&#8220;1\/2&#8243;][\/vc_column][vc_column width=&#8220;1\/2&#8243; css=&#8220;.vc_custom_1709647368309{border-left-width: 1px !important;padding-right: 30px !important;padding-left: 30px !important;border-left-color: #0e415f !important;border-left-style: solid !important;}&#8220;][vc_column_text css=&#8220;&#8220;] L\u00fcftungsrohre &nbsp; L\u00fcftungsrohre sind ein wesentlicher Bestandteil jedes L\u00fcftungssystems und dienen dem Transport von Luft von einem Raum zum anderen. Sie erm\u00f6glichen die Luftzirkulation, -filtration und den -austausch in geschlossenen R\u00e4umen und verbessern so die Luftqualit\u00e4t und verhindern die Ansammlung&hellip;<\/p>\n","protected":false},"author":1,"featured_media":0,"parent":0,"menu_order":0,"comment_status":"closed","ping_status":"closed","template":"","meta":{"footnotes":""},"class_list":["post-3133","page","type-page","status-publish","hentry","description-off"],"_links":{"self":[{"href":"https:\/\/cabarplast.com\/de\/wp-json\/wp\/v2\/pages\/3133","targetHints":{"allow":["GET"]}}],"collection":[{"href":"https:\/\/cabarplast.com\/de\/wp-json\/wp\/v2\/pages"}],"about":[{"href":"https:\/\/cabarplast.com\/de\/wp-json\/wp\/v2\/types\/page"}],"author":[{"embeddable":true,"href":"https:\/\/cabarplast.com\/de\/wp-json\/wp\/v2\/users\/1"}],"replies":[{"embeddable":true,"href":"https:\/\/cabarplast.com\/de\/wp-json\/wp\/v2\/comments?post=3133"}],"version-history":[{"count":3,"href":"https:\/\/cabarplast.com\/de\/wp-json\/wp\/v2\/pages\/3133\/revisions"}],"predecessor-version":[{"id":3137,"href":"https:\/\/cabarplast.com\/de\/wp-json\/wp\/v2\/pages\/3133\/revisions\/3137"}],"wp:attachment":[{"href":"https:\/\/cabarplast.com\/de\/wp-json\/wp\/v2\/media?parent=3133"}],"curies":[{"name":"wp","href":"https:\/\/api.w.org\/{rel}","templated":true}]}}