{"id":3127,"date":"2024-03-04T21:14:41","date_gmt":"2024-03-04T21:14:41","guid":{"rendered":"https:\/\/cabarplast.com\/drenazne-cevi\/"},"modified":"2025-02-02T14:31:18","modified_gmt":"2025-02-02T14:31:18","slug":"drainagerohre","status":"publish","type":"page","link":"https:\/\/cabarplast.com\/de\/drainagerohre\/","title":{"rendered":"Drainagerohre"},"content":{"rendered":"<div class=\"wpb-content-wrapper\"><p>[vc_row][vc_column width=&#8220;1\/2&#8243;]<style type=\"text\/css\" data-type=\"the7_shortcodes-inline-css\">.gallery-carousel-shortcode.gallery-carousel-shortcode-id-8bbc2b1e9120c9c329dcadb2cbe4c517 .owl-nav a {\n  width: 30px;\n  height: 30px;\n  border-radius: 500px;\n}\n.dt-arrow-border-on.gallery-carousel-shortcode.gallery-carousel-shortcode-id-8bbc2b1e9120c9c329dcadb2cbe4c517 .owl-nav a:not(:hover):before {\n  border-width: 0px;\n}\n.dt-arrow-hover-border-on.gallery-carousel-shortcode.gallery-carousel-shortcode-id-8bbc2b1e9120c9c329dcadb2cbe4c517 .owl-nav a:hover:after {\n  border-width: 0px;\n}\n.gallery-carousel-shortcode.gallery-carousel-shortcode-id-8bbc2b1e9120c9c329dcadb2cbe4c517 .owl-nav a.owl-prev {\n  top: calc(100% + 0px);\n  left: -43px;\n}\n.gallery-carousel-shortcode.gallery-carousel-shortcode-id-8bbc2b1e9120c9c329dcadb2cbe4c517 .owl-nav a.owl-prev i {\n  padding: 0px 5px 0px 5px;\n}\n.gallery-carousel-shortcode.gallery-carousel-shortcode-id-8bbc2b1e9120c9c329dcadb2cbe4c517 .owl-nav a.owl-next {\n  top: calc(100% + 0px);\n  right: -43px;\n}\n.gallery-carousel-shortcode.gallery-carousel-shortcode-id-8bbc2b1e9120c9c329dcadb2cbe4c517 .owl-nav a.owl-next i {\n  padding: 0px 5px 0px 5px;\n}\n.gallery-carousel-shortcode.gallery-carousel-shortcode-id-8bbc2b1e9120c9c329dcadb2cbe4c517 .owl-nav i {\n  font-size: 15px;\n}\n.gallery-carousel-shortcode.gallery-carousel-shortcode-id-8bbc2b1e9120c9c329dcadb2cbe4c517 .owl-nav a:not(:hover) i,\n.gallery-carousel-shortcode.gallery-carousel-shortcode-id-8bbc2b1e9120c9c329dcadb2cbe4c517 .owl-nav a:not(:hover) i:before {\n  color: #ffffff;\n  background: none;\n}\n.gallery-carousel-shortcode.gallery-carousel-shortcode-id-8bbc2b1e9120c9c329dcadb2cbe4c517 .owl-nav a:hover i,\n.gallery-carousel-shortcode.gallery-carousel-shortcode-id-8bbc2b1e9120c9c329dcadb2cbe4c517 .owl-nav a:hover i:before {\n  color: rgba(255,255,255,0.75);\n  background: none;\n}\n.gallery-carousel-shortcode.gallery-carousel-shortcode-id-8bbc2b1e9120c9c329dcadb2cbe4c517 .owl-dots {\n  top: calc(100% + 20px);\n  left: 50%;\n  transform: translateX(calc(-50% + 0px));\n}\n@media all and (-ms-high-contrast: none) {\n  .gallery-carousel-shortcode.gallery-carousel-shortcode-id-8bbc2b1e9120c9c329dcadb2cbe4c517 .owl-dots {\n    transform: translateX(-50%);\n    margin-left: 0px;\n  }\n}\n.gallery-carousel-shortcode.gallery-carousel-shortcode-id-8bbc2b1e9120c9c329dcadb2cbe4c517 .owl-dot {\n  width: 10px;\n  height: 10px;\n  margin: 0 8px;\n}\n@media screen and (max-width: 778px) {\n  .gallery-carousel-shortcode.gallery-carousel-shortcode-id-8bbc2b1e9120c9c329dcadb2cbe4c517.hide-arrows .owl-nav a {\n    display: none;\n  }\n}\n@media screen and (max-width: 778px) {\n  .gallery-carousel-shortcode.gallery-carousel-shortcode-id-8bbc2b1e9120c9c329dcadb2cbe4c517.reposition-arrows .owl-nav .owl-prev {\n    top: calc(100% + 0px);\n    left: 10px;\n  }\n  .gallery-carousel-shortcode.gallery-carousel-shortcode-id-8bbc2b1e9120c9c329dcadb2cbe4c517.reposition-arrows .owl-nav .owl-next {\n    top: calc(100% + 0px);\n    right: 10px;\n  }\n}\n.gallery-carousel-shortcode.gallery-carousel-shortcode-id-8bbc2b1e9120c9c329dcadb2cbe4c517 figure,\n.gallery-carousel-shortcode.gallery-carousel-shortcode-id-8bbc2b1e9120c9c329dcadb2cbe4c517 .rollover,\n.gallery-carousel-shortcode.gallery-carousel-shortcode-id-8bbc2b1e9120c9c329dcadb2cbe4c517 img,\n.gallery-carousel-shortcode.gallery-carousel-shortcode-id-8bbc2b1e9120c9c329dcadb2cbe4c517 .gallery-rollover {\n  border-radius: 0px;\n}\n.gallery-carousel-shortcode.gallery-carousel-shortcode-id-8bbc2b1e9120c9c329dcadb2cbe4c517.enable-bg-rollover .gallery-rollover {\n  background: -webkit-linear-gradient();\n  background: linear-gradient();\n}\n.gallery-carousel-shortcode.gallery-carousel-shortcode-id-8bbc2b1e9120c9c329dcadb2cbe4c517.enable-img-shadow .owl-stage-outer {\n  padding: 14px 0;\n}\n.gallery-carousel-shortcode.gallery-carousel-shortcode-id-8bbc2b1e9120c9c329dcadb2cbe4c517.enable-bg-rollover.hover-scale figure .rollover:after {\n  background: -webkit-linear-gradient();\n  background: linear-gradient();\n}\n.gallery-carousel-shortcode.gallery-carousel-shortcode-id-8bbc2b1e9120c9c329dcadb2cbe4c517.gallery-shortcode .gallery-zoom-ico {\n  width: 44px;\n  height: 44px;\n  line-height: 44px;\n  border-radius: 100px;\n  margin: -22px 0 0 -22px;\n  border-width: 0px;\n}\n.dt-icon-bg-on.gallery-carousel-shortcode.gallery-carousel-shortcode-id-8bbc2b1e9120c9c329dcadb2cbe4c517.gallery-shortcode .gallery-zoom-ico {\n  background: rgba(255,255,255,0.3);\n  box-shadow: none;\n}\n.gallery-carousel-shortcode.gallery-carousel-shortcode-id-8bbc2b1e9120c9c329dcadb2cbe4c517.gallery-shortcode .gallery-zoom-ico:before,\n.gallery-carousel-shortcode.gallery-carousel-shortcode-id-8bbc2b1e9120c9c329dcadb2cbe4c517.gallery-shortcode .gallery-zoom-ico span {\n  font-size: 32px;\n  line-height: 44px;\n  color: #ffffff;\n  background: none;\n}\n<\/style><div class=\"owl-carousel gallery-carousel-shortcode gallery-shortcode  dt-gallery-container dt-owl-carousel-call gallery-carousel-shortcode-id-8bbc2b1e9120c9c329dcadb2cbe4c517 quick-scale-img enable-bg-rollover meta-info-off dt-arrow-border-on dt-arrow-hover-border-on bullets-small-dot-stroke reposition-arrows dt-icon-bg-off arrows-bg-on disable-arrows-hover-bg arrows-hover-bg-on  vc_custom_1713171035693 hover-fade \" data-scroll-mode=\"1\" data-col-num=\"1\" data-wide-col-num=\"1\" data-laptop-col=\"1\" data-h-tablet-columns-num=\"1\" data-v-tablet-columns-num=\"1\" data-phone-columns-num=\"1\" data-col-gap=\"10\" data-stage-padding=\"0\" data-speed=\"600\" data-autoplay=\"false\" data-autoplay_speed=\"6000\" data-arrows=\"true\" data-bullet=\"false\" data-next-icon=\"icon-ar-017-r\" data-prev-icon=\"icon-ar-017-l\" data-img-shadow-size=\"12px\" data-img-shadow-spread=\"3px\"><div data-post-id=\"3131\" data-date=\"2024-04-15T08:50:02+00:00\" data-name=\"Crpne stanice za vodu\"><figure class=\"post\"><a href=\"https:\/\/cabarplast.com\/wp-content\/uploads\/2024\/04\/Cevi-za-drenazu-2.jpg\" class=\"rollover dt-pswp-item layzr-bg\" data-large_image_width=\"1080\" data-large_image_height=\"1080\" data-dt-img-description=\"\" title=\"Crpne stanice za vodu\"><img fetchpriority=\"high\" decoding=\"async\" class=\"preload-me owl-lazy-load aspect\" src=\"data:image\/svg+xml,%3Csvg%20xmlns%3D&#39;http%3A%2F%2Fwww.w3.org%2F2000%2Fsvg&#39;%20viewBox%3D&#39;0%200%201080%201080&#39;%2F%3E\" data-src=\"https:\/\/cabarplast.com\/wp-content\/uploads\/2024\/04\/Cevi-za-drenazu-2.jpg\" data-srcset=\"https:\/\/cabarplast.com\/wp-content\/uploads\/2024\/04\/Cevi-za-drenazu-2.jpg 1080w\" loading=\"eager\" style=\"--ratio: 1080 \/ 1080\" sizes=\"(max-width: 1080px) 100vw, 1080px\" alt=\"\" width=\"1080\" height=\"1080\"  \/><span class=\"gallery-rollover\"><span class=\"gallery-zoom-ico icomoon-the7-font-the7-zoom-06\"><span><\/span><\/span><\/span><\/a><\/figure><\/div><div data-post-id=\"3128\" data-date=\"2024-04-15T08:50:02+00:00\" data-name=\"Crpne stanice za vodu\"><figure class=\"post\"><a href=\"https:\/\/cabarplast.com\/wp-content\/uploads\/2024\/04\/Cevi-za-drenazu-1.jpg\" class=\"rollover dt-pswp-item layzr-bg\" data-large_image_width=\"1080\" data-large_image_height=\"1080\" data-dt-img-description=\"\" title=\"Crpne stanice za vodu\"><img decoding=\"async\" class=\"preload-me owl-lazy-load aspect\" src=\"data:image\/svg+xml,%3Csvg%20xmlns%3D&#39;http%3A%2F%2Fwww.w3.org%2F2000%2Fsvg&#39;%20viewBox%3D&#39;0%200%201080%201080&#39;%2F%3E\" data-src=\"https:\/\/cabarplast.com\/wp-content\/uploads\/2024\/04\/Cevi-za-drenazu-1.jpg\" data-srcset=\"https:\/\/cabarplast.com\/wp-content\/uploads\/2024\/04\/Cevi-za-drenazu-1.jpg 1080w\" loading=\"eager\" style=\"--ratio: 1080 \/ 1080\" sizes=\"(max-width: 1080px) 100vw, 1080px\" alt=\"\" width=\"1080\" height=\"1080\"  \/><span class=\"gallery-rollover\"><span class=\"gallery-zoom-ico icomoon-the7-font-the7-zoom-06\"><span><\/span><\/span><\/span><\/a><\/figure><\/div><\/div>[\/vc_column][vc_column width=&#8220;1\/2&#8243; css=&#8220;.vc_custom_1709647368309{border-left-width: 1px !important;padding-right: 30px !important;padding-left: 30px !important;border-left-color: #0e415f !important;border-left-style: solid !important;}&#8220;][vc_column_text css=&#8220;&#8220;]<\/p>\n<h1>Drainagerohre &#8211; <strong>Rohre f\u00fcr die Entw\u00e4sserung<\/strong><\/h1>\n<p>&nbsp;<\/p>\n<p>Drainagerohre sind spezielle Rohre, die f\u00fcr die Ableitung von \u00fcbersch\u00fcssigem Wasser aus dem Boden oder von Oberfl\u00e4chen konzipiert sind.<\/p>\n<p>Sie werden eingesetzt, um Wassereinlagerungen zu verhindern, die zu Bodenerosion, Erdrutschen, Sch\u00e4den an Fundamenten und Bauwerken f\u00fchren k\u00f6nnen, und um die Bedingungen f\u00fcr das Pflanzenwachstum in landwirtschaftlichen Gebieten zu verbessern.[\/vc_column_text][vc_empty_space height=&#8220;20&#8243;]<a href=\"https:\/\/cabarplast.com\/de\/kontaktinformationen-cabar-plast\/\" class=\"btn-shortcode dt-btn-m dt-btn default-btn-color default-btn-hover-color default-btn-bg-color default-btn-bg-hover-color\" id=\"dt-btn-1\"><span>Kontaktieren Sie uns<\/span><\/a>[\/vc_column][\/vc_row][vc_row][vc_column][vc_empty_space height=&#8220;50&#8243;][vc_column_text css=&#8220;.vc_custom_1738506297706{padding-right: 30px !important;padding-left: 30px !important;}&#8220;]<\/p>\n<h2>Wie man Drainagerohre installiert &#8211; Der Prozess<\/h2>\n<p>Die Installation von Drainagerohren ist f\u00fcr ein effektives Wassermanagement und den Schutz von Grundst\u00fccken und Geb\u00e4uden vor Sch\u00e4den durch \u00fcbersch\u00fcssiges Wasser unerl\u00e4sslich. Der Installationsprozess umfasst mehrere detaillierte Schritte, die die ordnungsgem\u00e4\u00dfe Funktion des Entw\u00e4sserungssystems gew\u00e4hrleisten.<br \/>\n[\/vc_column_text][vc_empty_space height=&#8220;50&#8243;][\/vc_column][\/vc_row][vc_row full_width=&#8220;stretch_row_content_no_spaces&#8220;][vc_column][vc_column_text]<img loading=\"lazy\" decoding=\"async\" class=\"aligncenter wp-image-232 size-full\" src=\"https:\/\/cabarplast.com\/wp-content\/uploads\/2024\/03\/footer-4.png\" alt=\"\" width=\"1919\" height=\"50\" srcset=\"https:\/\/cabarplast.com\/wp-content\/uploads\/2024\/03\/footer-4.png 1919w, https:\/\/cabarplast.com\/wp-content\/uploads\/2024\/03\/footer-4-300x8.png 300w, https:\/\/cabarplast.com\/wp-content\/uploads\/2024\/03\/footer-4-1024x27.png 1024w, https:\/\/cabarplast.com\/wp-content\/uploads\/2024\/03\/footer-4-768x20.png 768w, https:\/\/cabarplast.com\/wp-content\/uploads\/2024\/03\/footer-4-1536x40.png 1536w\" sizes=\"auto, (max-width: 1919px) 100vw, 1919px\" \/>[\/vc_column_text][\/vc_column][\/vc_row][vc_row full_width=&#8220;stretch_row&#8220; css=&#8220;.vc_custom_1709643894007{background-color: #0e415f !important;}&#8220;][vc_column][vc_column_text css=&#8220;.vc_custom_1738506371286{padding-right: 30px !important;padding-left: 30px !important;}&#8220;]<\/p>\n<ul>\n<li><span style=\"color: #ffffff;\">Der erste Schritt bei der Installation von Drainagerohren ist eine gr\u00fcndliche Planung. Dieser Schritt umfasst die Analyse der Topographie des Gel\u00e4ndes und die Identifizierung von Bereichen, in denen sich Wasser ansammelt oder eine Entw\u00e4sserung erforderlich ist. Es ist wichtig, den optimalen Verlauf f\u00fcr die Drainagerohre zu bestimmen, der eine effiziente Entw\u00e4sserung gew\u00e4hrleistet, wobei vorhandene Hindernisse und zuk\u00fcnftige Pl\u00e4ne f\u00fcr das Grundst\u00fcck ber\u00fccksichtigt werden. Es sollte auch die Tiefe bestimmt werden, in der die Rohre verlegt werden, die von der Art des Bodens, dem erwarteten Wasservolumen und anderen Faktoren wie Landnutzungspl\u00e4nen und der N\u00e4he zu Geb\u00e4udefundamenten abh\u00e4ngt.<\/span><\/li>\n<li><span style=\"color: #ffffff;\">Nach der Planung ist der n\u00e4chste Schritt der Grabenaushub. Die Tiefe und Breite des Grabens h\u00e4ngen von den Spezifikationen des Entw\u00e4sserungssystems ab, und die Neigung des Grabens muss f\u00fcr den gravitationsbedingten Wasserfluss ausreichend sein, typischerweise zwischen 1 % und 2 %. Der Graben sollte sorgf\u00e4ltig ausgehoben werden, um sicherzustellen, dass die Seiten stabil sind und w\u00e4hrend oder nach der Rohrverlegung nicht einst\u00fcrzen.<\/span><\/li>\n<li><span style=\"color: #ffffff;\">Am Boden des ausgehobenen Grabens wird eine etwa 15-20 cm dicke Kiesschicht aufgebracht. Der Kies dient als Filterschicht, die verhindert, dass die Drainagerohre von Erde und anderen feinen Materialien versch\u00fcttet werden, und gleichzeitig eine stabile Basis f\u00fcr die Rohre bietet.<\/span><\/li>\n<li><span style=\"color: #ffffff;\">\u00dcber der Kiesschicht wird eine Geotextilschicht gelegt, die das Eindringen feiner Partikel in das Entw\u00e4sserungssystem weiter verhindert und es frei von Verstopfungen h\u00e4lt. Geotextil tr\u00e4gt auch zur Gewichtsverteilung und zur Stabilit\u00e4t der Drainageschicht bei.<\/span><\/li>\n<li><span style=\"color: #ffffff;\">Die Drainagerohre werden mit einem leichten Gef\u00e4lle, idealerweise etwa 1 cm pro Meter Rohrl\u00e4nge, \u00fcber das Geotextil verlegt, um einen effizienten Wasserfluss durch die Schwerkraft zu erm\u00f6glichen. Die Rohre sollten sorgf\u00e4ltig verlegt werden, um einen kontinuierlichen Fluss zu gew\u00e4hrleisten und m\u00f6gliche Verstopfungen zu vermeiden. Wenn die Rohre perforiert sind, ist es wichtig, sicherzustellen, dass die Schlitze nach unten zeigen, um das Eindringen von Wasser in das Rohr zu erm\u00f6glichen und gleichzeitig Verstopfungen zu verhindern.<\/span><\/li>\n<li><span style=\"color: #ffffff;\">Nach dem Verlegen der Rohre wird eine weitere Kiesschicht \u00fcber sie aufgebracht, und dann wird das Geotextil \u00fcber den Kies gefaltet, um die Rohre vollst\u00e4ndig zu umschlie\u00dfen. Dies gew\u00e4hrleistet zus\u00e4tzlichen Schutz und Filtration sowie die Stabilit\u00e4t des Drainagesystems.<\/span><\/li>\n<li><span style=\"color: #ffffff;\">Der letzte Schritt ist das Verf\u00fcllen des Grabens mit Erde, um das Gel\u00e4nde wieder in seinen urspr\u00fcnglichen Zustand zu versetzen. Die Erde wird sorgf\u00e4ltig eingef\u00fcllt und verdichtet, um die Oberfl\u00e4chenstabilit\u00e4t zu gew\u00e4hrleisten und ein Absacken oder Setzen des Bodens \u00fcber den Drainagerohren zu verhindern.<\/span><\/li>\n<\/ul>\n<p><span style=\"color: #fcb426;\">Die ordnungsgem\u00e4\u00dfe Installation von Drainagerohren ist entscheidend f\u00fcr die langfristige Effizienz und Nachhaltigkeit des Entw\u00e4sserungssystems, verhindert wasserbedingte Probleme und sch\u00fctzt das Grundst\u00fcck und die Strukturen vor m\u00f6glichen Sch\u00e4den.<\/span>[\/vc_column_text][vc_empty_space height=&#8220;30&#8243;][\/vc_column][\/vc_row][vc_row][vc_column][vc_column_text css=&#8220;.vc_custom_1738506448736{padding-top: 30px !important;padding-right: 30px !important;padding-bottom: 30px !important;padding-left: 30px !important;background-color: #efefef !important;border-radius: 15px !important;}&#8220;]<\/p>\n<h2>Verwendung von Drainagerohren<\/h2>\n<p>Drainagerohre aus Polyethylen hoher Dichte (HDPE) sind aufgrund ihrer au\u00dfergew\u00f6hnlichen Best\u00e4ndigkeit, Flexibilit\u00e4t und Langlebigkeit zu einem unverzichtbaren Bestandteil moderner Infrastruktur- und Bauprojekte geworden. Diese Rohre sind f\u00fcr die Ableitung von \u00fcbersch\u00fcssigem Wasser in verschiedenen Gel\u00e4nden und unter verschiedenen Bedingungen konzipiert und bieten effiziente Entw\u00e4sserungsl\u00f6sungen und Wasserschutz. Hier ist ein detaillierterer Vorschlag f\u00fcr ihre Anwendung in verschiedenen Bereichen:<\/p>\n<p><strong>Haushalte<\/strong><\/p>\n<p>In Haushalten spielen Drainagerohre eine Schl\u00fcsselrolle beim Schutz von H\u00f6fen, G\u00e4rten und Fundamenten von Wohngeb\u00e4uden vor m\u00f6glichen Sch\u00e4den durch stehendes Wasser. Diese Rohre sammeln und leiten \u00fcbersch\u00fcssiges Wasser, Regenwasser und Wasser aus Bew\u00e4sserungssystemen effizient ab, verhindern eine Bodens\u00e4ttigung und sch\u00fctzen Fundamente vor Erosion. Ein Drainagesystem rund um das Haus, insbesondere in Gebieten, die zu \u00dcberschwemmungen oder hoher Bodenfeuchtigkeit neigen, kann das Risiko von Keller\u00fcberschwemmungen und strukturellen Sch\u00e4den erheblich reduzieren.<\/p>\n<p><strong>Industriekomplexe<\/strong><\/p>\n<p>In Industriegebieten sind HDPE-Drainagerohre f\u00fcr ein effizientes Management von Abwasser und Oberfl\u00e4chenwasser unerl\u00e4sslich. Sie erm\u00f6glichen eine sichere Wasserableitung aus Produktionsst\u00e4tten, Lagerhallen und anderen Geb\u00e4uden und sch\u00fctzen diese vor \u00dcberschwemmungen und Wassersch\u00e4den. Dar\u00fcber hinaus spielen Entw\u00e4sserungssysteme in Industriekomplexen eine wichtige Rolle bei der Vermeidung von Kontaminationen des umliegenden Landes und der Wasserstra\u00dfen, indem sie Industrieabw\u00e4sser nachhaltig und sicher verwalten.<\/p>\n<p><strong>\u00d6ffentliche Bereiche<\/strong><\/p>\n<p>In \u00f6ffentlichen Bereichen wie Parks, Sportpl\u00e4tzen, Spielpl\u00e4tzen und anderen Freizeitanlagen sorgen Drainagerohre daf\u00fcr, dass diese Bereiche auch bei Regen nutzbar und sicher bleiben. Effiziente Entw\u00e4sserungssysteme verhindern die Bildung von Pf\u00fctzen und Schlamm, sodass die B\u00fcrger diese R\u00e4ume unabh\u00e4ngig von den Wetterbedingungen genie\u00dfen k\u00f6nnen. Dar\u00fcber hinaus hilft eine ordnungsgem\u00e4\u00dfe Entw\u00e4sserung, die Vegetation und die Landschaftsgestaltung zu erhalten, indem sie eine \u00dcbers\u00e4ttigung mit Wasser verhindert, die zu Pflanzenverfall und Bodenerosion f\u00fchren kann.[\/vc_column_text][vc_empty_space][\/vc_column][\/vc_row][vc_row][vc_column][vc_column_text css=&#8220;.vc_custom_1738506570268{padding-top: 30px !important;padding-right: 30px !important;padding-bottom: 30px !important;padding-left: 30px !important;background-color: #0e415f !important;border-radius: 15px !important;}&#8220;]<\/p>\n<h3><span style=\"color: #fcb426;\">Spezifische Anwendungen<\/span><\/h3>\n<p><span style=\"color: #ffffff;\">HDPE-Drainagerohre werden auch in spezifischen Anwendungen eingesetzt, wie zum Beispiel:<\/span><\/p>\n<ul>\n<li><span style=\"color: #fcb426;\">Regenwassersammelsysteme<\/span> <span style=\"color: #ffffff;\">, bei denen \u00fcbersch\u00fcssiges Wasser f\u00fcr die Bew\u00e4sserung oder andere Zwecke genutzt werden kann, was zur Nachhaltigkeit und Ressourcenschonung beitr\u00e4gt.<br \/>\n<\/span><\/li>\n<li><span style=\"color: #fcb426;\">Infrastrukturschutz<br \/>\n<\/span> <span style=\"color: #ffffff;\">wie Br\u00fccken, Tunnel und Stra\u00dfenb\u00f6schungen, wo eine effiziente Entw\u00e4sserung der Schl\u00fcssel zur Erhaltung der strukturellen Integrit\u00e4t ist.<\/span><\/li>\n<li><span style=\"color: #fcb426;\">Golfpl\u00e4tze und Sportanlagen<\/span> <span style=\"color: #ffffff;\">, wo eine pr\u00e4zise Kontrolle der Bodenfeuchtigkeit erforderlich ist, um die Qualit\u00e4t der Pl\u00e4tze und Spielfelder zu erhalten.<\/span><\/li>\n<\/ul>\n<p><span style=\"color: #ffffff;\">Der Einsatz von HDPE-Drainagerohren in diesen und vielen anderen Anwendungen bietet langlebige, zuverl\u00e4ssige und umweltfreundliche L\u00f6sungen f\u00fcr das Wassermanagement und macht sie zu einem unverzichtbaren Element im modernen Bauwesen und in der Infrastruktur.<br \/>\n<\/span>[\/vc_column_text][vc_empty_space][\/vc_column][\/vc_row][vc_row][vc_column][vc_column_text css=&#8220;.vc_custom_1738506634194{padding-right: 30px !important;padding-left: 30px !important;}&#8220;]<\/p>\n<h3>Quadratische oder runde Drainagerohre?<\/h3>\n<p>Drainagerohre sind meistens rund, was in der Branche aufgrund ihrer Effizienz bei der Wasserableitung, ihrer strukturellen St\u00e4rke und ihrer einfachen Installation Standard ist. Die runde Form erm\u00f6glicht einen leichteren Wasserfluss durch das Rohr, verringert das Verstopfungsrisiko und erleichtert die Verlegung der Rohre im Boden.<\/p>\n<p>W\u00e4hrend runde Rohre die h\u00e4ufigste Form sind, gibt es spezialisierte Entw\u00e4sserungssysteme, die Elemente enthalten k\u00f6nnen, die nicht streng rund sind. Zum Beispiel k\u00f6nnen Entw\u00e4sserungskan\u00e4le oder Rinnen verschiedene Querschnitte haben, einschlie\u00dflich rechteckiger oder halbkreisf\u00f6rmiger. Diese Systeme werden h\u00e4ufig auf Oberfl\u00e4chen wie Parkpl\u00e4tzen, Gehwegen oder entlang von Geb\u00e4udefundamenten verwendet, um Oberfl\u00e4chenwasser effizient zu sammeln und abzuleiten.<\/p>\n<p>Quadratische Drainagerohre sind in Standard-Entw\u00e4sserungsanwendungen aus praktischen Gr\u00fcnden nicht \u00fcblich. Die quadratische Form kann zu Herausforderungen beim Wasserfluss und der strukturellen Festigkeit f\u00fchren und m\u00f6glicherweise anf\u00e4lliger f\u00fcr Verstopfungen sein. Quadratische oder rechteckige Profile k\u00f6nnen jedoch in einigen spezifischen Entw\u00e4sserungsanwendungen gefunden werden, wie z. B. bei Entw\u00e4sserungskan\u00e4len oder Rinnen.<\/p>\n<p>[\/vc_column_text][vc_empty_space][\/vc_column][\/vc_row][vc_row][vc_column][vc_column_text css=&#8220;.vc_custom_1738506643250{padding-top: 30px !important;padding-right: 30px !important;padding-bottom: 30px !important;padding-left: 30px !important;background-color: #efefef !important;border-radius: 15px !important;}&#8220;]In bestimmten Situationen, in denen eine Entw\u00e4sserung mit sehr flachen Neigungen oder in begrenzten Raumverh\u00e4ltnissen erforderlich ist, k\u00f6nnen sich Planer f\u00fcr alternative Formen von Entw\u00e4sserungssystemen entscheiden, die Elemente enthalten k\u00f6nnen, die normalerweise nicht rund sind. In solchen F\u00e4llen wird besonderes Augenmerk auf die Konstruktion gelegt, um die Entw\u00e4sserungseffizienz und die langfristige Funktionalit\u00e4t des Systems zu gew\u00e4hrleisten.[\/vc_column_text][vc_empty_space][\/vc_column][\/vc_row][vc_row full_width=&#8220;stretch_row_content_no_spaces&#8220;][vc_column][vc_column_text]<img loading=\"lazy\" decoding=\"async\" class=\"aligncenter wp-image-232 size-full\" src=\"https:\/\/cabarplast.com\/wp-content\/uploads\/2024\/03\/footer-4.png\" alt=\"\" width=\"1919\" height=\"50\" srcset=\"https:\/\/cabarplast.com\/wp-content\/uploads\/2024\/03\/footer-4.png 1919w, https:\/\/cabarplast.com\/wp-content\/uploads\/2024\/03\/footer-4-300x8.png 300w, https:\/\/cabarplast.com\/wp-content\/uploads\/2024\/03\/footer-4-1024x27.png 1024w, https:\/\/cabarplast.com\/wp-content\/uploads\/2024\/03\/footer-4-768x20.png 768w, https:\/\/cabarplast.com\/wp-content\/uploads\/2024\/03\/footer-4-1536x40.png 1536w\" sizes=\"auto, (max-width: 1919px) 100vw, 1919px\" \/>[\/vc_column_text][\/vc_column][\/vc_row]<\/p>\n<\/div>","protected":false},"excerpt":{"rendered":"<p>[vc_row][vc_column width=&#8220;1\/2&#8243;][\/vc_column][vc_column width=&#8220;1\/2&#8243; css=&#8220;.vc_custom_1709647368309{border-left-width: 1px !important;padding-right: 30px !important;padding-left: 30px !important;border-left-color: #0e415f !important;border-left-style: solid !important;}&#8220;][vc_column_text css=&#8220;&#8220;] Drainagerohre &#8211; Rohre f\u00fcr die Entw\u00e4sserung &nbsp; Drainagerohre sind spezielle Rohre, die f\u00fcr die Ableitung von \u00fcbersch\u00fcssigem Wasser aus dem Boden oder von Oberfl\u00e4chen konzipiert sind. Sie werden eingesetzt, um Wassereinlagerungen zu verhindern, die zu Bodenerosion, Erdrutschen, Sch\u00e4den an Fundamenten&hellip;<\/p>\n","protected":false},"author":1,"featured_media":0,"parent":0,"menu_order":0,"comment_status":"closed","ping_status":"closed","template":"","meta":{"footnotes":""},"class_list":["post-3127","page","type-page","status-publish","hentry","description-off"],"_links":{"self":[{"href":"https:\/\/cabarplast.com\/de\/wp-json\/wp\/v2\/pages\/3127","targetHints":{"allow":["GET"]}}],"collection":[{"href":"https:\/\/cabarplast.com\/de\/wp-json\/wp\/v2\/pages"}],"about":[{"href":"https:\/\/cabarplast.com\/de\/wp-json\/wp\/v2\/types\/page"}],"author":[{"embeddable":true,"href":"https:\/\/cabarplast.com\/de\/wp-json\/wp\/v2\/users\/1"}],"replies":[{"embeddable":true,"href":"https:\/\/cabarplast.com\/de\/wp-json\/wp\/v2\/comments?post=3127"}],"version-history":[{"count":2,"href":"https:\/\/cabarplast.com\/de\/wp-json\/wp\/v2\/pages\/3127\/revisions"}],"predecessor-version":[{"id":3130,"href":"https:\/\/cabarplast.com\/de\/wp-json\/wp\/v2\/pages\/3127\/revisions\/3130"}],"wp:attachment":[{"href":"https:\/\/cabarplast.com\/de\/wp-json\/wp\/v2\/media?parent=3127"}],"curies":[{"name":"wp","href":"https:\/\/api.w.org\/{rel}","templated":true}]}}