{"id":3121,"date":"2024-03-04T21:14:48","date_gmt":"2024-03-04T21:14:48","guid":{"rendered":"https:\/\/cabarplast.com\/plovna-oprema\/"},"modified":"2025-02-02T00:27:48","modified_gmt":"2025-02-02T00:27:48","slug":"marine-ausruestung","status":"publish","type":"page","link":"https:\/\/cabarplast.com\/de\/marine-ausruestung\/","title":{"rendered":"Marine Ausr\u00fcstung"},"content":{"rendered":"<div class=\"wpb-content-wrapper\"><p>[vc_row][vc_column css=&#8220;.vc_custom_1710099881337{padding-right: 30px !important;padding-left: 30px !important;}&#8220;][vc_column_text css=&#8220;&#8220;]<\/p>\n<h1><strong>Marine<\/strong> Ausr\u00fcstung<\/h1>\n<p>Das \u010cabar Plast Marine Ausr\u00fcstung umfasst ein breit Palette von Produkte konzipiert zu erh\u00f6hen Ihre Wasser Erfahrung, einschlie\u00dflich schwimmend Docks, Marinas, Andocken Piers, Kunststoff Boote, Ponton Fl\u00f6\u00dfe, Katamarane f\u00fcr Fl\u00f6\u00dfe, und F\u00e4sser f\u00fcr Fl\u00f6\u00dfe. Alle unsere Produkte sind gemacht von hoch-Qualit\u00e4t Materialien, bereitstellend Haltbarkeit, Sicherheit, und Widerstand zu verschieden Wetter Bedingungen.<\/p>\n<p>&nbsp;<\/p>\n<h3>Schwimmend Docks und Marinas &#8211; <strong>Andocken Piers<\/strong><\/h3>\n<p>Unsere schwimmend Docks und Marinas bestehen von Segmente das sind leicht verbunden in ein ganzes, verwendend Stahl oder galvanisiert Elemente. Dies modular Konstruktion erlaubt f\u00fcr leicht Anpassung von das Layout gem\u00e4\u00df zu Ihre Bed\u00fcrfnisse, ob es ist \u00fcber Erweiterung oder Rekonfiguration von Ihre Andocken Raum.[\/vc_column_text][vc_empty_space height=&#8220;50&#8243;][\/vc_column][\/vc_row][vc_row][vc_column][vc_row_inner][vc_column_inner width=&#8220;2\/3&#8243; css=&#8220;.vc_custom_1710101124194{border-left-width: 1px !important;padding-right: 30px !important;padding-left: 30px !important;border-left-color: #0e415f !important;border-left-style: solid !important;}&#8220;][vc_column_text css=&#8220;&#8220;]<\/p>\n<p style=\"font-size: 25px;\">Kunststoff <strong>Boote<\/strong><\/p>\n<p>&nbsp;<\/p>\n<p>Erkunden unsere Palette von Kunststoff Boote, konzipiert f\u00fcr verschieden Zwecke, von Angeln und Erholung zu kommerziell Nutzung. Unsere Boote sind gemacht von HDPE Material, sicherstellend Haltbarkeit, Stabilit\u00e4t, und leicht Wartung.<br \/>\n[\/vc_column_text][vc_empty_space height=&#8220;20&#8243;]<a href=\"https:\/\/cabarplast.com\/de\/kunststoffboote\/\" class=\"btn-shortcode dt-btn-m dt-btn default-btn-color default-btn-hover-color default-btn-bg-color default-btn-bg-hover-color\" id=\"dt-btn-1\"><span>Mehr sehen<\/span><\/a>[\/vc_column_inner][vc_column_inner width=&#8220;1\/3&#8243;][vc_column_text css=&#8220;&#8220;]<a href=\"https:\/\/cabarplast.com\/de\/kunststoffboote\/\"><img loading=\"lazy\" decoding=\"async\" class=\"wp-image-1002 size-medium\" src=\"https:\/\/cabarplast.com\/wp-content\/uploads\/2024\/04\/Plasticni-camci-1-300x300.jpg\" alt=\"\" width=\"300\" height=\"300\" srcset=\"https:\/\/cabarplast.com\/wp-content\/uploads\/2024\/04\/Plasticni-camci-1-300x300.jpg 300w, https:\/\/cabarplast.com\/wp-content\/uploads\/2024\/04\/Plasticni-camci-1-150x150.jpg 150w, https:\/\/cabarplast.com\/wp-content\/uploads\/2024\/04\/Plasticni-camci-1-768x768.jpg 768w, https:\/\/cabarplast.com\/wp-content\/uploads\/2024\/04\/Plasticni-camci-1.jpg 900w\" sizes=\"auto, (max-width: 300px) 100vw, 300px\" \/><\/a>[\/vc_column_text][\/vc_column_inner][\/vc_row_inner][vc_empty_space height=&#8220;30&#8243;][vc_row_inner][vc_column_inner width=&#8220;1\/3&#8243;][vc_column_text css=&#8220;&#8220;]<a href=\"https:\/\/cabarplast.com\/de\/kunststoff-pontons-fuer-marinas-und-floesse\/\"><img loading=\"lazy\" decoding=\"async\" class=\"wp-image-820 size-medium aligncenter\" src=\"https:\/\/cabarplast.com\/wp-content\/uploads\/2024\/03\/Pontoni-za-splavove-3-300x300.jpg\" alt=\"\" width=\"300\" height=\"300\" srcset=\"https:\/\/cabarplast.com\/wp-content\/uploads\/2024\/03\/Pontoni-za-splavove-3-300x300.jpg 300w, https:\/\/cabarplast.com\/wp-content\/uploads\/2024\/03\/Pontoni-za-splavove-3-1024x1024.jpg 1024w, https:\/\/cabarplast.com\/wp-content\/uploads\/2024\/03\/Pontoni-za-splavove-3-150x150.jpg 150w, https:\/\/cabarplast.com\/wp-content\/uploads\/2024\/03\/Pontoni-za-splavove-3-768x768.jpg 768w, https:\/\/cabarplast.com\/wp-content\/uploads\/2024\/03\/Pontoni-za-splavove-3.jpg 1080w\" sizes=\"auto, (max-width: 300px) 100vw, 300px\" \/><\/a>[\/vc_column_text][\/vc_column_inner][vc_column_inner width=&#8220;2\/3&#8243; css=&#8220;.vc_custom_1710101146731{border-left-width: 1px !important;padding-right: 30px !important;padding-left: 30px !important;border-left-color: #0e415f !important;border-left-style: solid !important;}&#8220;][vc_column_text css=&#8220;&#8220;]<\/p>\n<p style=\"font-size: 25px;\">Ponton <strong>Fl\u00f6\u00dfe<\/strong><\/p>\n<p>&nbsp;<\/p>\n<p>Unsere Pontons bilden das Basis f\u00fcr Bauen stabil und lang-dauernd Fl\u00f6\u00dfe. Verf\u00fcgbar in verschieden Abmessungen und Farben, sie bieten Flexibilit\u00e4t und Anpassungsf\u00e4higkeit f\u00fcr alle Ihre Wasser Projekte.[\/vc_column_text][vc_empty_space height=&#8220;20&#8243;]<a href=\"https:\/\/cabarplast.com\/de\/kunststoff-pontons-fuer-marinas-und-floesse\/\" class=\"btn-shortcode dt-btn-m dt-btn default-btn-color default-btn-hover-color default-btn-bg-color default-btn-bg-hover-color\" id=\"dt-btn-2\"><span>Mehr sehen<\/span><\/a>[\/vc_column_inner][\/vc_row_inner][vc_empty_space height=&#8220;30&#8243;][vc_row_inner][vc_column_inner width=&#8220;2\/3&#8243; css=&#8220;.vc_custom_1710101124194{border-left-width: 1px !important;padding-right: 30px !important;padding-left: 30px !important;border-left-color: #0e415f !important;border-left-style: solid !important;}&#8220;][vc_column_text css=&#8220;&#8220;]<\/p>\n<p style=\"font-size: 25px;\"><strong>Katamarane<\/strong> f\u00fcr Fl\u00f6\u00dfe<\/p>\n<p>&nbsp;<\/p>\n<p>Unsere Katamarane sind konzipiert zu bieten extra Stabilit\u00e4t und Raum f\u00fcr Ihre Fl\u00f6\u00dfe. Mit zwei parallel R\u00fcmpfe, sie gew\u00e4hrleisten sicher und bequem Navigation, machend sie ideal f\u00fcr Freizeit- und Tourist Aktivit\u00e4ten auf das Wasser.<br \/>\n[\/vc_column_text][vc_empty_space height=&#8220;20&#8243;]<a href=\"https:\/\/cabarplast.com\/de\/katamarane-fuer-floesse\/\" class=\"btn-shortcode dt-btn-m dt-btn default-btn-color default-btn-hover-color default-btn-bg-color default-btn-bg-hover-color\" id=\"dt-btn-3\"><span>Mehr sehen<\/span><\/a>[\/vc_column_inner][vc_column_inner width=&#8220;1\/3&#8243;][vc_column_text css=&#8220;&#8220;]<a href=\"https:\/\/cabarplast.com\/de\/katamarane-fuer-floesse\/\"><img loading=\"lazy\" decoding=\"async\" class=\"wp-image-833 size-medium aligncenter\" src=\"https:\/\/cabarplast.com\/wp-content\/uploads\/2024\/03\/Katamarani-za-splavove-10-300x300.jpg\" alt=\"\" width=\"300\" height=\"300\" srcset=\"https:\/\/cabarplast.com\/wp-content\/uploads\/2024\/03\/Katamarani-za-splavove-10-300x300.jpg 300w, https:\/\/cabarplast.com\/wp-content\/uploads\/2024\/03\/Katamarani-za-splavove-10-1024x1024.jpg 1024w, https:\/\/cabarplast.com\/wp-content\/uploads\/2024\/03\/Katamarani-za-splavove-10-150x150.jpg 150w, https:\/\/cabarplast.com\/wp-content\/uploads\/2024\/03\/Katamarani-za-splavove-10-768x768.jpg 768w, https:\/\/cabarplast.com\/wp-content\/uploads\/2024\/03\/Katamarani-za-splavove-10.jpg 1080w\" sizes=\"auto, (max-width: 300px) 100vw, 300px\" \/><\/a>[\/vc_column_text][\/vc_column_inner][\/vc_row_inner][vc_empty_space height=&#8220;30&#8243;][vc_row_inner][vc_column_inner width=&#8220;1\/3&#8243;][vc_column_text]<a href=\"https:\/\/cabarplast.com\/de\/kunststofffaesser-fuer-floesse\/\"><img loading=\"lazy\" decoding=\"async\" class=\"wp-image-950 size-medium aligncenter\" src=\"https:\/\/cabarplast.com\/wp-content\/uploads\/2024\/03\/Plasticna-Burad-za-splavove-1-300x300.jpg\" alt=\"\" width=\"300\" height=\"300\" srcset=\"https:\/\/cabarplast.com\/wp-content\/uploads\/2024\/03\/Plasticna-Burad-za-splavove-1-300x300.jpg 300w, https:\/\/cabarplast.com\/wp-content\/uploads\/2024\/03\/Plasticna-Burad-za-splavove-1-1024x1024.jpg 1024w, https:\/\/cabarplast.com\/wp-content\/uploads\/2024\/03\/Plasticna-Burad-za-splavove-1-150x150.jpg 150w, https:\/\/cabarplast.com\/wp-content\/uploads\/2024\/03\/Plasticna-Burad-za-splavove-1-768x768.jpg 768w, https:\/\/cabarplast.com\/wp-content\/uploads\/2024\/03\/Plasticna-Burad-za-splavove-1.jpg 1080w\" sizes=\"auto, (max-width: 300px) 100vw, 300px\" \/><\/a>[\/vc_column_text][\/vc_column_inner][vc_column_inner width=&#8220;2\/3&#8243; css=&#8220;.vc_custom_1710101146731{border-left-width: 1px !important;padding-right: 30px !important;padding-left: 30px !important;border-left-color: #0e415f !important;border-left-style: solid !important;}&#8220;][vc_column_text css=&#8220;&#8220;]<\/p>\n<p style=\"font-size: 25px;\"><strong>F\u00e4sser<\/strong> f\u00fcr Fl\u00f6\u00dfe<\/p>\n<p>&nbsp;<\/p>\n<p>Unsere Palette von F\u00e4sser f\u00fcr Fl\u00f6\u00dfe einschlie\u00dft Produkte gemacht von hoch-Dichte PEHD Material, welche sind best\u00e4ndig zu UV Strahlung, extrem Temperaturen, und mechanisch Schaden. Unsere F\u00e4sser sind leicht zu installieren und transportieren, machend sie das perfekt Wahl f\u00fcr Bauen umweltfreundlich und nachhaltig Fl\u00f6\u00dfe.<br \/>\n[\/vc_column_text][vc_empty_space height=&#8220;20&#8243;]<a href=\"https:\/\/cabarplast.com\/de\/kunststofffaesser-fuer-floesse\/\" class=\"btn-shortcode dt-btn-m dt-btn default-btn-color default-btn-hover-color default-btn-bg-color default-btn-bg-hover-color\" id=\"dt-btn-4\"><span>Mehr sehen<\/span><\/a>[\/vc_column_inner][\/vc_row_inner][vc_empty_space height=&#8220;30&#8243;][\/vc_column][\/vc_row][vc_row][vc_column][vc_column_text css=&#8220;.vc_custom_1738455879653{padding-top: 30px !important;padding-right: 30px !important;padding-bottom: 30px !important;padding-left: 30px !important;background-color: #0e415f !important;border-radius: 15px !important;}&#8220;]<span style=\"color: #ffffff;\">Entdecken \u010cabar Plast Marine Ausr\u00fcstung und erh\u00f6hen Ihre Wasser Erfahrung mit Produkte das treffen zeitgen\u00f6ssisch Standards von Qualit\u00e4t, Sicherheit, und Umwelt Nachhaltigkeit. Besuchen unsere Seiten f\u00fcr mehr detailliert Informationen auf jeder Produkt und finden das ideal L\u00f6sung f\u00fcr Ihre Wasser Bed\u00fcrfnisse.<br \/>\n<\/span>[\/vc_column_text][vc_empty_space][\/vc_column][\/vc_row][vc_row full_width=&#8220;stretch_row_content_no_spaces&#8220;][vc_column][vc_column_text]<img loading=\"lazy\" decoding=\"async\" class=\"aligncenter wp-image-232 size-full\" src=\"https:\/\/cabarplast.com\/wp-content\/uploads\/2024\/03\/footer-4.png\" alt=\"\" width=\"1919\" height=\"50\" srcset=\"https:\/\/cabarplast.com\/wp-content\/uploads\/2024\/03\/footer-4.png 1919w, https:\/\/cabarplast.com\/wp-content\/uploads\/2024\/03\/footer-4-300x8.png 300w, https:\/\/cabarplast.com\/wp-content\/uploads\/2024\/03\/footer-4-1024x27.png 1024w, https:\/\/cabarplast.com\/wp-content\/uploads\/2024\/03\/footer-4-768x20.png 768w, https:\/\/cabarplast.com\/wp-content\/uploads\/2024\/03\/footer-4-1536x40.png 1536w\" sizes=\"auto, (max-width: 1919px) 100vw, 1919px\" \/>[\/vc_column_text][\/vc_column][\/vc_row]<\/p>\n<\/div>","protected":false},"excerpt":{"rendered":"<p>[vc_row][vc_column css=&#8220;.vc_custom_1710099881337{padding-right: 30px !important;padding-left: 30px !important;}&#8220;][vc_column_text css=&#8220;&#8220;] Marine Ausr\u00fcstung Das \u010cabar Plast Marine Ausr\u00fcstung umfasst ein breit Palette von Produkte konzipiert zu erh\u00f6hen Ihre Wasser Erfahrung, einschlie\u00dflich schwimmend Docks, Marinas, Andocken Piers, Kunststoff Boote, Ponton Fl\u00f6\u00dfe, Katamarane f\u00fcr Fl\u00f6\u00dfe, und F\u00e4sser f\u00fcr Fl\u00f6\u00dfe. Alle unsere Produkte sind gemacht von hoch-Qualit\u00e4t Materialien, bereitstellend Haltbarkeit, Sicherheit, und&hellip;<\/p>\n","protected":false},"author":1,"featured_media":0,"parent":0,"menu_order":0,"comment_status":"closed","ping_status":"closed","template":"","meta":{"footnotes":""},"class_list":["post-3121","page","type-page","status-publish","hentry","description-off"],"_links":{"self":[{"href":"https:\/\/cabarplast.com\/de\/wp-json\/wp\/v2\/pages\/3121","targetHints":{"allow":["GET"]}}],"collection":[{"href":"https:\/\/cabarplast.com\/de\/wp-json\/wp\/v2\/pages"}],"about":[{"href":"https:\/\/cabarplast.com\/de\/wp-json\/wp\/v2\/types\/page"}],"author":[{"embeddable":true,"href":"https:\/\/cabarplast.com\/de\/wp-json\/wp\/v2\/users\/1"}],"replies":[{"embeddable":true,"href":"https:\/\/cabarplast.com\/de\/wp-json\/wp\/v2\/comments?post=3121"}],"version-history":[{"count":4,"href":"https:\/\/cabarplast.com\/de\/wp-json\/wp\/v2\/pages\/3121\/revisions"}],"predecessor-version":[{"id":3125,"href":"https:\/\/cabarplast.com\/de\/wp-json\/wp\/v2\/pages\/3121\/revisions\/3125"}],"wp:attachment":[{"href":"https:\/\/cabarplast.com\/de\/wp-json\/wp\/v2\/media?parent=3121"}],"curies":[{"name":"wp","href":"https:\/\/api.w.org\/{rel}","templated":true}]}}