{"id":3114,"date":"2024-03-04T21:14:56","date_gmt":"2024-03-04T21:14:56","guid":{"rendered":"https:\/\/cabarplast.com\/plasticni-camci\/"},"modified":"2025-02-02T00:17:11","modified_gmt":"2025-02-02T00:17:11","slug":"kunststoffboote","status":"publish","type":"page","link":"https:\/\/cabarplast.com\/de\/kunststoffboote\/","title":{"rendered":"Kunststoffboote"},"content":{"rendered":"<div class=\"wpb-content-wrapper\"><p>[vc_row][vc_column width=&#8220;1\/2&#8243;]<style type=\"text\/css\" data-type=\"the7_shortcodes-inline-css\">.gallery-carousel-shortcode.gallery-carousel-shortcode-id-27c3b50ecff78c9cb6c7eb7efba8bbbe .owl-nav a {\n  width: 30px;\n  height: 30px;\n  border-radius: 500px;\n}\n.dt-arrow-border-on.gallery-carousel-shortcode.gallery-carousel-shortcode-id-27c3b50ecff78c9cb6c7eb7efba8bbbe .owl-nav a:not(:hover):before {\n  border-width: 0px;\n}\n.dt-arrow-hover-border-on.gallery-carousel-shortcode.gallery-carousel-shortcode-id-27c3b50ecff78c9cb6c7eb7efba8bbbe .owl-nav a:hover:after {\n  border-width: 0px;\n}\n.gallery-carousel-shortcode.gallery-carousel-shortcode-id-27c3b50ecff78c9cb6c7eb7efba8bbbe .owl-nav a.owl-prev {\n  top: calc(100% + 0px);\n  left: -43px;\n}\n.gallery-carousel-shortcode.gallery-carousel-shortcode-id-27c3b50ecff78c9cb6c7eb7efba8bbbe .owl-nav a.owl-prev i {\n  padding: 0px 5px 0px 5px;\n}\n.gallery-carousel-shortcode.gallery-carousel-shortcode-id-27c3b50ecff78c9cb6c7eb7efba8bbbe .owl-nav a.owl-next {\n  top: calc(100% + 0px);\n  right: -43px;\n}\n.gallery-carousel-shortcode.gallery-carousel-shortcode-id-27c3b50ecff78c9cb6c7eb7efba8bbbe .owl-nav a.owl-next i {\n  padding: 0px 5px 0px 5px;\n}\n.gallery-carousel-shortcode.gallery-carousel-shortcode-id-27c3b50ecff78c9cb6c7eb7efba8bbbe .owl-nav i {\n  font-size: 15px;\n}\n.gallery-carousel-shortcode.gallery-carousel-shortcode-id-27c3b50ecff78c9cb6c7eb7efba8bbbe .owl-nav a:not(:hover) i,\n.gallery-carousel-shortcode.gallery-carousel-shortcode-id-27c3b50ecff78c9cb6c7eb7efba8bbbe .owl-nav a:not(:hover) i:before {\n  color: #ffffff;\n  background: none;\n}\n.gallery-carousel-shortcode.gallery-carousel-shortcode-id-27c3b50ecff78c9cb6c7eb7efba8bbbe .owl-nav a:hover i,\n.gallery-carousel-shortcode.gallery-carousel-shortcode-id-27c3b50ecff78c9cb6c7eb7efba8bbbe .owl-nav a:hover i:before {\n  color: rgba(255,255,255,0.75);\n  background: none;\n}\n.gallery-carousel-shortcode.gallery-carousel-shortcode-id-27c3b50ecff78c9cb6c7eb7efba8bbbe .owl-dots {\n  top: calc(100% + 20px);\n  left: 50%;\n  transform: translateX(calc(-50% + 0px));\n}\n@media all and (-ms-high-contrast: none) {\n  .gallery-carousel-shortcode.gallery-carousel-shortcode-id-27c3b50ecff78c9cb6c7eb7efba8bbbe .owl-dots {\n    transform: translateX(-50%);\n    margin-left: 0px;\n  }\n}\n.gallery-carousel-shortcode.gallery-carousel-shortcode-id-27c3b50ecff78c9cb6c7eb7efba8bbbe .owl-dot {\n  width: 10px;\n  height: 10px;\n  margin: 0 8px;\n}\n@media screen and (max-width: 778px) {\n  .gallery-carousel-shortcode.gallery-carousel-shortcode-id-27c3b50ecff78c9cb6c7eb7efba8bbbe.hide-arrows .owl-nav a {\n    display: none;\n  }\n}\n@media screen and (max-width: 778px) {\n  .gallery-carousel-shortcode.gallery-carousel-shortcode-id-27c3b50ecff78c9cb6c7eb7efba8bbbe.reposition-arrows .owl-nav .owl-prev {\n    top: calc(100% + 0px);\n    left: 10px;\n  }\n  .gallery-carousel-shortcode.gallery-carousel-shortcode-id-27c3b50ecff78c9cb6c7eb7efba8bbbe.reposition-arrows .owl-nav .owl-next {\n    top: calc(100% + 0px);\n    right: 10px;\n  }\n}\n.gallery-carousel-shortcode.gallery-carousel-shortcode-id-27c3b50ecff78c9cb6c7eb7efba8bbbe figure,\n.gallery-carousel-shortcode.gallery-carousel-shortcode-id-27c3b50ecff78c9cb6c7eb7efba8bbbe .rollover,\n.gallery-carousel-shortcode.gallery-carousel-shortcode-id-27c3b50ecff78c9cb6c7eb7efba8bbbe img,\n.gallery-carousel-shortcode.gallery-carousel-shortcode-id-27c3b50ecff78c9cb6c7eb7efba8bbbe .gallery-rollover {\n  border-radius: 0px;\n}\n.gallery-carousel-shortcode.gallery-carousel-shortcode-id-27c3b50ecff78c9cb6c7eb7efba8bbbe.enable-bg-rollover .gallery-rollover {\n  background: -webkit-linear-gradient();\n  background: linear-gradient();\n}\n.gallery-carousel-shortcode.gallery-carousel-shortcode-id-27c3b50ecff78c9cb6c7eb7efba8bbbe.enable-img-shadow .owl-stage-outer {\n  padding: 14px 0;\n}\n.gallery-carousel-shortcode.gallery-carousel-shortcode-id-27c3b50ecff78c9cb6c7eb7efba8bbbe.enable-bg-rollover.hover-scale figure .rollover:after {\n  background: -webkit-linear-gradient();\n  background: linear-gradient();\n}\n.gallery-carousel-shortcode.gallery-carousel-shortcode-id-27c3b50ecff78c9cb6c7eb7efba8bbbe.gallery-shortcode .gallery-zoom-ico {\n  width: 44px;\n  height: 44px;\n  line-height: 44px;\n  border-radius: 100px;\n  margin: -22px 0 0 -22px;\n  border-width: 0px;\n}\n.dt-icon-bg-on.gallery-carousel-shortcode.gallery-carousel-shortcode-id-27c3b50ecff78c9cb6c7eb7efba8bbbe.gallery-shortcode .gallery-zoom-ico {\n  background: rgba(255,255,255,0.3);\n  box-shadow: none;\n}\n.gallery-carousel-shortcode.gallery-carousel-shortcode-id-27c3b50ecff78c9cb6c7eb7efba8bbbe.gallery-shortcode .gallery-zoom-ico:before,\n.gallery-carousel-shortcode.gallery-carousel-shortcode-id-27c3b50ecff78c9cb6c7eb7efba8bbbe.gallery-shortcode .gallery-zoom-ico span {\n  font-size: 32px;\n  line-height: 44px;\n  color: #ffffff;\n  background: none;\n}\n<\/style><div class=\"owl-carousel gallery-carousel-shortcode gallery-shortcode  dt-gallery-container dt-owl-carousel-call gallery-carousel-shortcode-id-27c3b50ecff78c9cb6c7eb7efba8bbbe quick-scale-img enable-bg-rollover meta-info-off dt-arrow-border-on dt-arrow-hover-border-on bullets-small-dot-stroke reposition-arrows dt-icon-bg-off arrows-bg-on disable-arrows-hover-bg arrows-hover-bg-on  vc_custom_1713170607350 hover-fade \" data-scroll-mode=\"1\" data-col-num=\"1\" data-wide-col-num=\"1\" data-laptop-col=\"1\" data-h-tablet-columns-num=\"1\" data-v-tablet-columns-num=\"1\" data-phone-columns-num=\"1\" data-col-gap=\"10\" data-stage-padding=\"0\" data-speed=\"600\" data-autoplay=\"false\" data-autoplay_speed=\"6000\" data-arrows=\"true\" data-bullet=\"false\" data-next-icon=\"icon-ar-017-r\" data-prev-icon=\"icon-ar-017-l\" data-img-shadow-size=\"12px\" data-img-shadow-spread=\"3px\"><div data-post-id=\"3118\" data-date=\"2024-04-15T08:42:47+00:00\" data-name=\"Plasti\u010dni \u010damci\"><figure class=\"post\"><a href=\"https:\/\/cabarplast.com\/wp-content\/uploads\/2024\/04\/Plasticni-camci-1.jpg\" class=\"rollover dt-pswp-item layzr-bg\" data-large_image_width=\"900\" data-large_image_height=\"900\" data-dt-img-description=\"\" title=\"Plasti\u010dni \u010damci\"><img fetchpriority=\"high\" decoding=\"async\" class=\"preload-me owl-lazy-load aspect\" src=\"data:image\/svg+xml,%3Csvg%20xmlns%3D&#39;http%3A%2F%2Fwww.w3.org%2F2000%2Fsvg&#39;%20viewBox%3D&#39;0%200%20900%20900&#39;%2F%3E\" data-src=\"https:\/\/cabarplast.com\/wp-content\/uploads\/2024\/04\/Plasticni-camci-1.jpg\" data-srcset=\"https:\/\/cabarplast.com\/wp-content\/uploads\/2024\/04\/Plasticni-camci-1.jpg 900w\" loading=\"eager\" style=\"--ratio: 900 \/ 900\" sizes=\"(max-width: 900px) 100vw, 900px\" alt=\"\" width=\"900\" height=\"900\"  \/><span class=\"gallery-rollover\"><span class=\"gallery-zoom-ico icomoon-the7-font-the7-zoom-06\"><span><\/span><\/span><\/span><\/a><\/figure><\/div><div data-post-id=\"3119\" data-date=\"2024-04-15T08:42:47+00:00\" data-name=\"Plasti\u010dni \u010damci\"><figure class=\"post\"><a href=\"https:\/\/cabarplast.com\/wp-content\/uploads\/2024\/04\/Plasticni-camci-2.jpg\" class=\"rollover dt-pswp-item layzr-bg\" data-large_image_width=\"900\" data-large_image_height=\"900\" data-dt-img-description=\"\" title=\"Plasti\u010dni \u010damci\"><img decoding=\"async\" class=\"preload-me owl-lazy-load aspect\" src=\"data:image\/svg+xml,%3Csvg%20xmlns%3D&#39;http%3A%2F%2Fwww.w3.org%2F2000%2Fsvg&#39;%20viewBox%3D&#39;0%200%20900%20900&#39;%2F%3E\" data-src=\"https:\/\/cabarplast.com\/wp-content\/uploads\/2024\/04\/Plasticni-camci-2.jpg\" data-srcset=\"https:\/\/cabarplast.com\/wp-content\/uploads\/2024\/04\/Plasticni-camci-2.jpg 900w\" loading=\"eager\" style=\"--ratio: 900 \/ 900\" sizes=\"(max-width: 900px) 100vw, 900px\" alt=\"\" width=\"900\" height=\"900\"  \/><span class=\"gallery-rollover\"><span class=\"gallery-zoom-ico icomoon-the7-font-the7-zoom-06\"><span><\/span><\/span><\/span><\/a><\/figure><\/div><div data-post-id=\"3115\" data-date=\"2024-03-12T12:32:05+00:00\" data-name=\"Plasti\u010dni \u010damci\"><figure class=\"post\"><a href=\"https:\/\/cabarplast.com\/wp-content\/uploads\/2024\/03\/Plasticni-camci.jpg\" class=\"rollover dt-pswp-item layzr-bg\" data-large_image_width=\"1080\" data-large_image_height=\"1080\" data-dt-img-description=\"\" title=\"Plasti\u010dni \u010damci\"><img decoding=\"async\" class=\"preload-me owl-lazy-load aspect\" src=\"data:image\/svg+xml,%3Csvg%20xmlns%3D&#39;http%3A%2F%2Fwww.w3.org%2F2000%2Fsvg&#39;%20viewBox%3D&#39;0%200%201080%201080&#39;%2F%3E\" data-src=\"https:\/\/cabarplast.com\/wp-content\/uploads\/2024\/03\/Plasticni-camci.jpg\" data-srcset=\"https:\/\/cabarplast.com\/wp-content\/uploads\/2024\/03\/Plasticni-camci.jpg 1080w\" loading=\"eager\" style=\"--ratio: 1080 \/ 1080\" sizes=\"(max-width: 1080px) 100vw, 1080px\" alt=\"\" width=\"1080\" height=\"1080\"  \/><span class=\"gallery-rollover\"><span class=\"gallery-zoom-ico icomoon-the7-font-the7-zoom-06\"><span><\/span><\/span><\/span><\/a><\/figure><\/div><\/div>[\/vc_column][vc_column width=&#8220;1\/2&#8243; css=&#8220;.vc_custom_1709647368309{border-left-width: 1px !important;padding-right: 30px !important;padding-left: 30px !important;border-left-color: #0e415f !important;border-left-style: solid !important;}&#8220;][vc_column_text css=&#8220;&#8220;]<\/p>\n<h1>Kunststoffboote<\/h1>\n<p>&nbsp;<\/p>\n<p>Kunststoffboote aus HDPE (Polyethylen hoher Dichte) haben sich bei der Herstellung von Plastikbooten hervorragend bew\u00e4hrt.<\/p>\n<p>Das Material l\u00e4sst sich leicht formen, so dass Kunststoffboote in verschiedenen Formen hergestellt werden k\u00f6nnen, was sie f\u00fcr Regatten geeignet macht, wenn Sie Ihrem Schiff ein attraktives Aussehen verleihen m\u00f6chten.<\/p>\n<p>Guter Auftrieb und Stabilit\u00e4t auf dem Wasser sind nur einige der Vorteile dieser Boote im Vergleich zu Schlauchbooten oder Fiberglasbooten.[\/vc_column_text][vc_empty_space height=&#8220;20&#8243;]<a href=\"https:\/\/cabarplast.com\/de\/kontaktinformationen-cabar-plast\/\" class=\"btn-shortcode dt-btn-m dt-btn default-btn-color default-btn-hover-color default-btn-bg-color default-btn-bg-hover-color\" id=\"dt-btn-1\"><span>Kontaktieren Sie uns<\/span><\/a>[\/vc_column][\/vc_row][vc_row][vc_column][vc_empty_space height=&#8220;50&#8243;][vc_column_text css=&#8220;.vc_custom_1738454514354{padding-right: 30px !important;padding-left: 30px !important;}&#8220;]Unsere Kunststoffboote eignen sich f\u00fcr alle Umgebungen, egal ob im S\u00fc\u00df- oder Salzwasser. Wir bieten eine Reihe von Kunststoffbooten in verschiedenen Abmessungen und Kapazit\u00e4ten an, die sowohl f\u00fcr individuelle als auch f\u00fcr gewerbliche Bed\u00fcrfnisse ausgelegt sind. Unsere Boote sind in den Standardfarben Wei\u00df, Grau oder Schwarz oder Blau erh\u00e4ltlich, k\u00f6nnen aber auch in anderen Farben nach Kundenwunsch gestaltet werden.<\/p>\n<p>Sie eignen sich auch f\u00fcr verschiedene Zwecke &#8211; sie k\u00f6nnen als Kreuzfahrtboote, Angel- oder Sportfischerboote, f\u00fcr den Personentransport, f\u00fcr Familienurlaube und f\u00fcr Freizeitaktivit\u00e4ten eingesetzt werden. Sie werden nicht besch\u00e4digt und ben\u00f6tigen keine Wartung, Beschichtung oder Schutz, im Gegensatz zu Booten aus anderen Materialien. Kunststoffboote sind unsinkbar, k\u00f6nnen nicht durchstochen werden und k\u00f6nnen auch nicht auf andere Weise dauerhaft besch\u00e4digt werden.<\/p>\n<p>Warum sind sie unsinkbar? Ihr Inneres ist in Abteile unterteilt, so dass, wenn ein Teil besch\u00e4digt wird, die anderen das Boot \u00fcber Wasser halten. Sie k\u00f6nnen immer wieder verwendet werden, und die Anzahl der Nutzungen hat keinen Einfluss auf die Qualit\u00e4t und Langlebigkeit dieser Boote.<br \/>\n[\/vc_column_text][vc_empty_space height=&#8220;50&#8243;][\/vc_column][\/vc_row][vc_row full_width=&#8220;stretch_row_content_no_spaces&#8220;][vc_column][vc_column_text]<img loading=\"lazy\" decoding=\"async\" class=\"aligncenter wp-image-232 size-full\" src=\"https:\/\/cabarplast.com\/wp-content\/uploads\/2024\/03\/footer-4.png\" alt=\"\" width=\"1919\" height=\"50\" srcset=\"https:\/\/cabarplast.com\/wp-content\/uploads\/2024\/03\/footer-4.png 1919w, https:\/\/cabarplast.com\/wp-content\/uploads\/2024\/03\/footer-4-300x8.png 300w, https:\/\/cabarplast.com\/wp-content\/uploads\/2024\/03\/footer-4-1024x27.png 1024w, https:\/\/cabarplast.com\/wp-content\/uploads\/2024\/03\/footer-4-768x20.png 768w, https:\/\/cabarplast.com\/wp-content\/uploads\/2024\/03\/footer-4-1536x40.png 1536w\" sizes=\"auto, (max-width: 1919px) 100vw, 1919px\" \/>[\/vc_column_text][\/vc_column][\/vc_row][vc_row full_width=&#8220;stretch_row&#8220; css=&#8220;.vc_custom_1709643894007{background-color: #0e415f !important;}&#8220;][vc_column][vc_column_text css=&#8220;.vc_custom_1738454650372{padding-right: 30px !important;padding-left: 30px !important;}&#8220;]<\/p>\n<h2><span style=\"color: #fcb426;\">KUNSTSTOFFBOOTE IN VERSCHIEDENEN GR\u00d6SSEN\u00a0<\/span><\/h2>\n<p><span style=\"color: #ffffff;\">Kunststoffboote werden in verschiedenen Gr\u00f6\u00dfen und Kapazit\u00e4ten hergestellt, ganz nach den Bed\u00fcrfnissen des Kunden. Der Boden oder die Unterseite des Bootes ist flach und stabil. Ein Motor kann problemlos angebracht werden. Wenn Sie ein leidenschaftlicher Angler sind, der ein Fischerboot braucht, ein Liebhaber von Fl\u00fcssen und Gew\u00e4ssern oder einfach nur eine Pause vom Alltag brauchen, ein Schiff f\u00fcr Regatten wollen, sind unsere Kunststoffboote die beste und g\u00fcnstigste L\u00f6sung f\u00fcr Sie.<\/span><\/p>\n<p><span style=\"color: #ffffff;\">Unsere Boote sind nicht nur wartungsfrei, sondern auch leicht zu transportieren und zu tragen. Und denken Sie daran: Sie sind unzerst\u00f6rbar. Je nach Ihren Bed\u00fcrfnissen produziert \u010cabar Plast aus Ose\u010dina bei Valjevo kleine oder gro\u00dfe Kunststoffboote, abh\u00e4ngig von den gew\u00fcnschten Abmessungen. Das endg\u00fcltige Aussehen und der Preis h\u00e4ngen von der Gesamtbreite und -l\u00e4nge des Bootes, dem Durchmesser und der Kapazit\u00e4t sowie der zus\u00e4tzlichen Ausstattung ab. Au\u00dferdem k\u00f6nnen sie eine Kabine haben oder ohne sein und die gesamte zus\u00e4tzliche Ausr\u00fcstung enthalten, die Sie ben\u00f6tigen.<\/span><\/p>\n<p><span style=\"color: #fcb426;\">Das endg\u00fcltige Aussehen des Kunststoffbootes sowie die gew\u00fcnschte Ausstattung sind wichtig, wenn Sie Ihr Schiff in Serbien registrieren m\u00f6chten.<\/span>[\/vc_column_text][vc_empty_space height=&#8220;30&#8243;][\/vc_column][\/vc_row][vc_row][vc_column][vc_column_text css=&#8220;.vc_custom_1738454681902{padding-top: 30px !important;padding-right: 30px !important;padding-bottom: 30px !important;padding-left: 30px !important;background-color: #efefef !important;border-radius: 15px !important;}&#8220;]<\/p>\n<h2>WARUM WIRD KUNSTSTOFF IM BOOTBAU IMMER H\u00c4UFIGER GEW\u00c4HLT?<\/h2>\n<p>Im Vergleich zu traditionellen Materialien im Bootsbau &#8211; Fiberglas, Aluminium, Gummi und Holz &#8211; hat Kunststoff eine Reihe von Vorteilen, sowohl im Herstellungsprozess der Boote als auch bei der Nutzung und im t\u00e4glichen Betrieb von Kunststoffbooten.<\/p>\n<p>Die Dichte von Polyethylen ist geringer als die Dichte traditioneller Bootsbaumaterialien und geringer als die von Wasser, was es zu einem au\u00dfergew\u00f6hnlich guten Material f\u00fcr die Herstellung verschiedener Arten von schwimmenden Objekten macht (Boote, Pontons, Bojen f\u00fcr Fl\u00f6\u00dfe, station\u00e4re Plattformen usw.). Polyethylen, das Material, aus dem die Boote hergestellt werden, ist eine Kunststoffart mit au\u00dfergew\u00f6hnlicher Dichte. Im Vergleich zu klassischen PET-Verpackungen hat Polyethylen eine st\u00e4rkere Struktur und dichter verflochtene Fasern, wodurch es extrem widerstandsf\u00e4hig und stark ist.<\/p>\n<p>Es verleiht Kunststoffbooten eine hohe Widerstandsf\u00e4higkeit gegen mechanische Besch\u00e4digungen &#8211; Verschlei\u00df, Kratzer und Bruch. In der Praxis bedeutet dies, dass ein Kunststoffboot aus Polyethylen, wenn es auf einen Felsen prallt oder auf Sand auf Grund l\u00e4uft, nicht besch\u00e4digt wird, wie dies bei Schlauchbooten der Fall ist. Sollte es doch einmal zu einem Schaden kommen, ist der Reparaturprozess schnell und einfach.<br \/>\nDa es sich um ein leichtes Material handelt, erleichtert es den Transport und die Handhabung des Bootes.<br \/>\n[\/vc_column_text][vc_empty_space][\/vc_column][\/vc_row][vc_row][vc_column][vc_column_text css=&#8220;.vc_custom_1738455348512{padding-top: 30px !important;padding-right: 30px !important;padding-bottom: 30px !important;padding-left: 30px !important;background-color: #0e415f !important;border-radius: 15px !important;}&#8220;]<\/p>\n<h2><span style=\"color: #fcb426;\">WARTUNG VON \u010cABAR PLAST KUNSTSTOFFBOOTEN<br \/>\n<\/span><\/h2>\n<p><span style=\"color: #ffffff;\">Der Herstellungsprozess von Kunststoffbooten und die Eigenschaften des HDPE-Materials gew\u00e4hrleisten die Langlebigkeit und Best\u00e4ndigkeit von Kunststoffbooten gegen\u00fcber verschiedenen Wetterbedingungen. \u010cabarPlast Kunststoffboote ben\u00f6tigen keinen Korrosionsschutz, kein Antifouling und keine Gelcoats, die f\u00fcr den Schutz von Booten und Schiffen aus traditionellen Materialien obligatorisch sind.<\/span><\/p>\n<p><span style=\"color: #ffffff;\">\u010cabar Plast Kunststoffboote ben\u00f6tigen keinerlei Lackierung, Abdeckung oder Folierung.<\/span><\/p>\n<ul>\n<li><span style=\"color: #ffffff;\">Sie sind best\u00e4ndig gegen hohe Temperaturen.<\/span><\/li>\n<li><span style=\"color: #ffffff;\">Sie sind wasserdicht und ben\u00f6tigen keine Fixiermittel oder Klebstoffe.<\/span><\/li>\n<li><span style=\"color: #ffffff;\">Sie sind best\u00e4ndig gegen Verschlei\u00df und mechanische Besch\u00e4digungen. Zum Beispiel werden diese Boote f\u00fcr Raftingtouren empfohlen, weil sie langlebig sind.<\/span><\/li>\n<li><span style=\"color: #ffffff;\">Sie haben einen guten Auftrieb &#8211; sind stabil auf dem Wasser und leicht zu handhaben (mit Rudern oder einer Steuerkonsole).<\/span><\/li>\n<li><span style=\"color: #ffffff;\">Sie sind leicht zum und vom Wasser zu transportieren.<\/span><\/li>\n<li><span style=\"color: #ffffff;\">Sie sind leicht zu tragen.<\/span><\/li>\n<li><span style=\"color: #ffffff;\">Sie sind praktisch, zuverl\u00e4ssig und kosteng\u00fcnstig, was sie zu einer der besten Entscheidungen f\u00fcr den Bootssport macht.<\/span><\/li>\n<\/ul>\n<p>[\/vc_column_text][vc_empty_space][\/vc_column][\/vc_row][vc_row][vc_column][vc_column_text css=&#8220;.vc_custom_1738455385562{padding-right: 30px !important;padding-left: 30px !important;}&#8220;]<\/p>\n<h2>VORBEREITUNG ZUM SEGELN MIT EINEM KUNSTSTOFFBOOT<\/h2>\n<p>Kunststoffboote sind eine ausgezeichnete Wahl zum Segeln, da sie einfach zu bedienen sind und alle Annehmlichkeiten gro\u00dfer Schiffe, Schnellboote, Lastk\u00e4hne oder Segelboote bieten. Aufgrund der Eigenschaften der Materialien, aus denen sie hergestellt sind, die eine geringere Dichte als Aluminium und sogar Wasser haben, bieten sie eine Reihe von Vorteilen, insbesondere in Bezug auf Haltbarkeit und hohe Tragf\u00e4higkeit. Die Flexibilit\u00e4t der Boote absorbiert Ger\u00e4usche und Wellen, was die Fahrt angenehmer macht. Aufgrund ihrer hohen Widerstandsf\u00e4higkeit gegen Besch\u00e4digungen und Temperaturschwankungen k\u00f6nnen sie zu jeder Jahreszeit (Sommer oder Winter) zum Segeln genutzt werden und werden zur Wahl einer wachsenden Zahl von Seglern und Bootsliebhabern.<\/p>\n<p>\u010cabar Plast Boote werden aus hochdichtem Polyethylen hergestellt, ebenso wie unsere Pontons, Katamarane, Wassertanks, vertikalen Wasserbeh\u00e4lter, \u00d6ltanks, Tresterbeh\u00e4lter, Fischerboote, Bew\u00e4sserungstanks, Kl\u00e4rgruben, Fett- und \u00d6labscheider sowie Kunststofff\u00e4sser f\u00fcr Wein.<br \/>\n[\/vc_column_text][vc_empty_space][\/vc_column][\/vc_row][vc_row full_width=&#8220;stretch_row_content_no_spaces&#8220;][vc_column][vc_column_text]<img loading=\"lazy\" decoding=\"async\" class=\"aligncenter wp-image-232 size-full\" src=\"https:\/\/cabarplast.com\/wp-content\/uploads\/2024\/03\/footer-4.png\" alt=\"\" width=\"1919\" height=\"50\" srcset=\"https:\/\/cabarplast.com\/wp-content\/uploads\/2024\/03\/footer-4.png 1919w, https:\/\/cabarplast.com\/wp-content\/uploads\/2024\/03\/footer-4-300x8.png 300w, https:\/\/cabarplast.com\/wp-content\/uploads\/2024\/03\/footer-4-1024x27.png 1024w, https:\/\/cabarplast.com\/wp-content\/uploads\/2024\/03\/footer-4-768x20.png 768w, https:\/\/cabarplast.com\/wp-content\/uploads\/2024\/03\/footer-4-1536x40.png 1536w\" sizes=\"auto, (max-width: 1919px) 100vw, 1919px\" \/>[\/vc_column_text][\/vc_column][\/vc_row]<\/p>\n<\/div>","protected":false},"excerpt":{"rendered":"<p>[vc_row][vc_column width=&#8220;1\/2&#8243;][\/vc_column][vc_column width=&#8220;1\/2&#8243; css=&#8220;.vc_custom_1709647368309{border-left-width: 1px !important;padding-right: 30px !important;padding-left: 30px !important;border-left-color: #0e415f !important;border-left-style: solid !important;}&#8220;][vc_column_text css=&#8220;&#8220;] Kunststoffboote &nbsp; Kunststoffboote aus HDPE (Polyethylen hoher Dichte) haben sich bei der Herstellung von Plastikbooten hervorragend bew\u00e4hrt. Das Material l\u00e4sst sich leicht formen, so dass Kunststoffboote in verschiedenen Formen hergestellt werden k\u00f6nnen, was sie f\u00fcr Regatten geeignet macht, wenn Sie&hellip;<\/p>\n","protected":false},"author":1,"featured_media":0,"parent":0,"menu_order":0,"comment_status":"closed","ping_status":"closed","template":"","meta":{"footnotes":""},"class_list":["post-3114","page","type-page","status-publish","hentry","description-off"],"_links":{"self":[{"href":"https:\/\/cabarplast.com\/de\/wp-json\/wp\/v2\/pages\/3114","targetHints":{"allow":["GET"]}}],"collection":[{"href":"https:\/\/cabarplast.com\/de\/wp-json\/wp\/v2\/pages"}],"about":[{"href":"https:\/\/cabarplast.com\/de\/wp-json\/wp\/v2\/types\/page"}],"author":[{"embeddable":true,"href":"https:\/\/cabarplast.com\/de\/wp-json\/wp\/v2\/users\/1"}],"replies":[{"embeddable":true,"href":"https:\/\/cabarplast.com\/de\/wp-json\/wp\/v2\/comments?post=3114"}],"version-history":[{"count":2,"href":"https:\/\/cabarplast.com\/de\/wp-json\/wp\/v2\/pages\/3114\/revisions"}],"predecessor-version":[{"id":3117,"href":"https:\/\/cabarplast.com\/de\/wp-json\/wp\/v2\/pages\/3114\/revisions\/3117"}],"wp:attachment":[{"href":"https:\/\/cabarplast.com\/de\/wp-json\/wp\/v2\/media?parent=3114"}],"curies":[{"name":"wp","href":"https:\/\/api.w.org\/{rel}","templated":true}]}}