{"id":3054,"date":"2024-03-04T21:15:18","date_gmt":"2024-03-04T21:15:18","guid":{"rendered":"https:\/\/cabarplast.com\/burad-za-splavove\/"},"modified":"2025-02-01T23:58:05","modified_gmt":"2025-02-01T23:58:05","slug":"kunststofffaesser-fuer-floesse","status":"publish","type":"page","link":"https:\/\/cabarplast.com\/de\/kunststofffaesser-fuer-floesse\/","title":{"rendered":"Kunststofff\u00e4sser f\u00fcr Fl\u00f6\u00dfe"},"content":{"rendered":"<div class=\"wpb-content-wrapper\"><p>[vc_row][vc_column width=&#8220;1\/2&#8243;]<style type=\"text\/css\" data-type=\"the7_shortcodes-inline-css\">.gallery-carousel-shortcode.gallery-carousel-shortcode-id-c096717b5f4585a3eb8632fb36e39625 .owl-nav a {\n  width: 30px;\n  height: 30px;\n  border-radius: 500px;\n}\n.dt-arrow-border-on.gallery-carousel-shortcode.gallery-carousel-shortcode-id-c096717b5f4585a3eb8632fb36e39625 .owl-nav a:not(:hover):before {\n  border-width: 0px;\n}\n.dt-arrow-hover-border-on.gallery-carousel-shortcode.gallery-carousel-shortcode-id-c096717b5f4585a3eb8632fb36e39625 .owl-nav a:hover:after {\n  border-width: 0px;\n}\n.gallery-carousel-shortcode.gallery-carousel-shortcode-id-c096717b5f4585a3eb8632fb36e39625 .owl-nav a.owl-prev {\n  top: calc(100% + 0px);\n  left: -43px;\n}\n.gallery-carousel-shortcode.gallery-carousel-shortcode-id-c096717b5f4585a3eb8632fb36e39625 .owl-nav a.owl-prev i {\n  padding: 0px 5px 0px 5px;\n}\n.gallery-carousel-shortcode.gallery-carousel-shortcode-id-c096717b5f4585a3eb8632fb36e39625 .owl-nav a.owl-next {\n  top: calc(100% + 0px);\n  right: -43px;\n}\n.gallery-carousel-shortcode.gallery-carousel-shortcode-id-c096717b5f4585a3eb8632fb36e39625 .owl-nav a.owl-next i {\n  padding: 0px 5px 0px 5px;\n}\n.gallery-carousel-shortcode.gallery-carousel-shortcode-id-c096717b5f4585a3eb8632fb36e39625 .owl-nav i {\n  font-size: 15px;\n}\n.gallery-carousel-shortcode.gallery-carousel-shortcode-id-c096717b5f4585a3eb8632fb36e39625 .owl-nav a:not(:hover) i,\n.gallery-carousel-shortcode.gallery-carousel-shortcode-id-c096717b5f4585a3eb8632fb36e39625 .owl-nav a:not(:hover) i:before {\n  color: #ffffff;\n  background: none;\n}\n.gallery-carousel-shortcode.gallery-carousel-shortcode-id-c096717b5f4585a3eb8632fb36e39625 .owl-nav a:hover i,\n.gallery-carousel-shortcode.gallery-carousel-shortcode-id-c096717b5f4585a3eb8632fb36e39625 .owl-nav a:hover i:before {\n  color: rgba(255,255,255,0.75);\n  background: none;\n}\n.gallery-carousel-shortcode.gallery-carousel-shortcode-id-c096717b5f4585a3eb8632fb36e39625 .owl-dots {\n  top: calc(100% + 20px);\n  left: 50%;\n  transform: translateX(calc(-50% + 0px));\n}\n@media all and (-ms-high-contrast: none) {\n  .gallery-carousel-shortcode.gallery-carousel-shortcode-id-c096717b5f4585a3eb8632fb36e39625 .owl-dots {\n    transform: translateX(-50%);\n    margin-left: 0px;\n  }\n}\n.gallery-carousel-shortcode.gallery-carousel-shortcode-id-c096717b5f4585a3eb8632fb36e39625 .owl-dot {\n  width: 10px;\n  height: 10px;\n  margin: 0 8px;\n}\n@media screen and (max-width: 778px) {\n  .gallery-carousel-shortcode.gallery-carousel-shortcode-id-c096717b5f4585a3eb8632fb36e39625.hide-arrows .owl-nav a {\n    display: none;\n  }\n}\n@media screen and (max-width: 778px) {\n  .gallery-carousel-shortcode.gallery-carousel-shortcode-id-c096717b5f4585a3eb8632fb36e39625.reposition-arrows .owl-nav .owl-prev {\n    top: calc(100% + 0px);\n    left: 10px;\n  }\n  .gallery-carousel-shortcode.gallery-carousel-shortcode-id-c096717b5f4585a3eb8632fb36e39625.reposition-arrows .owl-nav .owl-next {\n    top: calc(100% + 0px);\n    right: 10px;\n  }\n}\n.gallery-carousel-shortcode.gallery-carousel-shortcode-id-c096717b5f4585a3eb8632fb36e39625 figure,\n.gallery-carousel-shortcode.gallery-carousel-shortcode-id-c096717b5f4585a3eb8632fb36e39625 .rollover,\n.gallery-carousel-shortcode.gallery-carousel-shortcode-id-c096717b5f4585a3eb8632fb36e39625 img,\n.gallery-carousel-shortcode.gallery-carousel-shortcode-id-c096717b5f4585a3eb8632fb36e39625 .gallery-rollover {\n  border-radius: 0px;\n}\n.gallery-carousel-shortcode.gallery-carousel-shortcode-id-c096717b5f4585a3eb8632fb36e39625.enable-bg-rollover .gallery-rollover {\n  background: -webkit-linear-gradient();\n  background: linear-gradient();\n}\n.gallery-carousel-shortcode.gallery-carousel-shortcode-id-c096717b5f4585a3eb8632fb36e39625.enable-img-shadow .owl-stage-outer {\n  padding: 14px 0;\n}\n.gallery-carousel-shortcode.gallery-carousel-shortcode-id-c096717b5f4585a3eb8632fb36e39625.enable-bg-rollover.hover-scale figure .rollover:after {\n  background: -webkit-linear-gradient();\n  background: linear-gradient();\n}\n.gallery-carousel-shortcode.gallery-carousel-shortcode-id-c096717b5f4585a3eb8632fb36e39625.gallery-shortcode .gallery-zoom-ico {\n  width: 44px;\n  height: 44px;\n  line-height: 44px;\n  border-radius: 100px;\n  margin: -22px 0 0 -22px;\n  border-width: 0px;\n}\n.dt-icon-bg-on.gallery-carousel-shortcode.gallery-carousel-shortcode-id-c096717b5f4585a3eb8632fb36e39625.gallery-shortcode .gallery-zoom-ico {\n  background: rgba(255,255,255,0.3);\n  box-shadow: none;\n}\n.gallery-carousel-shortcode.gallery-carousel-shortcode-id-c096717b5f4585a3eb8632fb36e39625.gallery-shortcode .gallery-zoom-ico:before,\n.gallery-carousel-shortcode.gallery-carousel-shortcode-id-c096717b5f4585a3eb8632fb36e39625.gallery-shortcode .gallery-zoom-ico span {\n  font-size: 32px;\n  line-height: 44px;\n  color: #ffffff;\n  background: none;\n}\n<\/style><div class=\"owl-carousel gallery-carousel-shortcode gallery-shortcode  dt-gallery-container dt-owl-carousel-call gallery-carousel-shortcode-id-c096717b5f4585a3eb8632fb36e39625 quick-scale-img enable-bg-rollover meta-info-off dt-arrow-border-on dt-arrow-hover-border-on bullets-small-dot-stroke reposition-arrows dt-icon-bg-off arrows-bg-on disable-arrows-hover-bg arrows-hover-bg-on  vc_custom_1713170029261 hover-fade \" data-scroll-mode=\"1\" data-col-num=\"1\" data-wide-col-num=\"1\" data-laptop-col=\"1\" data-h-tablet-columns-num=\"1\" data-v-tablet-columns-num=\"1\" data-phone-columns-num=\"1\" data-col-gap=\"10\" data-stage-padding=\"0\" data-speed=\"600\" data-autoplay=\"false\" data-autoplay_speed=\"6000\" data-arrows=\"true\" data-bullet=\"false\" data-next-icon=\"icon-ar-017-r\" data-prev-icon=\"icon-ar-017-l\" data-img-shadow-size=\"12px\" data-img-shadow-spread=\"3px\"><div data-post-id=\"3055\" data-date=\"2024-03-14T11:31:02+00:00\" data-name=\"Plasti\u010dna Burad za splavove (1)\"><figure class=\"post\"><a href=\"https:\/\/cabarplast.com\/wp-content\/uploads\/2024\/03\/Plasticna-Burad-za-splavove-1.jpg\" class=\"rollover dt-pswp-item layzr-bg\" data-large_image_width=\"1080\" data-large_image_height=\"1080\" data-dt-img-description=\"\" title=\"Plasti\u010dna Burad za splavove (1)\"><img fetchpriority=\"high\" decoding=\"async\" class=\"preload-me owl-lazy-load aspect\" src=\"data:image\/svg+xml,%3Csvg%20xmlns%3D&#39;http%3A%2F%2Fwww.w3.org%2F2000%2Fsvg&#39;%20viewBox%3D&#39;0%200%201080%201080&#39;%2F%3E\" data-src=\"https:\/\/cabarplast.com\/wp-content\/uploads\/2024\/03\/Plasticna-Burad-za-splavove-1.jpg\" data-srcset=\"https:\/\/cabarplast.com\/wp-content\/uploads\/2024\/03\/Plasticna-Burad-za-splavove-1.jpg 1080w\" loading=\"eager\" style=\"--ratio: 1080 \/ 1080\" sizes=\"(max-width: 1080px) 100vw, 1080px\" alt=\"\" width=\"1080\" height=\"1080\"  \/><span class=\"gallery-rollover\"><span class=\"gallery-zoom-ico icomoon-the7-font-the7-zoom-06\"><span><\/span><\/span><\/span><\/a><\/figure><\/div><div data-post-id=\"3110\" data-date=\"2024-03-14T11:31:03+00:00\" data-name=\"Plasti\u010dna Burad za splavove (2)\"><figure class=\"post\"><a href=\"https:\/\/cabarplast.com\/wp-content\/uploads\/2024\/03\/Plasticna-Burad-za-splavove-2.jpg\" class=\"rollover dt-pswp-item layzr-bg\" data-large_image_width=\"1080\" data-large_image_height=\"1080\" data-dt-img-description=\"\" title=\"Plasti\u010dna Burad za splavove (2)\"><img decoding=\"async\" class=\"preload-me owl-lazy-load aspect\" src=\"data:image\/svg+xml,%3Csvg%20xmlns%3D&#39;http%3A%2F%2Fwww.w3.org%2F2000%2Fsvg&#39;%20viewBox%3D&#39;0%200%201080%201080&#39;%2F%3E\" data-src=\"https:\/\/cabarplast.com\/wp-content\/uploads\/2024\/03\/Plasticna-Burad-za-splavove-2.jpg\" data-srcset=\"https:\/\/cabarplast.com\/wp-content\/uploads\/2024\/03\/Plasticna-Burad-za-splavove-2.jpg 1080w\" loading=\"eager\" style=\"--ratio: 1080 \/ 1080\" sizes=\"(max-width: 1080px) 100vw, 1080px\" alt=\"\" width=\"1080\" height=\"1080\"  \/><span class=\"gallery-rollover\"><span class=\"gallery-zoom-ico icomoon-the7-font-the7-zoom-06\"><span><\/span><\/span><\/span><\/a><\/figure><\/div><div data-post-id=\"3111\" data-date=\"2024-03-14T11:31:04+00:00\" data-name=\"Plasti\u010dna Burad za splavove (3)\"><figure class=\"post\"><a href=\"https:\/\/cabarplast.com\/wp-content\/uploads\/2024\/03\/Plasticna-Burad-za-splavove-3.jpg\" class=\"rollover dt-pswp-item layzr-bg\" data-large_image_width=\"1080\" data-large_image_height=\"1080\" data-dt-img-description=\"\" title=\"Plasti\u010dna Burad za splavove (3)\"><img decoding=\"async\" class=\"preload-me owl-lazy-load aspect\" src=\"data:image\/svg+xml,%3Csvg%20xmlns%3D&#39;http%3A%2F%2Fwww.w3.org%2F2000%2Fsvg&#39;%20viewBox%3D&#39;0%200%201080%201080&#39;%2F%3E\" data-src=\"https:\/\/cabarplast.com\/wp-content\/uploads\/2024\/03\/Plasticna-Burad-za-splavove-3.jpg\" data-srcset=\"https:\/\/cabarplast.com\/wp-content\/uploads\/2024\/03\/Plasticna-Burad-za-splavove-3.jpg 1080w\" loading=\"eager\" style=\"--ratio: 1080 \/ 1080\" sizes=\"(max-width: 1080px) 100vw, 1080px\" alt=\"\" width=\"1080\" height=\"1080\"  \/><span class=\"gallery-rollover\"><span class=\"gallery-zoom-ico icomoon-the7-font-the7-zoom-06\"><span><\/span><\/span><\/span><\/a><\/figure><\/div><div data-post-id=\"3112\" data-date=\"2024-03-14T11:31:05+00:00\" data-name=\"Plasti\u010dna Burad za splavove (4)\"><figure class=\"post\"><a href=\"https:\/\/cabarplast.com\/wp-content\/uploads\/2024\/03\/Plasticna-Burad-za-splavove-4.jpg\" class=\"rollover dt-pswp-item layzr-bg\" data-large_image_width=\"1080\" data-large_image_height=\"1080\" data-dt-img-description=\"\" title=\"Plasti\u010dna Burad za splavove (4)\"><img decoding=\"async\" class=\"preload-me owl-lazy-load aspect\" src=\"data:image\/svg+xml,%3Csvg%20xmlns%3D&#39;http%3A%2F%2Fwww.w3.org%2F2000%2Fsvg&#39;%20viewBox%3D&#39;0%200%201080%201080&#39;%2F%3E\" data-src=\"https:\/\/cabarplast.com\/wp-content\/uploads\/2024\/03\/Plasticna-Burad-za-splavove-4.jpg\" data-srcset=\"https:\/\/cabarplast.com\/wp-content\/uploads\/2024\/03\/Plasticna-Burad-za-splavove-4.jpg 1080w\" loading=\"eager\" style=\"--ratio: 1080 \/ 1080\" sizes=\"(max-width: 1080px) 100vw, 1080px\" alt=\"\" width=\"1080\" height=\"1080\"  \/><span class=\"gallery-rollover\"><span class=\"gallery-zoom-ico icomoon-the7-font-the7-zoom-06\"><span><\/span><\/span><\/span><\/a><\/figure><\/div><\/div>[\/vc_column][vc_column width=&#8220;1\/2&#8243; css=&#8220;.vc_custom_1709647368309{border-left-width: 1px !important;padding-right: 30px !important;padding-left: 30px !important;border-left-color: #0e415f !important;border-left-style: solid !important;}&#8220;][vc_column_text css=&#8220;&#8220;]<\/p>\n<h1>Kunststofff\u00e4sser <strong>f\u00fcr Fl\u00f6\u00dfe<\/strong><\/h1>\n<p>&nbsp;<\/p>\n<p>Die Kunststofff\u00e4sser von \u010cabar Plast f\u00fcr Fl\u00f6\u00dfe bieten eine moderne und umweltfreundliche Alternative zu herk\u00f6mmlichen Metallf\u00e4ssern.<\/p>\n<p>Diese F\u00e4sser wurden speziell f\u00fcr den Einsatz in schwimmenden Konstruktionen entwickelt und werden unter dem Bauwerk platziert, um Auftrieb und Stabilit\u00e4t zu gew\u00e4hrleisten.<br \/>\n[\/vc_column_text][vc_empty_space height=&#8220;20&#8243;]<a href=\"https:\/\/cabarplast.com\/de\/kontaktinformationen-cabar-plast\/\" class=\"btn-shortcode dt-btn-m dt-btn default-btn-color default-btn-hover-color default-btn-bg-color default-btn-bg-hover-color\" id=\"dt-btn-1\"><span>Kontaktieren Sie uns<\/span><\/a>[\/vc_column][\/vc_row][vc_row][vc_column][vc_empty_space height=&#8220;50&#8243;][\/vc_column][\/vc_row][vc_row][vc_column][vc_column_text css=&#8220;.vc_custom_1738315246463{padding-right: 30px !important;padding-left: 30px !important;}&#8220;]<\/p>\n<h2>Vorteile von Kunststofff\u00e4ssern gegen\u00fcber Metall:<\/h2>\n<ul>\n<li>Es ist keine zus\u00e4tzliche Wartung erforderlich, wodurch das Lackieren oder Beschichten entf\u00e4llt.<\/li>\n<li>Erh\u00e4ltlich in Standardabmessungen \u00e4hnlich wie Metallf\u00e4sser (\u00d8 600 x 900 mm), k\u00f6nnen aber auch in verschiedenen Gr\u00f6\u00dfen und Farben an spezifische Bed\u00fcrfnisse und Vorlieben angepasst werden.<\/li>\n<\/ul>\n<p>[\/vc_column_text][vc_empty_space height=&#8220;50&#8243;][\/vc_column][\/vc_row][vc_row full_width=&#8220;stretch_row_content_no_spaces&#8220;][vc_column][vc_column_text]<img loading=\"lazy\" decoding=\"async\" class=\"aligncenter wp-image-232 size-full\" src=\"https:\/\/cabarplast.com\/wp-content\/uploads\/2024\/03\/footer-4.png\" alt=\"\" width=\"1919\" height=\"50\" srcset=\"https:\/\/cabarplast.com\/wp-content\/uploads\/2024\/03\/footer-4.png 1919w, https:\/\/cabarplast.com\/wp-content\/uploads\/2024\/03\/footer-4-300x8.png 300w, https:\/\/cabarplast.com\/wp-content\/uploads\/2024\/03\/footer-4-1024x27.png 1024w, https:\/\/cabarplast.com\/wp-content\/uploads\/2024\/03\/footer-4-768x20.png 768w, https:\/\/cabarplast.com\/wp-content\/uploads\/2024\/03\/footer-4-1536x40.png 1536w\" sizes=\"auto, (max-width: 1919px) 100vw, 1919px\" \/>[\/vc_column_text][\/vc_column][\/vc_row][vc_row full_width=&#8220;stretch_row&#8220; css=&#8220;.vc_custom_1709643894007{background-color: #0e415f !important;}&#8220;][vc_column][vc_column_text css=&#8220;.vc_custom_1738315283670{padding-right: 30px !important;padding-left: 30px !important;}&#8220;]<\/p>\n<h2><span style=\"color: #fcb426;\">Kunststofff\u00e4sser sind ideal f\u00fcr eine Vielzahl von Anwendungen, darunter:<\/span><\/h2>\n<ul>\n<li><span style=\"color: #ffffff;\">Fundamente f\u00fcr Fl\u00f6\u00dfe und Wasserh\u00e4user.<\/span><\/li>\n<li><span style=\"color: #ffffff;\">Sichere Docks und Liegepl\u00e4tze f\u00fcr Schiffe.<\/span><\/li>\n<li><span style=\"color: #ffffff;\">Plattformen zum Schwimmen, Sonnenbaden und f\u00fcr Fluss\u00fcberquerungen.<\/span><\/li>\n<li><span style=\"color: #ffffff;\">Fischzucht als Pontons und K\u00e4fige.<\/span><\/li>\n<li><span style=\"color: #ffffff;\">Strukturelemente f\u00fcr Katamarane und Trimarane.<\/span><\/li>\n<li><span style=\"color: #ffffff;\">Barrieren zum Sammeln von schwimmendem und Unterwasserm\u00fcll.<\/span><\/li>\n<\/ul>\n<p>[\/vc_column_text][vc_empty_space height=&#8220;30&#8243;][\/vc_column][\/vc_row][vc_row][vc_column][vc_column_text css=&#8220;.vc_custom_1738315313830{padding-top: 30px !important;padding-right: 30px !important;padding-bottom: 30px !important;padding-left: 30px !important;background-color: #efefef !important;border-radius: 15px !important;}&#8220;]<\/p>\n<h3>Hauptmerkmale:<\/h3>\n<ul>\n<li>Hergestellt aus Polyethylen hoher Dichte (HDPE), was Zugfestigkeit und Widerstandsf\u00e4higkeit gegen das Eindringen von Wasser, Frost, Salzwasser und extreme Temperaturen gew\u00e4hrleistet.<\/li>\n<li>Wasserdicht und langlebig, mit nur 5 % Eigenschaftsverlust nach 50 Jahren.<\/li>\n<li>UV-best\u00e4ndig und h\u00e4lt extremen Temperaturen von -30 \u00b0C bis +80 \u00b0C stand.<\/li>\n<li>Umweltfreundlich, stellt im Vergleich zu korrodierenden Metallf\u00e4ssern keine Umweltgefahr dar.<\/li>\n<li>Einfach zu installieren und zu transportieren, mit Schlagfestigkeit und erheblicher Tragf\u00e4higkeit.<\/li>\n<\/ul>\n<p>[\/vc_column_text][vc_empty_space][\/vc_column][\/vc_row][vc_row][vc_column][vc_column_text css=&#8220;.vc_custom_1738315344490{padding-top: 30px !important;padding-right: 30px !important;padding-bottom: 30px !important;padding-left: 30px !important;background-color: #0e415f !important;border-radius: 15px !important;}&#8220;]<\/p>\n<h2><span style=\"color: #fcb426;\">Abmessungen und Tragf\u00e4higkeit:<\/span><\/h2>\n<p><span style=\"color: #ffffff;\">\u010cabar Plast bietet F\u00e4sser in verschiedenen Standarddurchmessern an, um unterschiedlichen Anforderungen gerecht zu werden, darunter \u00d8 500 mm, \u00d8 600 mm, \u00d8 800 mm, \u00d8 1000 mm, \u00d8 1200 mm, \u00d8 1300 mm und \u00d8 1600 mm, wobei auch Sonderanfertigungen m\u00f6glich sind. Jede Gr\u00f6\u00dfe ist so konzipiert, dass sie erhebliche Gewichte tragen kann, was die Sicherheit und Stabilit\u00e4t Ihrer schwimmenden Strukturen gew\u00e4hrleistet.<br \/>\n<\/span>[\/vc_column_text][vc_empty_space][\/vc_column][\/vc_row][vc_row][vc_column][vc_column_text css=&#8220;.vc_custom_1738315368536{padding-top: 30px !important;padding-right: 30px !important;padding-bottom: 30px !important;padding-left: 30px !important;background-color: #efefef !important;border-radius: 15px !important;}&#8220;]<\/p>\n<h2>Anpassung und Farboptionen von Kunststofff\u00e4ssern<\/h2>\n<p>W\u00e4hrend Schwarz aufgrund der gro\u00dfen Nachfrage die h\u00e4ufigste Farbe ist, sind \u010cabar Plast-F\u00e4sser in einer Reihe von Farben erh\u00e4ltlich, darunter Blau, Gelb und Grau, sodass sie an Ihre spezifischen Bed\u00fcrfnisse und das \u00e4sthetische Erscheinungsbild Ihres Projekts angepasst werden k\u00f6nnen.<br \/>\n[\/vc_column_text][vc_empty_space][\/vc_column][\/vc_row][vc_row][vc_column][vc_column_text css=&#8220;.vc_custom_1738315389968{padding-right: 30px !important;padding-left: 30px !important;}&#8220;]<\/p>\n<h2>Berechnung der Tragf\u00e4higkeit von Kunststofff\u00e4ssern<\/h2>\n<p>Die Tragf\u00e4higkeit h\u00e4ngt von der Fassgr\u00f6\u00dfe und der Konstruktion des schwimmenden Objekts ab. So tragen F\u00e4sser mit einem Innendurchmesser von 60 cm beispielsweise 140 kg pro laufendem Meter, w\u00e4hrend solche mit einem Durchmesser von 80 cm 230 kg pro Meter tragen, sodass Ihr Flo\u00df oder Ihre schwimmende Konstruktion auch bei maximaler Belastung schwimmf\u00e4hig bleibt.<\/p>\n<p>Die Kunststofff\u00e4sser f\u00fcr Fl\u00f6\u00dfe von \u010cabar Plast sind eine innovative L\u00f6sung f\u00fcr den Bau langlebiger, wartungsfreier und umweltfreundlicher schwimmender Strukturen. Ihre Vielseitigkeit, kombiniert mit dem Engagement f\u00fcr Qualit\u00e4t und Nachhaltigkeit, macht sie zur idealen Wahl f\u00fcr eine Vielzahl von Anwendungen im Wasser.<br \/>\n[\/vc_column_text][vc_empty_space][\/vc_column][\/vc_row][vc_row full_width=&#8220;stretch_row_content_no_spaces&#8220;][vc_column][vc_column_text]<img loading=\"lazy\" decoding=\"async\" class=\"aligncenter wp-image-232 size-full\" src=\"https:\/\/cabarplast.com\/wp-content\/uploads\/2024\/03\/footer-4.png\" alt=\"\" width=\"1919\" height=\"50\" srcset=\"https:\/\/cabarplast.com\/wp-content\/uploads\/2024\/03\/footer-4.png 1919w, https:\/\/cabarplast.com\/wp-content\/uploads\/2024\/03\/footer-4-300x8.png 300w, https:\/\/cabarplast.com\/wp-content\/uploads\/2024\/03\/footer-4-1024x27.png 1024w, https:\/\/cabarplast.com\/wp-content\/uploads\/2024\/03\/footer-4-768x20.png 768w, https:\/\/cabarplast.com\/wp-content\/uploads\/2024\/03\/footer-4-1536x40.png 1536w\" sizes=\"auto, (max-width: 1919px) 100vw, 1919px\" \/>[\/vc_column_text][\/vc_column][\/vc_row]<\/p>\n<\/div>","protected":false},"excerpt":{"rendered":"<p>[vc_row][vc_column width=&#8220;1\/2&#8243;][\/vc_column][vc_column width=&#8220;1\/2&#8243; css=&#8220;.vc_custom_1709647368309{border-left-width: 1px !important;padding-right: 30px !important;padding-left: 30px !important;border-left-color: #0e415f !important;border-left-style: solid !important;}&#8220;][vc_column_text css=&#8220;&#8220;] Kunststofff\u00e4sser f\u00fcr Fl\u00f6\u00dfe &nbsp; Die Kunststofff\u00e4sser von \u010cabar Plast f\u00fcr Fl\u00f6\u00dfe bieten eine moderne und umweltfreundliche Alternative zu herk\u00f6mmlichen Metallf\u00e4ssern. Diese F\u00e4sser wurden speziell f\u00fcr den Einsatz in schwimmenden Konstruktionen entwickelt und werden unter dem Bauwerk platziert, um Auftrieb und&hellip;<\/p>\n","protected":false},"author":1,"featured_media":0,"parent":0,"menu_order":0,"comment_status":"closed","ping_status":"closed","template":"","meta":{"footnotes":""},"class_list":["post-3054","page","type-page","status-publish","hentry","description-off"],"_links":{"self":[{"href":"https:\/\/cabarplast.com\/de\/wp-json\/wp\/v2\/pages\/3054","targetHints":{"allow":["GET"]}}],"collection":[{"href":"https:\/\/cabarplast.com\/de\/wp-json\/wp\/v2\/pages"}],"about":[{"href":"https:\/\/cabarplast.com\/de\/wp-json\/wp\/v2\/types\/page"}],"author":[{"embeddable":true,"href":"https:\/\/cabarplast.com\/de\/wp-json\/wp\/v2\/users\/1"}],"replies":[{"embeddable":true,"href":"https:\/\/cabarplast.com\/de\/wp-json\/wp\/v2\/comments?post=3054"}],"version-history":[{"count":3,"href":"https:\/\/cabarplast.com\/de\/wp-json\/wp\/v2\/pages\/3054\/revisions"}],"predecessor-version":[{"id":3058,"href":"https:\/\/cabarplast.com\/de\/wp-json\/wp\/v2\/pages\/3054\/revisions\/3058"}],"wp:attachment":[{"href":"https:\/\/cabarplast.com\/de\/wp-json\/wp\/v2\/media?parent=3054"}],"curies":[{"name":"wp","href":"https:\/\/api.w.org\/{rel}","templated":true}]}}