{"id":3045,"date":"2024-03-04T21:28:44","date_gmt":"2024-03-04T21:28:44","guid":{"rendered":"https:\/\/cabarplast.com\/o-nama\/"},"modified":"2025-01-31T09:16:09","modified_gmt":"2025-01-31T09:16:09","slug":"ueber-uns-cabar-plast","status":"publish","type":"page","link":"https:\/\/cabarplast.com\/de\/ueber-uns-cabar-plast\/","title":{"rendered":"\u00dcber uns"},"content":{"rendered":"<div class=\"wpb-content-wrapper\"><p>[vc_row][vc_column width=&#8220;1\/2&#8243;][vc_column_text css=&#8220;.vc_custom_1738314847319{padding-top: 40px !important;padding-right: 20px !important;padding-bottom: 20px !important;}&#8220;]<\/p>\n<h1><strong>\u00dcber uns<\/strong> &#8211; \u010cABAR PLAST<\/h1>\n<p><strong>Ein Synonym f\u00fcr Innovation und Qualit\u00e4t in der Kunststoffindustrie<\/strong><br \/>\n<img loading=\"lazy\" decoding=\"async\" class=\"alignnone wp-image-961 size-full\" src=\"https:\/\/cabarplast.com\/wp-content\/uploads\/2024\/04\/linija-1.jpg\" alt=\"\" width=\"121\" height=\"7\" \/><\/p>\n<p>&nbsp;<\/p>\n<p>Mit mehr als einem Jahrzehnt erfolgreicher T\u00e4tigkeit zeichnet sich \u010cABAR PLAST als ein modernes Familienunternehmen aus, das 2013 in der kleinen Stadt Plu\u0161ac im Herzen von Ose\u010dina gegr\u00fcndet wurde. Von seinen bescheidenen Anf\u00e4ngen hat das Unternehmen bedeutende Fortschritte in Perfektion und Innovation in der Welt der Kunststoffprodukte gemacht und ist zu einem f\u00fchrenden Unternehmen in seinem Bereich geworden.<\/p>\n<p>\u010cABAR PLAST ist spezialisiert auf die Modellierung und Herstellung eines breiten Spektrums von Kunststoffprodukten unter Verwendung hochwertiger Materialien wie Polyethylen und Polypropylen.<br \/>\n[\/vc_column_text][\/vc_column][vc_column width=&#8220;1\/2&#8243;][vc_column_text css=&#8220;.vc_custom_1713169933426{padding-top: 40px !important;}&#8220;]<img loading=\"lazy\" decoding=\"async\" class=\"aligncenter wp-image-963 size-full\" src=\"https:\/\/cabarplast.com\/wp-content\/uploads\/2024\/04\/O-nama-\u2013-CABAR-PLAST-1.jpg\" alt=\"\" width=\"800\" height=\"600\" srcset=\"https:\/\/cabarplast.com\/wp-content\/uploads\/2024\/04\/O-nama-\u2013-CABAR-PLAST-1.jpg 800w, https:\/\/cabarplast.com\/wp-content\/uploads\/2024\/04\/O-nama-\u2013-CABAR-PLAST-1-300x225.jpg 300w, https:\/\/cabarplast.com\/wp-content\/uploads\/2024\/04\/O-nama-\u2013-CABAR-PLAST-1-768x576.jpg 768w\" sizes=\"auto, (max-width: 800px) 100vw, 800px\" \/>[\/vc_column_text][\/vc_column][\/vc_row][vc_row][vc_column][vc_empty_space]<div class=\"smile_icon_list_wrap ult_info_list_container ult-adjust-bottom-margin  \"><ul class=\"smile_icon_list left square with_bg\"><li class=\"icon_list_item\" style=\" font-size:102px;\"><div class=\"icon_list_icon\" data-animation=\"\" data-animation-delay=\"03\" style=\"font-size:34px;border-width:1px;border-style:none;background:#ffffff;color:#fcb426;border-color:#333333;\"><i class=\"icomoon-the7-font-the7-arrow-21\" ><\/i><\/div><div class=\"icon_description\" id=\"Info-list-wrap-5377\" style=\"font-size:34px;\"><div class=\"icon_description_text ult-responsive\"  data-ultimate-target='#Info-list-wrap-5377 .icon_description_text'  data-responsive-json-new='{\"font-size\":\"desktop:20px;\",\"line-height\":\"desktop:25px;\"}'  style=\"\"><p>Dank fortschrittlicher Spiralextrusionstechnologie umfasst unser Sortiment Kunststofftanks, F\u00e4sser, Abwasserrohre, Schachtdeckel und Wasserz\u00e4hler, die alle auf die vielf\u00e4ltigen Bed\u00fcrfnisse unserer Kunden zugeschnitten sind.<\/p>\n<\/div><\/div><div class=\"icon_list_connector\"  style=\"border-right-width: 1px;border-right-style: dashed;border-color: #83ad0a;\"><\/div><\/li><li class=\"icon_list_item\" style=\" font-size:102px;\"><div class=\"icon_list_icon\" data-animation=\"\" data-animation-delay=\"03\" style=\"font-size:34px;border-width:1px;border-style:none;background:#ffffff;color:#fcb426;border-color:#333333;\"><i class=\"icomoon-the7-font-the7-arrow-21\" ><\/i><\/div><div class=\"icon_description\" id=\"Info-list-wrap-2598\" style=\"font-size:34px;\"><div class=\"icon_description_text ult-responsive\"  data-ultimate-target='#Info-list-wrap-2598 .icon_description_text'  data-responsive-json-new='{\"font-size\":\"desktop:20px;\",\"line-height\":\"desktop:25px;\"}'  style=\"\"><p>In einer Welt, in der Kunststoff aufgrund seiner Vielseitigkeit und Praktikabilit\u00e4t vorherrscht, hat \u010cABAR PLAST die Notwendigkeit erkannt, Materialien zu produzieren, die nicht nur funktional, sondern auch sicher f\u00fcr die menschliche Gesundheit und die Umwelt sind. Polyethylen und Polypropylen, unsere bevorzugten Materialien, werden aufgrund ihrer Inertheit, Sicherheit und Langlebigkeit ausgew\u00e4hlt, was unsere Produkte zur idealen Wahl f\u00fcr eine Vielzahl von Anwendungen macht.<\/p>\n<\/div><\/div><div class=\"icon_list_connector\"  style=\"border-right-width: 1px;border-right-style: dashed;border-color: #83ad0a;\"><\/div><\/li><li class=\"icon_list_item\" style=\" font-size:102px;\"><div class=\"icon_list_icon\" data-animation=\"\" data-animation-delay=\"03\" style=\"font-size:34px;border-width:1px;border-style:none;background:#ffffff;color:#fcb426;border-color:#333333;\"><i class=\"icomoon-the7-font-the7-arrow-21\" ><\/i><\/div><div class=\"icon_description\" id=\"Info-list-wrap-1756\" style=\"font-size:34px;\"><div class=\"icon_description_text ult-responsive\"  data-ultimate-target='#Info-list-wrap-1756 .icon_description_text'  data-responsive-json-new='{\"font-size\":\"desktop:20px;\",\"line-height\":\"desktop:25px;\"}'  style=\"\"><p>Unser Engagement f\u00fcr Qualit\u00e4t, Innovation und Kundenzufriedenheit hebt \u010cABAR PLAST von der Konkurrenz ab. Die von uns verwendeten Rohstoffe werden streng ausgew\u00e4hlt, sind original und sicher und zertifiziert, um den h\u00f6chsten Qualit\u00e4tsstandard unserer Produkte zu gew\u00e4hrleisten. Unser Expertenteam ist st\u00e4ndig bestrebt, unsere Produktionsprozesse zu verfeinern und zu innovieren, um ein hohes Ma\u00df an Effizienz und Zufriedenheit bei unseren Kunden zu gew\u00e4hrleisten.<\/p>\n<\/div><\/div><div class=\"icon_list_connector\"  style=\"border-right-width: 1px;border-right-style: dashed;border-color: #83ad0a;\"><\/div><\/li><li class=\"icon_list_item\" style=\" font-size:102px;\"><div class=\"icon_list_icon\" data-animation=\"\" data-animation-delay=\"03\" style=\"font-size:34px;border-width:1px;border-style:none;background:#ffffff;color:#fcb426;border-color:#333333;\"><i class=\"icomoon-the7-font-the7-arrow-21\" ><\/i><\/div><div class=\"icon_description\" id=\"Info-list-wrap-6497\" style=\"font-size:34px;\"><div class=\"icon_description_text ult-responsive\"  data-ultimate-target='#Info-list-wrap-6497 .icon_description_text'  data-responsive-json-new='{\"font-size\":\"desktop:20px;\",\"line-height\":\"desktop:25px;\"}'  style=\"\"><p>Im Laufe der Jahre hat \u010cABAR PLAST seine Gesch\u00e4ftst\u00e4tigkeit kontinuierlich ausgebaut, nicht nur in Bezug auf die Produktionskapazit\u00e4t, sondern auch durch Investitionen in Modernisierung, Technik und wissenschaftliche Forschung. Dadurch sind wir in der Lage, mit den neuesten Trends und Marktanforderungen Schritt zu halten und unseren Kunden Produkte anzubieten, die den heutigen Standards und Bed\u00fcrfnissen entsprechen.<\/p>\n<\/div><\/div><div class=\"icon_list_connector\"  style=\"border-right-width: 1px;border-right-style: dashed;border-color: #83ad0a;\"><\/div><\/li><li class=\"icon_list_item\" style=\" font-size:102px;\"><div class=\"icon_list_icon\" data-animation=\"\" data-animation-delay=\"03\" style=\"font-size:34px;border-width:1px;border-style:none;background:#ffffff;color:#fcb426;border-color:#333333;\"><i class=\"icomoon-the7-font-the7-arrow-21\" ><\/i><\/div><div class=\"icon_description\" id=\"Info-list-wrap-6597\" style=\"font-size:34px;\"><div class=\"icon_description_text ult-responsive\"  data-ultimate-target='#Info-list-wrap-6597 .icon_description_text'  data-responsive-json-new='{\"font-size\":\"desktop:20px;\",\"line-height\":\"desktop:25px;\"}'  style=\"\"><p>Unsere Mission ist es, auf die Anfragen unserer Kunden in k\u00fcrzester Zeit zu reagieren und dabei bew\u00e4hrte Qualit\u00e4t zu wettbewerbsf\u00e4higen Preisen anzubieten. Unser Team ist jederzeit bereit, fachkundige Beratung und Unterst\u00fctzung zu leisten, um sicherzustellen, dass jeder Kunde die ideale L\u00f6sung f\u00fcr seine Bed\u00fcrfnisse findet.<\/p>\n<\/div><\/div><div class=\"icon_list_connector\"  style=\"border-right-width: 1px;border-right-style: dashed;border-color: #83ad0a;\"><\/div><\/li><\/ul><\/div>[vc_empty_space][\/vc_column][\/vc_row][vc_row][vc_column][vc_column_text css=&#8220;.vc_custom_1738314942043{padding-top: 30px !important;padding-right: 30px !important;padding-bottom: 30px !important;padding-left: 30px !important;background-color: #0e415f !important;border-radius: 15px !important;}&#8220;]<span style=\"color: #ffffff;\">Besuchen Sie \u010cABAR PLAST und entdecken Sie, warum wir zu einem Synonym f\u00fcr Zuverl\u00e4ssigkeit, Innovation und Qualit\u00e4t in der Kunststoffindustrie geworden sind. W\u00e4hlen Sie uns als Ihren Partner und lassen Sie uns gemeinsam eine erfolgreiche Zukunft gestalten.<\/span>[\/vc_column_text][vc_empty_space][\/vc_column][\/vc_row][vc_row full_width=&#8220;stretch_row_content_no_spaces&#8220;][vc_column][vc_column_text]<img loading=\"lazy\" decoding=\"async\" class=\"aligncenter wp-image-232 size-full\" src=\"https:\/\/cabarplast.com\/wp-content\/uploads\/2024\/03\/footer-4.png\" alt=\"\" width=\"1919\" height=\"50\" srcset=\"https:\/\/cabarplast.com\/wp-content\/uploads\/2024\/03\/footer-4.png 1919w, https:\/\/cabarplast.com\/wp-content\/uploads\/2024\/03\/footer-4-300x8.png 300w, https:\/\/cabarplast.com\/wp-content\/uploads\/2024\/03\/footer-4-1024x27.png 1024w, https:\/\/cabarplast.com\/wp-content\/uploads\/2024\/03\/footer-4-768x20.png 768w, https:\/\/cabarplast.com\/wp-content\/uploads\/2024\/03\/footer-4-1536x40.png 1536w\" sizes=\"auto, (max-width: 1919px) 100vw, 1919px\" \/>[\/vc_column_text][\/vc_column][\/vc_row]<\/p>\n<\/div>","protected":false},"excerpt":{"rendered":"<p>[vc_row][vc_column width=&#8220;1\/2&#8243;][vc_column_text css=&#8220;.vc_custom_1738314847319{padding-top: 40px !important;padding-right: 20px !important;padding-bottom: 20px !important;}&#8220;] \u00dcber uns &#8211; \u010cABAR PLAST Ein Synonym f\u00fcr Innovation und Qualit\u00e4t in der Kunststoffindustrie &nbsp; Mit mehr als einem Jahrzehnt erfolgreicher T\u00e4tigkeit zeichnet sich \u010cABAR PLAST als ein modernes Familienunternehmen aus, das 2013 in der kleinen Stadt Plu\u0161ac im Herzen von Ose\u010dina gegr\u00fcndet wurde. Von seinen&hellip;<\/p>\n","protected":false},"author":1,"featured_media":0,"parent":0,"menu_order":0,"comment_status":"closed","ping_status":"closed","template":"","meta":{"footnotes":""},"class_list":["post-3045","page","type-page","status-publish","hentry","description-off"],"_links":{"self":[{"href":"https:\/\/cabarplast.com\/de\/wp-json\/wp\/v2\/pages\/3045","targetHints":{"allow":["GET"]}}],"collection":[{"href":"https:\/\/cabarplast.com\/de\/wp-json\/wp\/v2\/pages"}],"about":[{"href":"https:\/\/cabarplast.com\/de\/wp-json\/wp\/v2\/types\/page"}],"author":[{"embeddable":true,"href":"https:\/\/cabarplast.com\/de\/wp-json\/wp\/v2\/users\/1"}],"replies":[{"embeddable":true,"href":"https:\/\/cabarplast.com\/de\/wp-json\/wp\/v2\/comments?post=3045"}],"version-history":[{"count":4,"href":"https:\/\/cabarplast.com\/de\/wp-json\/wp\/v2\/pages\/3045\/revisions"}],"predecessor-version":[{"id":3051,"href":"https:\/\/cabarplast.com\/de\/wp-json\/wp\/v2\/pages\/3045\/revisions\/3051"}],"wp:attachment":[{"href":"https:\/\/cabarplast.com\/de\/wp-json\/wp\/v2\/media?parent=3045"}],"curies":[{"name":"wp","href":"https:\/\/api.w.org\/{rel}","templated":true}]}}